{"id":12214,"date":"2025-05-08T08:17:15","date_gmt":"2025-05-08T08:17:15","guid":{"rendered":"https:\/\/toprisesafety.com\/?post_type=product&#038;p=12214"},"modified":"2025-05-08T08:17:15","modified_gmt":"2025-05-08T08:17:15","slug":"outdoor-snow-safety-fence","status":"publish","type":"product","link":"https:\/\/toprisesafety.com\/fr\/produit\/outdoor-snow-safety-fence\/","title":{"rendered":"Barri\u00e8re de s\u00e9curit\u00e9 contre la neige en ext\u00e9rieur"},"content":{"rendered":"<h2>Barri\u00e8re de s\u00e9curit\u00e9 contre la neige en ext\u00e9rieur<\/h2>\n<ul>\n<li>Forte durabilit\u00e9 : Les cl\u00f4tures en plastique LDPE sont tr\u00e8s r\u00e9sistantes et ont une longue dur\u00e9e de vie.<\/li>\n<li>Anti-corrosion : Adaptable \u00e0 divers environnements, tr\u00e8s r\u00e9sistant \u00e0 la corrosion et peu sensible aux produits chimiques.<\/li>\n<li>Pas de tendance au vieillissement : M\u00eame expos\u00e9 \u00e0 la lumi\u00e8re du soleil, il ne vieillit pas rapidement apr\u00e8s une utilisation prolong\u00e9e.<\/li>\n<li>Bonne flexibilit\u00e9 : Il peut \u00eatre pli\u00e9 sans se casser, ce qui est pratique pour l'installation.<\/li>\n<li>L\u00e9ger et portable : L\u00e9ger, il est facile \u00e0 d\u00e9placer, \u00e0 installer et \u00e0 ranger.<\/li>\n<li>Installation facile : Aucun outil professionnel n'est n\u00e9cessaire, ce qui permet un montage et un d\u00e9montage rapides.<\/li>\n<li>Large adaptabilit\u00e9 : Convient pour l'isolation et la protection temporaires sur les chantiers de construction, les routes, les expositions, etc.<\/li>\n<li>Forte r\u00e9sistance aux intemp\u00e9ries : Il peut s'adapter aux exigences d'utilisation dans diff\u00e9rentes conditions climatiques.<\/li>\n<li>Am\u00e9liorer la s\u00e9curit\u00e9 : Emp\u00eacher efficacement le personnel de p\u00e9n\u00e9trer dans les zones dangereuses et am\u00e9liorer la gestion de la s\u00e9curit\u00e9.<\/li>\n<\/ul>\n<table>\n<tbody>\n<tr>\n<td width=\"284\">ART NO.<\/td>\n<td width=\"284\">SF45<\/td>\n<\/tr>\n<tr>\n<td width=\"284\">Mat\u00e9riau<\/td>\n<td width=\"284\">LDPE<\/td>\n<\/tr>\n<tr>\n<td width=\"284\">Couleur<\/td>\n<td width=\"284\">Orange, rouge, vert, noir ou personnalis\u00e9.<\/td>\n<\/tr>\n<tr>\n<td width=\"284\">Taille du trou<\/td>\n<td width=\"284\">130*30mm. Autres dimensions 45*45MM, 65*35MM ,100*40MM au choix.<\/td>\n<\/tr>\n<tr>\n<td width=\"284\">Poids<\/td>\n<td width=\"284\">130g ou sur mesure<\/td>\n<\/tr>\n<tr>\n<td width=\"284\">Largeur<\/td>\n<td width=\"284\">1m ou 1,2 m au choix<\/td>\n<\/tr>\n<tr>\n<td width=\"284\">Longueur<\/td>\n<td width=\"284\">30 m ou 50 m par rouleau ou sur mesure<\/td>\n<\/tr>\n<tr>\n<td width=\"284\">Emballage<\/td>\n<td width=\"284\">Chaque rouleau est emball\u00e9 dans un polybag transparent<\/td>\n<\/tr>\n<tr>\n<td width=\"284\">Logo<\/td>\n<td width=\"284\">Papier de couleur, autocollant ou personnalis\u00e9<\/td>\n<\/tr>\n<\/tbody>\n<\/table>","protected":false},"excerpt":{"rendered":"<p>Taille du trou : 130*30 MM<\/p>\n<p>Largeur : 1M ou 1.2 M<\/p>\n<p>Longueur : 30 M\/ROLL ou 50 M\/ROLL.<\/p>\n<p>Taille : Sur mesure<\/p>\n<p>Poids : 50 g ou personnalis\u00e9<\/p>\n<p>Couleur : Orange<\/p>\n<p>MOQ : 500 ROULEAUX<\/p>","protected":false},"featured_media":12216,"template":"","meta":{"_acf_changed":false},"product_brand":[],"product_cat":[325,334],"product_tag":[],"class_list":{"0":"post-12214","1":"product","2":"type-product","3":"status-publish","4":"has-post-thumbnail","6":"product_cat-road-safety-products","7":"product_cat-safety-fence","9":"first","10":"instock","11":"shipping-taxable","12":"product-type-simple"},"acf":[],"_links":{"self":[{"href":"https:\/\/toprisesafety.com\/fr\/wp-json\/wp\/v2\/product\/12214"}],"collection":[{"href":"https:\/\/toprisesafety.com\/fr\/wp-json\/wp\/v2\/product"}],"about":[{"href":"https:\/\/toprisesafety.com\/fr\/wp-json\/wp\/v2\/types\/product"}],"wp:featuredmedia":[{"embeddable":true,"href":"https:\/\/toprisesafety.com\/fr\/wp-json\/wp\/v2\/media\/12216"}],"wp:attachment":[{"href":"https:\/\/toprisesafety.com\/fr\/wp-json\/wp\/v2\/media?parent=12214"}],"wp:term":[{"taxonomy":"product_brand","embeddable":true,"href":"https:\/\/toprisesafety.com\/fr\/wp-json\/wp\/v2\/product_brand?post=12214"},{"taxonomy":"product_cat","embeddable":true,"href":"https:\/\/toprisesafety.com\/fr\/wp-json\/wp\/v2\/product_cat?post=12214"},{"taxonomy":"product_tag","embeddable":true,"href":"https:\/\/toprisesafety.com\/fr\/wp-json\/wp\/v2\/product_tag?post=12214"}],"curies":[{"name":"wp","href":"https:\/\/api.w.org\/{rel}","templated":true}]}}