{"id":12181,"date":"2025-05-07T08:18:18","date_gmt":"2025-05-07T08:18:18","guid":{"rendered":"https:\/\/toprisesafety.com\/?post_type=product&#038;p=12181"},"modified":"2025-05-07T08:18:18","modified_gmt":"2025-05-07T08:18:18","slug":"custom-warning-tape","status":"publish","type":"product","link":"https:\/\/toprisesafety.com\/fr\/produit\/custom-warning-tape\/","title":{"rendered":"Ruban d'avertissement personnalis\u00e9"},"content":{"rendered":"<h2>Ruban d'avertissement personnalis\u00e9<\/h2>\n<p>Les avantages du ruban d'avertissement personnalis\u00e9 sont les suivants :<\/p>\n<ul>\n<li>Conception \u00e0 haute visibilit\u00e9 : Les couleurs et les motifs accrocheurs assurent une communication claire des informations d'avertissement et r\u00e9duisent la fr\u00e9quence des accidents.<\/li>\n<li>Options de personnalisation : Permet l'impression du LOGO et la personnalisation de la taille pour r\u00e9pondre aux besoins individuels et am\u00e9liorer l'exposition de la marque.<\/li>\n<li>Forte durabilit\u00e9 : Le mat\u00e9riau LDPE pr\u00e9sente une excellente r\u00e9sistance \u00e0 la d\u00e9chirure et aux intemp\u00e9ries, ce qui le rend adapt\u00e9 \u00e0 une utilisation \u00e0 long terme.<\/li>\n<li>Large adaptabilit\u00e9 : Il convient \u00e0 de nombreux endroits \u00e0 haut risque tels que les chantiers de construction, la manipulation de produits chimiques et la construction de routes.<\/li>\n<li>Imperm\u00e9able et r\u00e9sistant \u00e0 l'humidit\u00e9 : Convient aux environnements ext\u00e9rieurs et humides, garantissant que le ruban d'avertissement n'est pas endommag\u00e9.<\/li>\n<\/ul>\n<p>TOPRISE se consacre \u00e0 l'industrie des rubans d'avertissement depuis plus de dix ans et se sp\u00e9cialise dans la production de rubans d'avertissement, de rubans d'isolation, de rubans d'avertissement souterrains en PE, de rubans d'avertissement d\u00e9tectables \u00e0 l'aide de feuilles d'aluminium et d'autres produits. La s\u00e9rie de rubans d'avertissement comprend des rubans d'avertissement souterrains pour le gaz, les c\u00e2bles optiques, les c\u00e2bles, les ol\u00e9oducs, le chauffage, l'eau du robinet, etc. Rubans d'avertissement d'isolation g\u00e9n\u00e9rale, rubans d'avertissement de s\u00e9curit\u00e9, rubans d'avertissement souterrains d\u00e9tectables en feuille d'aluminium, etc.<\/p>\n<table>\n<tbody>\n<tr>\n<td width=\"284\">ART NO.<\/td>\n<td width=\"284\">WT06<\/td>\n<\/tr>\n<tr>\n<td width=\"284\">Mat\u00e9riau<\/td>\n<td width=\"284\">LDPE<\/td>\n<\/tr>\n<tr>\n<td width=\"284\">\u00c9paisseur<\/td>\n<td width=\"284\">30micron-200micron(0.03-0.20mm)or customized<\/td>\n<\/tr>\n<tr>\n<td width=\"284\">Largeur habituelle<\/td>\n<td width=\"284\">50mm, 75mm, 100mm, 150mm, 300mm ou sur mesure<\/td>\n<\/tr>\n<tr>\n<td width=\"284\">Longueur<\/td>\n<td width=\"284\">100-600M ou sur mesure<\/td>\n<\/tr>\n<tr>\n<td width=\"284\">Couleur<\/td>\n<td width=\"284\">personnalis\u00e9<\/td>\n<\/tr>\n<tr>\n<td width=\"284\">Impression de logos<\/td>\n<td width=\"284\">personnalis\u00e9<\/td>\n<\/tr>\n<\/tbody>\n<\/table>","protected":false},"excerpt":{"rendered":"<p>Art No.: WT06<\/p>\n<p>\u00c9paisseur : 30micron-200micron( 0.03mm-0.20mm) ou personnalis\u00e9<\/p>\n<p>Largeur habituelle : 50mm, 75mm, 100mm, 150mm, 300mm ou personnalis\u00e9e<\/p>\n<p>Longueur : 100-600M ou personnalis\u00e9e<\/p>\n<p>MOQ : 500-1000 ROULEAUX<\/p>","protected":false},"featured_media":12182,"template":"","meta":{"_acf_changed":false},"product_brand":[],"product_cat":[325,336],"product_tag":[],"class_list":{"0":"post-12181","1":"product","2":"type-product","3":"status-publish","4":"has-post-thumbnail","6":"product_cat-road-safety-products","7":"product_cat-pe-warning-tape-detectable-underground-warning-tape","9":"first","10":"instock","11":"shipping-taxable","12":"product-type-simple"},"acf":[],"_links":{"self":[{"href":"https:\/\/toprisesafety.com\/fr\/wp-json\/wp\/v2\/product\/12181"}],"collection":[{"href":"https:\/\/toprisesafety.com\/fr\/wp-json\/wp\/v2\/product"}],"about":[{"href":"https:\/\/toprisesafety.com\/fr\/wp-json\/wp\/v2\/types\/product"}],"wp:featuredmedia":[{"embeddable":true,"href":"https:\/\/toprisesafety.com\/fr\/wp-json\/wp\/v2\/media\/12182"}],"wp:attachment":[{"href":"https:\/\/toprisesafety.com\/fr\/wp-json\/wp\/v2\/media?parent=12181"}],"wp:term":[{"taxonomy":"product_brand","embeddable":true,"href":"https:\/\/toprisesafety.com\/fr\/wp-json\/wp\/v2\/product_brand?post=12181"},{"taxonomy":"product_cat","embeddable":true,"href":"https:\/\/toprisesafety.com\/fr\/wp-json\/wp\/v2\/product_cat?post=12181"},{"taxonomy":"product_tag","embeddable":true,"href":"https:\/\/toprisesafety.com\/fr\/wp-json\/wp\/v2\/product_tag?post=12181"}],"curies":[{"name":"wp","href":"https:\/\/api.w.org\/{rel}","templated":true}]}}