{"id":12175,"date":"2025-05-07T08:08:09","date_gmt":"2025-05-07T08:08:09","guid":{"rendered":"https:\/\/toprisesafety.com\/?post_type=product&#038;p=12175"},"modified":"2025-05-07T08:08:09","modified_gmt":"2025-05-07T08:08:09","slug":"custom-barricade-tape","status":"publish","type":"product","link":"https:\/\/toprisesafety.com\/fr\/produit\/custom-barricade-tape\/","title":{"rendered":"Ruban barricade personnalis\u00e9"},"content":{"rendered":"<h2>Ruban barricade personnalis\u00e9<\/h2>\n<p>Les avantages du ruban d'avertissement LDPE sont les suivants :<\/p>\n<ul>\n<li>Forte durabilit\u00e9 : Le mat\u00e9riau LDPE est tr\u00e8s durable et r\u00e9sistant aux d\u00e9chirures.<\/li>\n<li>Haute visibilit\u00e9 : Les couleurs vives et les motifs d'avertissement peuvent efficacement rappeler aux gens de faire attention \u00e0 la s\u00e9curit\u00e9.<\/li>\n<li>R\u00e9sistance \u00e0 l'eau : Non sujet \u00e0 l'humidit\u00e9 ou \u00e0 l'immersion dans l'eau, convient \u00e0 une utilisation dans des environnements humides.<\/li>\n<li>L\u00e9ger et portable : L\u00e9ger, il est pratique pour le transport et le stockage.<\/li>\n<li>Grande capacit\u00e9 d'adaptation : Il peut \u00eatre utilis\u00e9 dans divers environnements, tels que les chantiers de construction, les fermetures de routes, les zones dangereuses, les lieux d'accident, les zones de manipulation de produits chimiques, les zones de construction routi\u00e8re.<\/li>\n<\/ul>\n<p>TOPRISE se consacre \u00e0 l'industrie des rubans d'avertissement depuis plus de dix ans et se sp\u00e9cialise dans la production de rubans d'avertissement, de rubans d'isolation, de rubans d'avertissement souterrains en PE, de rubans d'avertissement d\u00e9tectables \u00e0 l'aide de feuilles d'aluminium et d'autres produits. La s\u00e9rie de rubans d'avertissement comprend des rubans d'avertissement souterrains pour le gaz, les c\u00e2bles optiques, les c\u00e2bles, les ol\u00e9oducs, le chauffage, l'eau du robinet, etc. Rubans d'avertissement d'isolation g\u00e9n\u00e9rale, rubans d'avertissement de s\u00e9curit\u00e9, rubans d'avertissement souterrains d\u00e9tectables en feuille d'aluminium, etc.<\/p>\n<table>\n<tbody>\n<tr>\n<td width=\"284\">ART NO.<\/td>\n<td width=\"284\">WT04<\/td>\n<\/tr>\n<tr>\n<td width=\"284\">Mat\u00e9riau<\/td>\n<td width=\"284\">LDPE<\/td>\n<\/tr>\n<tr>\n<td width=\"284\">\u00c9paisseur<\/td>\n<td width=\"284\">30micron-200micron(0.03-0.20mm)or customized<\/td>\n<\/tr>\n<tr>\n<td width=\"284\">Largeur habituelle<\/td>\n<td width=\"284\">50mm, 75mm, 100mm, 150mm, 300mm ou sur mesure<\/td>\n<\/tr>\n<tr>\n<td width=\"284\">Longueur<\/td>\n<td width=\"284\">100-600M ou sur mesure<\/td>\n<\/tr>\n<tr>\n<td width=\"284\">Couleur<\/td>\n<td width=\"284\">personnalis\u00e9<\/td>\n<\/tr>\n<tr>\n<td width=\"284\">Impression de logos<\/td>\n<td width=\"284\">personnalis\u00e9<\/td>\n<\/tr>\n<\/tbody>\n<\/table>","protected":false},"excerpt":{"rendered":"<p>N\u00b0 d'art : WT04<\/p>\n<p>\u00c9paisseur : 30micron-200micron( 0.03mm-0.20mm) ou personnalis\u00e9<\/p>\n<p>Largeur habituelle : 50mm, 75mm, 100mm, 150mm, 300mm ou personnalis\u00e9e<\/p>\n<p>Longueur : 100-600M ou personnalis\u00e9e<\/p>\n<p>MOQ : 500-1000 ROULEAUX<\/p>","protected":false},"featured_media":12176,"template":"","meta":{"_acf_changed":false},"product_brand":[],"product_cat":[325,336],"product_tag":[],"class_list":{"0":"post-12175","1":"product","2":"type-product","3":"status-publish","4":"has-post-thumbnail","6":"product_cat-road-safety-products","7":"product_cat-pe-warning-tape-detectable-underground-warning-tape","9":"first","10":"instock","11":"shipping-taxable","12":"product-type-simple"},"acf":[],"_links":{"self":[{"href":"https:\/\/toprisesafety.com\/fr\/wp-json\/wp\/v2\/product\/12175"}],"collection":[{"href":"https:\/\/toprisesafety.com\/fr\/wp-json\/wp\/v2\/product"}],"about":[{"href":"https:\/\/toprisesafety.com\/fr\/wp-json\/wp\/v2\/types\/product"}],"wp:featuredmedia":[{"embeddable":true,"href":"https:\/\/toprisesafety.com\/fr\/wp-json\/wp\/v2\/media\/12176"}],"wp:attachment":[{"href":"https:\/\/toprisesafety.com\/fr\/wp-json\/wp\/v2\/media?parent=12175"}],"wp:term":[{"taxonomy":"product_brand","embeddable":true,"href":"https:\/\/toprisesafety.com\/fr\/wp-json\/wp\/v2\/product_brand?post=12175"},{"taxonomy":"product_cat","embeddable":true,"href":"https:\/\/toprisesafety.com\/fr\/wp-json\/wp\/v2\/product_cat?post=12175"},{"taxonomy":"product_tag","embeddable":true,"href":"https:\/\/toprisesafety.com\/fr\/wp-json\/wp\/v2\/product_tag?post=12175"}],"curies":[{"name":"wp","href":"https:\/\/api.w.org\/{rel}","templated":true}]}}