{"id":12173,"date":"2025-05-07T08:02:59","date_gmt":"2025-05-07T08:02:59","guid":{"rendered":"https:\/\/toprisesafety.com\/?post_type=product&#038;p=12173"},"modified":"2025-05-07T08:02:59","modified_gmt":"2025-05-07T08:02:59","slug":"custom-underground-tape","status":"publish","type":"product","link":"https:\/\/toprisesafety.com\/fr\/produit\/custom-underground-tape\/","title":{"rendered":"Ruban souterrain personnalis\u00e9"},"content":{"rendered":"<h2>Ruban souterrain personnalis\u00e9<\/h2>\n<p>Les avantages de la bande souterraine personnalis\u00e9e OPP\/AL\/PE sont les suivants :<\/p>\n<ul>\n<li>Haute d\u00e9tectabilit\u00e9 : Fabriqu\u00e9 en mat\u00e9riau composite OPP\/AL\/PE, il a une plus grande capacit\u00e9 de d\u00e9tection souterraine et assure un positionnement pr\u00e9cis.<\/li>\n<li>Forte durabilit\u00e9 : Il pr\u00e9sente une forte r\u00e9sistance aux intemp\u00e9ries et \u00e0 la corrosion, ce qui le rend adapt\u00e9 \u00e0 une utilisation \u00e0 long terme dans des environnements difficiles.<\/li>\n<li>Avertissement clair : Les couleurs vives et le texte ont un effet d'avertissement important.<\/li>\n<li>Options de personnalisation : Permet de personnaliser le LOGO et la taille pour r\u00e9pondre aux besoins des clients.<\/li>\n<li>Large application : Largement utilis\u00e9 dans les zones de construction et d'entretien des canalisations souterraines dans les secteurs de l'\u00e9nergie, de la conservation de l'eau, de la communication et d'autres industries.<\/li>\n<\/ul>\n<p>&nbsp;<\/p>\n<p>TOPRISE se consacre \u00e0 l'industrie des rubans d'avertissement depuis plus de dix ans et se sp\u00e9cialise dans la production de rubans d'avertissement, de rubans d'isolation, de rubans d'avertissement souterrains en PE, de rubans d'avertissement d\u00e9tectables \u00e0 l'aide de feuilles d'aluminium et d'autres produits. La s\u00e9rie de rubans d'avertissement comprend des rubans d'avertissement souterrains pour le gaz, les c\u00e2bles optiques, les c\u00e2bles, les ol\u00e9oducs, le chauffage, l'eau du robinet, etc. Rubans d'avertissement d'isolation g\u00e9n\u00e9rale, rubans d'avertissement de s\u00e9curit\u00e9, rubans d'avertissement souterrains d\u00e9tectables en feuille d'aluminium, etc.<\/p>\n<table>\n<tbody>\n<tr>\n<td width=\"284\">ART NO.<\/td>\n<td width=\"284\">AWT06<\/td>\n<\/tr>\n<tr>\n<td width=\"284\">Mat\u00e9riau<\/td>\n<td width=\"284\">OPP\/AL\/PE<\/td>\n<\/tr>\n<tr>\n<td width=\"284\">\u00c9paisseur<\/td>\n<td width=\"284\">100micron-300micron(0.10-0.30mm)or customized<\/td>\n<\/tr>\n<tr>\n<td width=\"284\">Largeur habituelle<\/td>\n<td width=\"284\">50mm, 75mm, 100mm, 150mm, 300mm ou sur mesure<\/td>\n<\/tr>\n<tr>\n<td width=\"284\">Longueur<\/td>\n<td width=\"284\">100-600M ou sur mesure<\/td>\n<\/tr>\n<tr>\n<td width=\"284\">Couleur<\/td>\n<td width=\"284\">personnalis\u00e9<\/td>\n<\/tr>\n<tr>\n<td width=\"284\">Impression de logos<\/td>\n<td width=\"284\">Une couleur habituelle. Au maximum 4 couleurs pour le logo du client, y compris le nom, le num\u00e9ro de t\u00e9l\u00e9phone, etc.<\/td>\n<\/tr>\n<\/tbody>\n<\/table>","protected":false},"excerpt":{"rendered":"<p>No. d'art : AWT06<\/p>\n<p>Epaisseur : 100micron-300micron( 0.10mm-0.30mm) ou sur mesure<\/p>\n<p>Largeur habituelle : 50mm, 75mm, 100mm, 150mm, 300mm ou personnalis\u00e9e<\/p>\n<p>Longueur : 100-600M ou personnalis\u00e9e<\/p>\n<p>MOQ : 500-1000 ROULEAUX<\/p>","protected":false},"featured_media":12174,"template":"","meta":{"_acf_changed":false},"product_brand":[],"product_cat":[325,336],"product_tag":[],"class_list":{"0":"post-12173","1":"product","2":"type-product","3":"status-publish","4":"has-post-thumbnail","6":"product_cat-road-safety-products","7":"product_cat-pe-warning-tape-detectable-underground-warning-tape","9":"first","10":"instock","11":"shipping-taxable","12":"product-type-simple"},"acf":[],"_links":{"self":[{"href":"https:\/\/toprisesafety.com\/fr\/wp-json\/wp\/v2\/product\/12173"}],"collection":[{"href":"https:\/\/toprisesafety.com\/fr\/wp-json\/wp\/v2\/product"}],"about":[{"href":"https:\/\/toprisesafety.com\/fr\/wp-json\/wp\/v2\/types\/product"}],"wp:featuredmedia":[{"embeddable":true,"href":"https:\/\/toprisesafety.com\/fr\/wp-json\/wp\/v2\/media\/12174"}],"wp:attachment":[{"href":"https:\/\/toprisesafety.com\/fr\/wp-json\/wp\/v2\/media?parent=12173"}],"wp:term":[{"taxonomy":"product_brand","embeddable":true,"href":"https:\/\/toprisesafety.com\/fr\/wp-json\/wp\/v2\/product_brand?post=12173"},{"taxonomy":"product_cat","embeddable":true,"href":"https:\/\/toprisesafety.com\/fr\/wp-json\/wp\/v2\/product_cat?post=12173"},{"taxonomy":"product_tag","embeddable":true,"href":"https:\/\/toprisesafety.com\/fr\/wp-json\/wp\/v2\/product_tag?post=12173"}],"curies":[{"name":"wp","href":"https:\/\/api.w.org\/{rel}","templated":true}]}}