{"id":12105,"date":"2025-04-30T06:22:13","date_gmt":"2025-04-30T06:22:13","guid":{"rendered":"https:\/\/toprisesafety.com\/?post_type=product&#038;p=12105"},"modified":"2026-04-29T00:35:44","modified_gmt":"2026-04-29T00:35:44","slug":"hi-vis-fleece-hoodie","status":"publish","type":"product","link":"https:\/\/toprisesafety.com\/fr\/produit\/hi-vis-fleece-hoodie\/","title":{"rendered":"Sweat \u00e0 capuche en polaire Hi Vis"},"content":{"rendered":"<h2>Sweat \u00e0 capuche en polaire Hi Vis<\/h2>\n<ul>\n<li>Tissu polaire : Fabriqu\u00e9 en tissu polaire doux et confortable, il retient fortement la chaleur et convient \u00e0 une utilisation par temps froid, tout en maintenant le confort et la chaleur.<\/li>\n<li>Bandes r\u00e9fl\u00e9chissantes \u00e0 haute luminosit\u00e9 : La conception des bandes r\u00e9fl\u00e9chissantes \u00e0 haute luminosit\u00e9 garantit une grande visibilit\u00e9 dans les environnements peu \u00e9clair\u00e9s, am\u00e9liorant ainsi la s\u00e9curit\u00e9 de l'utilisateur.<\/li>\n<li>Design \u00e0 capuche \u00e0 la mode : Le design \u00e0 capuche am\u00e9liore le confort et la praticit\u00e9 tout en offrant d'excellentes performances coupe-vent.<\/li>\n<li>Personnalisation du LOGO : Nous prenons en charge la personnalisation du LOGO afin d'am\u00e9liorer la reconnaissance de la marque et d'ajouter de la personnalisation.<\/li>\n<li>Emballage personnalis\u00e9 : Nous proposons des services d'emballage personnalis\u00e9s afin de r\u00e9pondre aux besoins divers des diff\u00e9rents clients et d'am\u00e9liorer la comp\u00e9titivit\u00e9 du march\u00e9.<\/li>\n<\/ul>\n<table>\n<tbody>\n<tr>\n<td width=\"284\">ART NO.<\/td>\n<td width=\"284\">FH01<\/td>\n<\/tr>\n<tr>\n<td width=\"284\">Mat\u00e9riau du tissu<\/td>\n<td width=\"284\">260g\/m\u00b2 de polaire ou sur mesure<\/td>\n<\/tr>\n<tr>\n<td width=\"284\">Bande r\u00e9fl\u00e9chissante<\/td>\n<td width=\"284\">Bande r\u00e9fl\u00e9chissante haute visibilit\u00e9 de 5CM<\/td>\n<\/tr>\n<tr>\n<td width=\"284\">Couleur<\/td>\n<td width=\"284\">Jaune fluorescent\/orange-rouge\/jaune fluorescent+bleu marine ou personnalis\u00e9<\/td>\n<\/tr>\n<tr>\n<td width=\"284\">Logo<\/td>\n<td width=\"284\">L'impression du logo du client, la broderie ou l'\u00e9tiquette du logo sont disponibles.<\/td>\n<\/tr>\n<tr>\n<td width=\"284\">MOQ<\/td>\n<td width=\"284\">1000 PCS<\/td>\n<\/tr>\n<tr>\n<td width=\"284\">Emballage<\/td>\n<td width=\"284\">1PC\/OPP, 50PC\/CTN, emballage sp\u00e9cial selon la demande du client<\/td>\n<\/tr>\n<\/tbody>\n<\/table>\n<p>TOPRISE prend en charge diff\u00e9rents styles de vestes de s\u00e9curit\u00e9, de T-shirts r\u00e9fl\u00e9chissants et de capuches de s\u00e9curit\u00e9 personnalisables. <a href=\"https:\/\/toprisesafety.com\/fr\/categorie-produit\/road-safety-products\/warning-wear\/warning-jacket-t-shirt-hoodie\/\">voir d'autres mod\u00e8les de v\u00eatements de travail de s\u00e9curit\u00e9.<\/a><\/p>\n<p>Si vous ne trouvez pas les v\u00eatements de travail de s\u00e9curit\u00e9 requis (gilets de s\u00e9curit\u00e9, T-shirts r\u00e9fl\u00e9chissants, sweats \u00e0 capuche de s\u00e9curit\u00e9, etc, <a href=\"https:\/\/toprisesafety.com\/fr\/contact-us\/\">nous contacter ;<\/a> nous offrons la possibilit\u00e9 d'une personnalisation sp\u00e9ciale.<\/p>","protected":false},"excerpt":{"rendered":"<p>No. d'art : FH01<\/p>\n<p>Mati\u00e8re : polaire 260g\/sqm ou personnalis\u00e9e<\/p>\n<p>Taille : S-XXXL ou personnalis\u00e9<\/p>\n<p>Bande r\u00e9fl\u00e9chissante : 5CM bande r\u00e9fl\u00e9chissante \u00e0 haute visibilit\u00e9<\/p>\n<p>Couleur : jaune fluorescent + noir \/ rouge-orange+noir ou personnalis\u00e9e<\/p>\n<p>Impression du logo : disponible<\/p>\n<p>MOQ : 1000PCS<\/p>","protected":false},"featured_media":12109,"template":"","meta":{"_acf_changed":false},"product_brand":[],"product_cat":[339,1261,325],"product_tag":[],"class_list":{"0":"post-12105","1":"product","2":"type-product","3":"status-publish","4":"has-post-thumbnail","6":"product_cat-warning-jacket-t-shirt-hoodie","7":"product_cat-custom-hi-vis-hoodie-manufacturer","8":"product_cat-road-safety-products","10":"first","11":"instock","12":"shipping-taxable","13":"product-type-simple"},"acf":[],"_links":{"self":[{"href":"https:\/\/toprisesafety.com\/fr\/wp-json\/wp\/v2\/product\/12105","targetHints":{"allow":["GET"]}}],"collection":[{"href":"https:\/\/toprisesafety.com\/fr\/wp-json\/wp\/v2\/product"}],"about":[{"href":"https:\/\/toprisesafety.com\/fr\/wp-json\/wp\/v2\/types\/product"}],"wp:featuredmedia":[{"embeddable":true,"href":"https:\/\/toprisesafety.com\/fr\/wp-json\/wp\/v2\/media\/12109"}],"wp:attachment":[{"href":"https:\/\/toprisesafety.com\/fr\/wp-json\/wp\/v2\/media?parent=12105"}],"wp:term":[{"taxonomy":"product_brand","embeddable":true,"href":"https:\/\/toprisesafety.com\/fr\/wp-json\/wp\/v2\/product_brand?post=12105"},{"taxonomy":"product_cat","embeddable":true,"href":"https:\/\/toprisesafety.com\/fr\/wp-json\/wp\/v2\/product_cat?post=12105"},{"taxonomy":"product_tag","embeddable":true,"href":"https:\/\/toprisesafety.com\/fr\/wp-json\/wp\/v2\/product_tag?post=12105"}],"curies":[{"name":"wp","href":"https:\/\/api.w.org\/{rel}","templated":true}]}}