{"id":12094,"date":"2025-04-30T06:15:17","date_gmt":"2025-04-30T06:15:17","guid":{"rendered":"https:\/\/toprisesafety.com\/?post_type=product&#038;p=12094"},"modified":"2025-05-06T07:18:00","modified_gmt":"2025-05-06T07:18:00","slug":"safety-hard-hat-sun-shade-reflective-neck-shield","status":"publish","type":"product","link":"https:\/\/toprisesafety.com\/fr\/produit\/safety-hard-hat-sun-shade-reflective-neck-shield\/","title":{"rendered":"Casque de s\u00e9curit\u00e9 Protection solaire Ombrage de la nuque r\u00e9fl\u00e9chissant"},"content":{"rendered":"<h2>Casque de s\u00e9curit\u00e9 Protection solaire Ombrage de la nuque r\u00e9fl\u00e9chissant<\/h2>\n<ul>\n<li>Conception r\u00e9fl\u00e9chissante \u00e0 haute luminosit\u00e9 : Am\u00e9liore la visibilit\u00e9 et garantit la s\u00e9curit\u00e9 dans les environnements peu \u00e9clair\u00e9s, ce qui permet de l'utiliser la nuit ou dans des zones de travail dangereuses.<\/li>\n<li>Fonction pare-soleil : Emp\u00eache efficacement la lumi\u00e8re directe du soleil et prot\u00e8ge le cou des dommages caus\u00e9s par les ultraviolets, convient pour le travail \u00e0 l'ext\u00e9rieur.<\/li>\n<li>Conception r\u00e9glable : Les casques de s\u00e9curit\u00e9 qui s'adaptent aux diff\u00e9rentes formes de t\u00eate offrent une exp\u00e9rience de port confortable.<\/li>\n<li>Personnalisation du LOGO : Permet de personnaliser le LOGO afin d'am\u00e9liorer l'image de marque et de r\u00e9pondre \u00e0 des besoins personnalis\u00e9s.<\/li>\n<li>Emballage personnalis\u00e9 : Nous proposons des services d'emballage personnalis\u00e9s afin d'am\u00e9liorer l'attrait des produits et la comp\u00e9titivit\u00e9 du march\u00e9.<\/li>\n<\/ul>\n<table>\n<tbody>\n<tr>\n<td width=\"284\">ART NO.<\/td>\n<td width=\"284\">NS01<\/td>\n<\/tr>\n<tr>\n<td width=\"284\">Mat\u00e9riau du tissu<\/td>\n<td width=\"284\">1001TP3Maille polyester fabic, 110g\/m\u00b2.<\/td>\n<\/tr>\n<tr>\n<td width=\"284\">Bande r\u00e9fl\u00e9chissante<\/td>\n<td width=\"284\">Sangle fluorescente de 5 cm +1,5 cm de bande thermocollante.<\/td>\n<\/tr>\n<tr>\n<td width=\"284\">Couleur<\/td>\n<td width=\"284\">Jaune fluorescent, bleu, rouge, gris, orange ou personnalis\u00e9.<\/td>\n<\/tr>\n<tr>\n<td width=\"284\">Logo<\/td>\n<td width=\"284\">L'impression du logo du client, la broderie ou l'\u00e9tiquette du logo sont disponibles.<\/td>\n<\/tr>\n<tr>\n<td width=\"284\">MOQ<\/td>\n<td width=\"284\">1000 PCS<\/td>\n<\/tr>\n<tr>\n<td width=\"284\">Emballage<\/td>\n<td width=\"284\">1PC\/OPP, 50PC\/CTN, emballage sp\u00e9cial selon la demande du client<\/td>\n<\/tr>\n<\/tbody>\n<\/table>\n<p>TOPRISE prend en charge diff\u00e9rents styles de personnalisation des gilets de s\u00e9curit\u00e9. <a href=\"https:\/\/toprisesafety.com\/fr\/categorie-produit\/road-safety-products\/warning-wear\/warning-vest-sun-shade\/\">voir d'autres mod\u00e8les de gilets de s\u00e9curit\u00e9.<\/a><\/p>\n<p>Si vous ne trouvez pas les gilets de s\u00e9curit\u00e9 requis,<a href=\"https:\/\/toprisesafety.com\/fr\/contact-us\/\"> nous contacter ;<\/a> nous offrons la possibilit\u00e9 d'une personnalisation sp\u00e9ciale.<\/p>","protected":false},"excerpt":{"rendered":"<p>No. d'art : NS01<\/p>\n<p>Mat\u00e9riau : Tissu en maille de polyester 100%, 110g\/m\u00b2.<\/p>\n<p>Taille : taille moyenne ou personnalis\u00e9e. 43CM de largeur *30CM de hauteur.<\/p>\n<p>Bande r\u00e9fl\u00e9chissante : 5CM de sangle fluorescente +1,5cm de bande thermique \u00e0 chaud<\/p>\n<p>Couleur : jaune fluorescent, bleu, rouge, gris, orange ou personnalis\u00e9.<\/p>\n<p>Impression du logo : disponible<\/p>\n<p>MOQ : 1000PCS<\/p>","protected":false},"featured_media":12104,"template":"","meta":{"_acf_changed":false},"product_brand":[],"product_cat":[325,341],"product_tag":[],"class_list":{"0":"post-12094","1":"product","2":"type-product","3":"status-publish","4":"has-post-thumbnail","6":"product_cat-road-safety-products","7":"product_cat-warning-vest-sun-shade","9":"first","10":"instock","11":"shipping-taxable","12":"product-type-simple"},"acf":[],"_links":{"self":[{"href":"https:\/\/toprisesafety.com\/fr\/wp-json\/wp\/v2\/product\/12094"}],"collection":[{"href":"https:\/\/toprisesafety.com\/fr\/wp-json\/wp\/v2\/product"}],"about":[{"href":"https:\/\/toprisesafety.com\/fr\/wp-json\/wp\/v2\/types\/product"}],"wp:featuredmedia":[{"embeddable":true,"href":"https:\/\/toprisesafety.com\/fr\/wp-json\/wp\/v2\/media\/12104"}],"wp:attachment":[{"href":"https:\/\/toprisesafety.com\/fr\/wp-json\/wp\/v2\/media?parent=12094"}],"wp:term":[{"taxonomy":"product_brand","embeddable":true,"href":"https:\/\/toprisesafety.com\/fr\/wp-json\/wp\/v2\/product_brand?post=12094"},{"taxonomy":"product_cat","embeddable":true,"href":"https:\/\/toprisesafety.com\/fr\/wp-json\/wp\/v2\/product_cat?post=12094"},{"taxonomy":"product_tag","embeddable":true,"href":"https:\/\/toprisesafety.com\/fr\/wp-json\/wp\/v2\/product_tag?post=12094"}],"curies":[{"name":"wp","href":"https:\/\/api.w.org\/{rel}","templated":true}]}}