{"id":12077,"date":"2025-04-29T07:21:19","date_gmt":"2025-04-29T07:21:19","guid":{"rendered":"https:\/\/toprisesafety.com\/?post_type=product&#038;p=12077"},"modified":"2025-05-06T07:52:48","modified_gmt":"2025-05-06T07:52:48","slug":"hi-vis-jacket","status":"publish","type":"product","link":"https:\/\/toprisesafety.com\/fr\/produit\/hi-vis-jacket\/","title":{"rendered":"Veste Hi Vis"},"content":{"rendered":"<h2>Veste Hi Vis<\/h2>\n<ul>\n<li>Tissu Oxford 300D : Fabriqu\u00e9 en tissu Oxford r\u00e9sistant \u00e0 l'usure et \u00e0 l'eau, il assure une excellente protection de la veste par mauvais temps et augmente sa durabilit\u00e9.<\/li>\n<li>Couche d'isolation en soie de 160 g : Elle contient une couche de soie en filaments, qui offre des performances d'isolation suppl\u00e9mentaires. Il convient aux environnements froids et pr\u00e9serve le confort et la chaleur.<\/li>\n<li>Bande r\u00e9fl\u00e9chissante haute luminosit\u00e9 de 5CM : La bande r\u00e9fl\u00e9chissante \u00e0 haute luminosit\u00e9 offre une excellente visibilit\u00e9 dans les environnements peu \u00e9clair\u00e9s et am\u00e9liore la s\u00e9curit\u00e9 au travail.<\/li>\n<li>Chapeau pliable : Le chapeau peut \u00eatre pli\u00e9 pour un rangement facile, ce qui r\u00e9duit la charge inutile et augmente la flexibilit\u00e9 du port.<\/li>\n<li>Bande \u00e9lastique au niveau de l'ourlet : L'ourlet peut \u00eatre ajust\u00e9 \u00e0 l'aide de bandes \u00e9lastiques afin de garantir un meilleur ajustement, d'emp\u00eacher le vent froid de p\u00e9n\u00e9trer et d'am\u00e9liorer la conservation de la chaleur.<\/li>\n<li>Personnalisation du LOGO : Prise en charge de logos personnalis\u00e9s pour renforcer la personnalit\u00e9 et la reconnaissance de la marque.<\/li>\n<li>Emballage personnalis\u00e9 : Nous proposons des services d'emballage personnalis\u00e9s pour r\u00e9pondre aux besoins des clients et am\u00e9liorer l'attrait de nos produits sur le march\u00e9.<\/li>\n<\/ul>\n<table>\n<tbody>\n<tr>\n<td width=\"284\">ART NO.<\/td>\n<td width=\"284\">SJ04<\/td>\n<\/tr>\n<tr>\n<td width=\"284\">Mat\u00e9riau du tissu<\/td>\n<td width=\"284\">300D oxford avec rev\u00eatement PU, int\u00e9rieur 160 grammes de coton merceris\u00e9<\/td>\n<\/tr>\n<tr>\n<td width=\"284\">Bande r\u00e9fl\u00e9chissante<\/td>\n<td width=\"284\">Bande r\u00e9fl\u00e9chissante haute visibilit\u00e9 de 5CM<\/td>\n<\/tr>\n<tr>\n<td width=\"284\">Couleur<\/td>\n<td width=\"284\">Jaune fluorescent\/orange-rouge\/jaune fluorescent+bleu marine ou personnalis\u00e9<\/td>\n<\/tr>\n<tr>\n<td width=\"284\">Logo<\/td>\n<td width=\"284\">L'impression du logo du client, la broderie ou l'\u00e9tiquette du logo sont disponibles.<\/td>\n<\/tr>\n<tr>\n<td width=\"284\">MOQ<\/td>\n<td width=\"284\">1000 PCS<\/td>\n<\/tr>\n<tr>\n<td width=\"284\">Emballage<\/td>\n<td width=\"284\">1PC\/OPP, 50PC\/CTN, emballage sp\u00e9cial selon la demande du client<\/td>\n<\/tr>\n<\/tbody>\n<\/table>\n<p>TOPRISE prend en charge diff\u00e9rents styles de vestes de s\u00e9curit\u00e9, de T-shirts r\u00e9fl\u00e9chissants et de capuches de s\u00e9curit\u00e9 personnalisables. <a href=\"https:\/\/toprisesafety.com\/fr\/categorie-produit\/road-safety-products\/warning-wear\/warning-jacket-t-shirt-hoodie\/\">voir d'autres mod\u00e8les de v\u00eatements de travail de s\u00e9curit\u00e9.<\/a><\/p>\n<p>Si vous ne trouvez pas les v\u00eatements de travail de s\u00e9curit\u00e9 requis (gilets de s\u00e9curit\u00e9, T-shirts r\u00e9fl\u00e9chissants, sweats \u00e0 capuche de s\u00e9curit\u00e9, etc, <a href=\"https:\/\/toprisesafety.com\/fr\/contact-us\/\">nous contacter ;<\/a> nous offrons la possibilit\u00e9 d'une personnalisation sp\u00e9ciale.<\/p>","protected":false},"excerpt":{"rendered":"<p>No. d'art : SJ07<\/p>\n<p>Mati\u00e8re : 300D oxford avec rev\u00eatement PU, int\u00e9rieur 160 grammes de coton merceris\u00e9<\/p>\n<p>Taille : S-XXXL ou personnalis\u00e9<\/p>\n<p>Bande r\u00e9fl\u00e9chissante : 5CM bande r\u00e9fl\u00e9chissante \u00e0 haute visibilit\u00e9<\/p>\n<p>Couleur : jaune fluorescent\/rouge-orange\/jaune fluorescent + bleu marine ou personnalis\u00e9e<\/p>\n<p>Impression du logo : disponible<\/p>\n<p>MOQ : 1000PCS<\/p>","protected":false},"featured_media":12078,"template":"","meta":{"_acf_changed":false},"product_brand":[],"product_cat":[339,325],"product_tag":[],"class_list":{"0":"post-12077","1":"product","2":"type-product","3":"status-publish","4":"has-post-thumbnail","6":"product_cat-warning-jacket-t-shirt-hoodie","7":"product_cat-road-safety-products","9":"first","10":"instock","11":"shipping-taxable","12":"product-type-simple"},"acf":[],"_links":{"self":[{"href":"https:\/\/toprisesafety.com\/fr\/wp-json\/wp\/v2\/product\/12077"}],"collection":[{"href":"https:\/\/toprisesafety.com\/fr\/wp-json\/wp\/v2\/product"}],"about":[{"href":"https:\/\/toprisesafety.com\/fr\/wp-json\/wp\/v2\/types\/product"}],"wp:featuredmedia":[{"embeddable":true,"href":"https:\/\/toprisesafety.com\/fr\/wp-json\/wp\/v2\/media\/12078"}],"wp:attachment":[{"href":"https:\/\/toprisesafety.com\/fr\/wp-json\/wp\/v2\/media?parent=12077"}],"wp:term":[{"taxonomy":"product_brand","embeddable":true,"href":"https:\/\/toprisesafety.com\/fr\/wp-json\/wp\/v2\/product_brand?post=12077"},{"taxonomy":"product_cat","embeddable":true,"href":"https:\/\/toprisesafety.com\/fr\/wp-json\/wp\/v2\/product_cat?post=12077"},{"taxonomy":"product_tag","embeddable":true,"href":"https:\/\/toprisesafety.com\/fr\/wp-json\/wp\/v2\/product_tag?post=12077"}],"curies":[{"name":"wp","href":"https:\/\/api.w.org\/{rel}","templated":true}]}}