{"id":12058,"date":"2025-04-29T06:59:06","date_gmt":"2025-04-29T06:59:06","guid":{"rendered":"https:\/\/toprisesafety.com\/?post_type=product&#038;p=12058"},"modified":"2025-05-06T07:53:58","modified_gmt":"2025-05-06T07:53:58","slug":"reflective-safety-jacket","status":"publish","type":"product","link":"https:\/\/toprisesafety.com\/fr\/produit\/reflective-safety-jacket\/","title":{"rendered":"Veste de s\u00e9curit\u00e9 r\u00e9fl\u00e9chissante"},"content":{"rendered":"<h2>Reflective Safety\u00a0Jacket<\/h2>\n<ul>\n<li>300D Oxford Fabric PU Coating: Made of wear-resistant and waterproof Oxford fabric, the PU coating enhances wind resistance and water resistance, adapting to various harsh weather conditions and maintaining dryness and comfort.<\/li>\n<li>160g mercerized cotton lining: Containing mercerized cotton, it is soft and comfortable, enhancing the wearing experience while keeping warm, suitable for low-temperature environments.<\/li>\n<li>5CM high-brightness reflective strip: The high-brightness reflective strip design ensures visibility at night or in low-light conditions, enhancing safety.<\/li>\n<li>Color-blocking design: Fashionable color-blocking design enhances the visual effect while providing high visibility and increasing recognition.<\/li>\n<li>LOGO customization: Supports LOGO customization to enhance brand recognition and meet personalized needs.<\/li>\n<li>The hat can be stored in the stand-up collar, which is convenient for storage and enhances comfort, adapting to different weather changes.<\/li>\n<li>Elastic waist design: The elastic waist design at the hem ensures a good fit and comfort, adapting to different body shapes and preventing cold wind from entering.<\/li>\n<\/ul>\n<table>\n<tbody>\n<tr>\n<td width=\"284\">ART NO.<\/td>\n<td width=\"284\">SJ04<\/td>\n<\/tr>\n<tr>\n<td width=\"284\">Mat\u00e9riau du tissu<\/td>\n<td width=\"284\">300D oxford avec rev\u00eatement PU, int\u00e9rieur 160 grammes de coton merceris\u00e9<\/td>\n<\/tr>\n<tr>\n<td width=\"284\">Bande r\u00e9fl\u00e9chissante<\/td>\n<td width=\"284\">Bande r\u00e9fl\u00e9chissante haute visibilit\u00e9 de 5CM<\/td>\n<\/tr>\n<tr>\n<td width=\"284\">Couleur<\/td>\n<td width=\"284\">Jaune fluorescent\/orange-rouge\/jaune fluorescent+bleu marine ou personnalis\u00e9<\/td>\n<\/tr>\n<tr>\n<td width=\"284\">Logo<\/td>\n<td width=\"284\">L'impression du logo du client, la broderie ou l'\u00e9tiquette du logo sont disponibles.<\/td>\n<\/tr>\n<tr>\n<td width=\"284\">MOQ<\/td>\n<td width=\"284\">1000 PCS<\/td>\n<\/tr>\n<tr>\n<td width=\"284\">Emballage<\/td>\n<td width=\"284\">1PC\/OPP, 50PC\/CTN, emballage sp\u00e9cial selon la demande du client<\/td>\n<\/tr>\n<\/tbody>\n<\/table>\n<p>TOPRISE prend en charge diff\u00e9rents styles de vestes de s\u00e9curit\u00e9, de T-shirts r\u00e9fl\u00e9chissants et de capuches de s\u00e9curit\u00e9 personnalisables. <a href=\"https:\/\/toprisesafety.com\/fr\/categorie-produit\/road-safety-products\/warning-wear\/warning-jacket-t-shirt-hoodie\/\">voir d'autres mod\u00e8les de v\u00eatements de travail de s\u00e9curit\u00e9.<\/a><\/p>\n<p>Si vous ne trouvez pas les v\u00eatements de travail de s\u00e9curit\u00e9 requis (gilets de s\u00e9curit\u00e9, T-shirts r\u00e9fl\u00e9chissants, sweats \u00e0 capuche de s\u00e9curit\u00e9, etc, <a href=\"https:\/\/toprisesafety.com\/fr\/contact-us\/\">nous contacter ;<\/a> nous offrons la possibilit\u00e9 d'une personnalisation sp\u00e9ciale.<\/p>","protected":false},"excerpt":{"rendered":"<p>Art No.: SJ04<\/p>\n<p>Mati\u00e8re : 300D oxford avec rev\u00eatement PU, int\u00e9rieur 160 grammes de coton merceris\u00e9<\/p>\n<p>Taille : S-XXXL ou personnalis\u00e9<\/p>\n<p>Bande r\u00e9fl\u00e9chissante : 5CM bande r\u00e9fl\u00e9chissante \u00e0 haute visibilit\u00e9<\/p>\n<p>Couleur : jaune fluorescent\/rouge-orange\/jaune fluorescent + bleu marine ou personnalis\u00e9e<\/p>\n<p>Impression du logo : disponible<\/p>\n<p>MOQ : 1000PCS<\/p>","protected":false},"featured_media":12064,"template":"","meta":{"_acf_changed":false},"product_brand":[],"product_cat":[339,325],"product_tag":[],"class_list":{"0":"post-12058","1":"product","2":"type-product","3":"status-publish","4":"has-post-thumbnail","6":"product_cat-warning-jacket-t-shirt-hoodie","7":"product_cat-road-safety-products","9":"first","10":"instock","11":"shipping-taxable","12":"product-type-simple"},"acf":[],"_links":{"self":[{"href":"https:\/\/toprisesafety.com\/fr\/wp-json\/wp\/v2\/product\/12058"}],"collection":[{"href":"https:\/\/toprisesafety.com\/fr\/wp-json\/wp\/v2\/product"}],"about":[{"href":"https:\/\/toprisesafety.com\/fr\/wp-json\/wp\/v2\/types\/product"}],"wp:featuredmedia":[{"embeddable":true,"href":"https:\/\/toprisesafety.com\/fr\/wp-json\/wp\/v2\/media\/12064"}],"wp:attachment":[{"href":"https:\/\/toprisesafety.com\/fr\/wp-json\/wp\/v2\/media?parent=12058"}],"wp:term":[{"taxonomy":"product_brand","embeddable":true,"href":"https:\/\/toprisesafety.com\/fr\/wp-json\/wp\/v2\/product_brand?post=12058"},{"taxonomy":"product_cat","embeddable":true,"href":"https:\/\/toprisesafety.com\/fr\/wp-json\/wp\/v2\/product_cat?post=12058"},{"taxonomy":"product_tag","embeddable":true,"href":"https:\/\/toprisesafety.com\/fr\/wp-json\/wp\/v2\/product_tag?post=12058"}],"curies":[{"name":"wp","href":"https:\/\/api.w.org\/{rel}","templated":true}]}}