{"id":12055,"date":"2025-04-29T06:44:46","date_gmt":"2025-04-29T06:44:46","guid":{"rendered":"https:\/\/toprisesafety.com\/?post_type=product&#038;p=12055"},"modified":"2025-05-06T07:54:27","modified_gmt":"2025-05-06T07:54:27","slug":"safety-reflective-shirts","status":"publish","type":"product","link":"https:\/\/toprisesafety.com\/fr\/produit\/safety-reflective-shirts\/","title":{"rendered":"Chemises r\u00e9fl\u00e9chissantes de s\u00e9curit\u00e9"},"content":{"rendered":"<h2>Chemises r\u00e9fl\u00e9chissantes de s\u00e9curit\u00e9<\/h2>\n<ul>\n<li>Tissu en polyester 100% de 130 g\/m\u00b2 : Fabriqu\u00e9 en polyester 100% de haute qualit\u00e9, il est tr\u00e8s respirant et convient \u00e0 un usage prolong\u00e9.<\/li>\n<li>Bande r\u00e9fl\u00e9chissante haute luminosit\u00e9 de 5CM : La bande r\u00e9fl\u00e9chissante haute luminosit\u00e9 am\u00e9liore la visibilit\u00e9 et garantit la s\u00e9curit\u00e9 dans les environnements peu \u00e9clair\u00e9s.<\/li>\n<li>Poche de poitrine : Cette poche pratique permet de ranger de petits objets et d'am\u00e9liorer la commodit\u00e9 d'utilisation.<\/li>\n<li>Personnalisation du LOGO : Prise en charge de logos personnalis\u00e9s pour am\u00e9liorer la reconnaissance de la marque et la personnalisation.<\/li>\n<li>Emballage personnalis\u00e9 : Nous proposons des services d'emballage personnalis\u00e9s pour r\u00e9pondre aux besoins des clients et am\u00e9liorer la comp\u00e9titivit\u00e9 du march\u00e9.<\/li>\n<\/ul>\n<table>\n<tbody>\n<tr>\n<td width=\"284\">ART NO.<\/td>\n<td width=\"284\">RT07<\/td>\n<\/tr>\n<tr>\n<td width=\"284\">Mat\u00e9riau du tissu<\/td>\n<td width=\"284\">100% polyester, 130g\/sqm<\/td>\n<\/tr>\n<tr>\n<td width=\"284\">Bande r\u00e9fl\u00e9chissante<\/td>\n<td width=\"284\">Bande r\u00e9fl\u00e9chissante haute visibilit\u00e9 de 5CM<\/td>\n<\/tr>\n<tr>\n<td width=\"284\">Poids du mat\u00e9riau<\/td>\n<td width=\"284\">130 g\/m2<\/td>\n<\/tr>\n<tr>\n<td width=\"284\">Couleur<\/td>\n<td width=\"284\">Jaune fluorescent ou personnalis\u00e9<\/td>\n<\/tr>\n<tr>\n<td width=\"284\">Cou<\/td>\n<td width=\"284\">Col rond<\/td>\n<\/tr>\n<tr>\n<td width=\"284\">Logo<\/td>\n<td width=\"284\">L'impression du logo du client, la broderie ou l'\u00e9tiquette du logo sont disponibles.<\/td>\n<\/tr>\n<tr>\n<td width=\"284\">MOQ<\/td>\n<td width=\"284\">1000 PCS<\/td>\n<\/tr>\n<tr>\n<td width=\"284\">Emballage<\/td>\n<td width=\"284\">1PC\/OPP, 50PC\/CTN, emballage sp\u00e9cial selon la demande du client<\/td>\n<\/tr>\n<\/tbody>\n<\/table>\n<p>TOPRISE prend en charge diff\u00e9rents styles de vestes de s\u00e9curit\u00e9, de T-shirts r\u00e9fl\u00e9chissants et de capuches de s\u00e9curit\u00e9 personnalisables. <a href=\"https:\/\/toprisesafety.com\/fr\/categorie-produit\/road-safety-products\/warning-wear\/warning-jacket-t-shirt-hoodie\/\">voir d'autres mod\u00e8les de v\u00eatements de travail de s\u00e9curit\u00e9.<\/a><\/p>\n<p>Si vous ne trouvez pas les v\u00eatements de travail de s\u00e9curit\u00e9 requis (gilets de s\u00e9curit\u00e9, T-shirts r\u00e9fl\u00e9chissants, sweats \u00e0 capuche de s\u00e9curit\u00e9, etc, <a href=\"https:\/\/toprisesafety.com\/fr\/contact-us\/\">nous contacter ;<\/a> nous offrons la possibilit\u00e9 d'une personnalisation sp\u00e9ciale.<\/p>","protected":false},"excerpt":{"rendered":"<p>No. d'art : RT07<\/p>\n<p>Mati\u00e8re : 100%polyester,130g\/sqm<\/p>\n<p>Taille : S-XXXL ou personnalis\u00e9<\/p>\n<p>Bande r\u00e9fl\u00e9chissante : 5CM bande r\u00e9fl\u00e9chissante \u00e0 haute visibilit\u00e9<\/p>\n<p>Couleur : jaune fluorescent ou personnalis\u00e9e<\/p>\n<p>Impression du logo : disponible<\/p>\n<p>MOQ : 1000PCS<\/p>","protected":false},"featured_media":12056,"template":"","meta":{"_acf_changed":false},"product_brand":[],"product_cat":[325,339],"product_tag":[],"class_list":{"0":"post-12055","1":"product","2":"type-product","3":"status-publish","4":"has-post-thumbnail","6":"product_cat-road-safety-products","7":"product_cat-warning-jacket-t-shirt-hoodie","9":"first","10":"instock","11":"shipping-taxable","12":"product-type-simple"},"acf":[],"_links":{"self":[{"href":"https:\/\/toprisesafety.com\/fr\/wp-json\/wp\/v2\/product\/12055","targetHints":{"allow":["GET"]}}],"collection":[{"href":"https:\/\/toprisesafety.com\/fr\/wp-json\/wp\/v2\/product"}],"about":[{"href":"https:\/\/toprisesafety.com\/fr\/wp-json\/wp\/v2\/types\/product"}],"wp:featuredmedia":[{"embeddable":true,"href":"https:\/\/toprisesafety.com\/fr\/wp-json\/wp\/v2\/media\/12056"}],"wp:attachment":[{"href":"https:\/\/toprisesafety.com\/fr\/wp-json\/wp\/v2\/media?parent=12055"}],"wp:term":[{"taxonomy":"product_brand","embeddable":true,"href":"https:\/\/toprisesafety.com\/fr\/wp-json\/wp\/v2\/product_brand?post=12055"},{"taxonomy":"product_cat","embeddable":true,"href":"https:\/\/toprisesafety.com\/fr\/wp-json\/wp\/v2\/product_cat?post=12055"},{"taxonomy":"product_tag","embeddable":true,"href":"https:\/\/toprisesafety.com\/fr\/wp-json\/wp\/v2\/product_tag?post=12055"}],"curies":[{"name":"wp","href":"https:\/\/api.w.org\/{rel}","templated":true}]}}