{"id":12031,"date":"2025-04-28T07:22:51","date_gmt":"2025-04-28T07:22:51","guid":{"rendered":"https:\/\/toprisesafety.com\/?post_type=product&#038;p=12031"},"modified":"2025-05-06T07:25:05","modified_gmt":"2025-05-06T07:25:05","slug":"rider-and-runner-safety-vest","status":"publish","type":"product","link":"https:\/\/toprisesafety.com\/fr\/produit\/rider-and-runner-safety-vest\/","title":{"rendered":"Gilet de s\u00e9curit\u00e9 pour cavaliers et coureurs"},"content":{"rendered":"<h2>Gilet de s\u00e9curit\u00e9 pour cavaliers et coureurs<\/h2>\n<ul>\n<li>Grandes poches : La grande poche sur la poitrine permet de ranger facilement des objets tels que des t\u00e9l\u00e9phones portables, ce qui rend le transport pratique et am\u00e9liore la commodit\u00e9.<\/li>\n<li>Taille r\u00e9glable : Convient aux utilisateurs de diff\u00e9rentes morphologies, pour une exp\u00e9rience de port confortable.<\/li>\n<li>Bandes r\u00e9fl\u00e9chissantes \u00e0 haute luminosit\u00e9 : Garantissent une grande visibilit\u00e9 la nuit ou dans des conditions de faible luminosit\u00e9, am\u00e9liorant ainsi la s\u00e9curit\u00e9.<\/li>\n<li>Applicabilit\u00e9 multi-sc\u00e9narios : Il peut \u00eatre utilis\u00e9 dans diff\u00e9rents sc\u00e9narios tels que la course \u00e0 pied, le cyclisme et la construction de nuit, am\u00e9liorant ainsi la s\u00e9curit\u00e9 des activit\u00e9s.<\/li>\n<li>Boutons-pression de haute qualit\u00e9 : Durables et faciles \u00e0 mettre et \u00e0 enlever, elles garantissent une utilisation stable.<\/li>\n<li>Personnalisation du LOGO : Prise en charge de la personnalisation du LOGO pour am\u00e9liorer la reconnaissance de la marque.<\/li>\n<li>Emballage personnalis\u00e9 : Nous proposons des emballages sur mesure pour r\u00e9pondre aux demandes personnalis\u00e9es et renforcer l'attrait du march\u00e9.<\/li>\n<\/ul>\n<table>\n<tbody>\n<tr>\n<td width=\"284\">Art No.<\/td>\n<td width=\"284\">SV20<\/td>\n<\/tr>\n<tr>\n<td width=\"284\">Mat\u00e9riau du tissu<\/td>\n<td width=\"284\">Ruban \u00e9lastique de 4CM, bande r\u00e9fl\u00e9chissante haute visibilit\u00e9 de 1,5cm<\/td>\n<\/tr>\n<tr>\n<td width=\"284\">Bande r\u00e9fl\u00e9chissante<\/td>\n<td width=\"284\">Bande r\u00e9fl\u00e9chissante haute visibilit\u00e9 de 1,5 cm<\/td>\n<\/tr>\n<tr>\n<td width=\"284\">Bande r\u00e9fl\u00e9chissante<\/td>\n<td width=\"284\">Ruban argent\u00e9 T\/C<\/td>\n<\/tr>\n<tr>\n<td width=\"284\">Fonctionnalit\u00e9<\/td>\n<td width=\"284\">Une grande poche zipp\u00e9e \u00e0 l'avant<\/td>\n<\/tr>\n<tr>\n<td width=\"284\">Couleur<\/td>\n<td width=\"284\">Vert\/orange\/rouge fluorescent, rose, noir<\/td>\n<\/tr>\n<tr>\n<td width=\"284\">Normes de qualit\u00e9<\/td>\n<td width=\"284\">CE EN471,CLASS2<\/td>\n<\/tr>\n<tr>\n<td width=\"284\">Logo<\/td>\n<td width=\"284\">Le logo du client est disponible<\/td>\n<\/tr>\n<tr>\n<td width=\"284\">MOQ<\/td>\n<td width=\"284\">1000PCS<\/td>\n<\/tr>\n<tr>\n<td width=\"284\">Emballage<\/td>\n<td width=\"284\">1PC\/OPP, 100PC\/CTN, emballage sp\u00e9cial selon la demande du client<\/td>\n<\/tr>\n<\/tbody>\n<\/table>\n<p>TOPRISE prend en charge diff\u00e9rents styles de personnalisation des gilets de s\u00e9curit\u00e9. <a href=\"https:\/\/toprisesafety.com\/fr\/categorie-produit\/road-safety-products\/warning-wear\/warning-vest-sun-shade\/\">voir d'autres mod\u00e8les de gilets de s\u00e9curit\u00e9.<\/a><\/p>\n<p>Si vous ne trouvez pas les gilets de s\u00e9curit\u00e9 requis,<a href=\"https:\/\/toprisesafety.com\/fr\/contact-us\/\"> nous contacter ;<\/a> nous offrons la possibilit\u00e9 d'une personnalisation sp\u00e9ciale.<\/p>","protected":false},"excerpt":{"rendered":"<p>No. d'art : SV20<\/p>\n<p>Mat\u00e9riau : Ruban \u00e9lastique de 4CM, bande r\u00e9fl\u00e9chissante haute visibilit\u00e9 de 1,5cm<\/p>\n<p>Taille : taille libre, r\u00e9glable<\/p>\n<p>Caract\u00e9ristique : grande poche zipp\u00e9e \u00e0 l'avant<\/p>\n<p>Couleur : vert fluorescent\/rouge-orange, rose, noir<\/p>\n<p>Logo : support personnalis\u00e9<\/p>\n<p>MOQ : 1000 PCS<\/p>","protected":false},"featured_media":12034,"template":"","meta":{"_acf_changed":false},"product_brand":[],"product_cat":[325,341],"product_tag":[],"class_list":{"0":"post-12031","1":"product","2":"type-product","3":"status-publish","4":"has-post-thumbnail","6":"product_cat-road-safety-products","7":"product_cat-warning-vest-sun-shade","9":"first","10":"instock","11":"shipping-taxable","12":"product-type-simple"},"acf":[],"_links":{"self":[{"href":"https:\/\/toprisesafety.com\/fr\/wp-json\/wp\/v2\/product\/12031"}],"collection":[{"href":"https:\/\/toprisesafety.com\/fr\/wp-json\/wp\/v2\/product"}],"about":[{"href":"https:\/\/toprisesafety.com\/fr\/wp-json\/wp\/v2\/types\/product"}],"wp:featuredmedia":[{"embeddable":true,"href":"https:\/\/toprisesafety.com\/fr\/wp-json\/wp\/v2\/media\/12034"}],"wp:attachment":[{"href":"https:\/\/toprisesafety.com\/fr\/wp-json\/wp\/v2\/media?parent=12031"}],"wp:term":[{"taxonomy":"product_brand","embeddable":true,"href":"https:\/\/toprisesafety.com\/fr\/wp-json\/wp\/v2\/product_brand?post=12031"},{"taxonomy":"product_cat","embeddable":true,"href":"https:\/\/toprisesafety.com\/fr\/wp-json\/wp\/v2\/product_cat?post=12031"},{"taxonomy":"product_tag","embeddable":true,"href":"https:\/\/toprisesafety.com\/fr\/wp-json\/wp\/v2\/product_tag?post=12031"}],"curies":[{"name":"wp","href":"https:\/\/api.w.org\/{rel}","templated":true}]}}