{"id":12013,"date":"2025-04-28T07:06:52","date_gmt":"2025-04-28T07:06:52","guid":{"rendered":"https:\/\/toprisesafety.com\/?post_type=product&#038;p=12013"},"modified":"2025-05-06T07:25:33","modified_gmt":"2025-05-06T07:25:33","slug":"safety-vest-with-logo","status":"publish","type":"product","link":"https:\/\/toprisesafety.com\/fr\/produit\/safety-vest-with-logo\/","title":{"rendered":"Gilet de s\u00e9curit\u00e9 avec logo"},"content":{"rendered":"<h2>Gilet de s\u00e9curit\u00e9 avec logo<\/h2>\n<ul>\n<li>Gilet r\u00e9fl\u00e9chissant multifonctionnel : Convient aux chantiers de construction, \u00e0 la circulation et \u00e0 d'autres endroits, garantissant une grande visibilit\u00e9 dans l'environnement de travail.<\/li>\n<li>Tissu tricot\u00e9 en cha\u00eene de 120 g + tissu en maille : Fabriqu\u00e9 dans un tissu de haute qualit\u00e9, il est l\u00e9ger et respirant, confortable \u00e0 porter pendant longtemps et adapt\u00e9 \u00e0 divers environnements de travail.<\/li>\n<li>Conception tridimensionnelle des poches : Les multiples poches tridimensionnelles offrent un vaste espace de stockage, ce qui permet de ranger facilement les outils, les certificats et d'autres objets.<\/li>\n<li>Bandes r\u00e9fl\u00e9chissantes haute luminosit\u00e9 : Les bandes r\u00e9fl\u00e9chissantes \u00e0 haute luminosit\u00e9 am\u00e9liorent la visibilit\u00e9 de nuit et garantissent la s\u00e9curit\u00e9 du personnel.<\/li>\n<li>Fermeture \u00e0 glissi\u00e8re : Facile \u00e0 mettre et \u00e0 enlever, pour plus de s\u00e9curit\u00e9 et de confort.<\/li>\n<\/ul>\n<table>\n<tbody>\n<tr>\n<td width=\"284\">Art No.<\/td>\n<td width=\"284\">SV17<\/td>\n<\/tr>\n<tr>\n<td width=\"284\">Mat\u00e9riau du tissu<\/td>\n<td width=\"284\">100%polyester tricot\u00e9 fluorescent + tissu en maille au choix.<\/td>\n<\/tr>\n<tr>\n<td width=\"284\">Bande r\u00e9fl\u00e9chissante<\/td>\n<td width=\"284\">Visibilit\u00e9 normale, haute visibilit\u00e9<\/td>\n<\/tr>\n<tr>\n<td width=\"284\">Bande r\u00e9fl\u00e9chissante<\/td>\n<td width=\"284\">Ruban argent\u00e9 T\/C, treillis en PVC, ruban 3M, etc.<\/td>\n<\/tr>\n<tr>\n<td width=\"284\">Poids du mat\u00e9riau<\/td>\n<td width=\"284\">120g\/sqm, 50-140G\/SQM au choix.<\/td>\n<\/tr>\n<tr>\n<td width=\"284\">Couleur<\/td>\n<td width=\"284\">Jaune fluorescent, vert fluorescent, rouge-orange<\/td>\n<\/tr>\n<tr>\n<td width=\"284\">Mouche du coche<\/td>\n<td width=\"284\">Fermeture \u00e0 glissi\u00e8re, velcro au choix.<\/td>\n<\/tr>\n<tr>\n<td width=\"284\">Pochette<\/td>\n<td width=\"284\">Multiples poches tridimensionnelles<\/td>\n<\/tr>\n<tr>\n<td width=\"284\">Normes de qualit\u00e9<\/td>\n<td width=\"284\">CE EN471,CLASS2<\/td>\n<\/tr>\n<tr>\n<td width=\"284\">Logo<\/td>\n<td width=\"284\">Possibilit\u00e9 d'imprimer le logo du client, de le broder, d'apposer un logo r\u00e9fl\u00e9chissant ou d'apposer une \u00e9tiquette.<\/td>\n<\/tr>\n<tr>\n<td width=\"284\">MOQ<\/td>\n<td width=\"284\">1000PCS<\/td>\n<\/tr>\n<tr>\n<td width=\"284\">Emballage<\/td>\n<td width=\"284\">1PC\/OPP, 100PC\/CTN, emballage sp\u00e9cial selon la demande du client<\/td>\n<\/tr>\n<\/tbody>\n<\/table>\n<p>TOPRISE prend en charge diff\u00e9rents styles de personnalisation des gilets de s\u00e9curit\u00e9. <a href=\"https:\/\/toprisesafety.com\/fr\/categorie-produit\/road-safety-products\/warning-wear\/warning-vest-sun-shade\/\">voir d'autres mod\u00e8les de gilets de s\u00e9curit\u00e9.<\/a><\/p>\n<p>Si vous ne trouvez pas les gilets de s\u00e9curit\u00e9 requis,<a href=\"https:\/\/toprisesafety.com\/fr\/contact-us\/\"> nous contacter ;<\/a> nous offrons la possibilit\u00e9 d'une personnalisation sp\u00e9ciale.<\/p>","protected":false},"excerpt":{"rendered":"<p>No. d'art : SV17<\/p>\n<p>Mati\u00e8re : 100%polyester, 120g\/sqm ou personnalis\u00e9.<\/p>\n<p>Taille : S-XXXL ou personnalis\u00e9<\/p>\n<p>Couleur : jaune\/vert\/orange\/rouge fluorescent<\/p>\n<p>Logo : support personnalis\u00e9<\/p>\n<p>MOQ : 1000 PCS<\/p>","protected":false},"featured_media":12016,"template":"","meta":{"_acf_changed":false},"product_brand":[],"product_cat":[341,325],"product_tag":[],"class_list":{"0":"post-12013","1":"product","2":"type-product","3":"status-publish","4":"has-post-thumbnail","6":"product_cat-warning-vest-sun-shade","7":"product_cat-road-safety-products","9":"first","10":"instock","11":"shipping-taxable","12":"product-type-simple"},"acf":[],"_links":{"self":[{"href":"https:\/\/toprisesafety.com\/fr\/wp-json\/wp\/v2\/product\/12013"}],"collection":[{"href":"https:\/\/toprisesafety.com\/fr\/wp-json\/wp\/v2\/product"}],"about":[{"href":"https:\/\/toprisesafety.com\/fr\/wp-json\/wp\/v2\/types\/product"}],"wp:featuredmedia":[{"embeddable":true,"href":"https:\/\/toprisesafety.com\/fr\/wp-json\/wp\/v2\/media\/12016"}],"wp:attachment":[{"href":"https:\/\/toprisesafety.com\/fr\/wp-json\/wp\/v2\/media?parent=12013"}],"wp:term":[{"taxonomy":"product_brand","embeddable":true,"href":"https:\/\/toprisesafety.com\/fr\/wp-json\/wp\/v2\/product_brand?post=12013"},{"taxonomy":"product_cat","embeddable":true,"href":"https:\/\/toprisesafety.com\/fr\/wp-json\/wp\/v2\/product_cat?post=12013"},{"taxonomy":"product_tag","embeddable":true,"href":"https:\/\/toprisesafety.com\/fr\/wp-json\/wp\/v2\/product_tag?post=12013"}],"curies":[{"name":"wp","href":"https:\/\/api.w.org\/{rel}","templated":true}]}}