{"id":12007,"date":"2025-04-28T07:01:39","date_gmt":"2025-04-28T07:01:39","guid":{"rendered":"https:\/\/toprisesafety.com\/?post_type=product&#038;p=12007"},"modified":"2025-05-06T07:25:51","modified_gmt":"2025-05-06T07:25:51","slug":"kids-hi-vis-safety-vest","status":"publish","type":"product","link":"https:\/\/toprisesafety.com\/fr\/produit\/kids-hi-vis-safety-vest\/","title":{"rendered":"Gilet de s\u00e9curit\u00e9 haute visibilit\u00e9 pour enfants"},"content":{"rendered":"<h2>Gilet de s\u00e9curit\u00e9 haute visibilit\u00e9 pour enfants<\/h2>\n<ul>\n<li>Gilet r\u00e9fl\u00e9chissant haute luminosit\u00e9 pour enfants : Sp\u00e9cialement con\u00e7u pour les enfants, il offre une meilleure visibilit\u00e9 nocturne et garantit la s\u00e9curit\u00e9 des enfants dans les environnements peu \u00e9clair\u00e9s.<\/li>\n<li>Tissu tricot\u00e9 \u00e0 la cha\u00eene de 120 g : Fabriqu\u00e9 en tissu tricot\u00e9 \u00e0 la cha\u00eene de haute qualit\u00e9, il est l\u00e9ger et confortable, et peut \u00eatre port\u00e9 longtemps par les enfants.<\/li>\n<li>Personnalisation du LOGO : Prise en charge des logos personnalis\u00e9s pour am\u00e9liorer l'image de marque et ajouter de la personnalisation.<\/li>\n<li>Emballage personnalis\u00e9 : Nous proposons des services d'emballage personnalis\u00e9s afin de r\u00e9pondre aux diverses demandes du march\u00e9 et d'am\u00e9liorer l'attrait des produits.<\/li>\n<li>Bandes r\u00e9fl\u00e9chissantes de haute qualit\u00e9 : Les bandes r\u00e9fl\u00e9chissantes \u00e0 haute luminosit\u00e9 am\u00e9liorent la visibilit\u00e9 et garantissent la s\u00e9curit\u00e9 des enfants dans la circulation.<\/li>\n<\/ul>\n<table>\n<tbody>\n<tr>\n<td width=\"284\">Art No.<\/td>\n<td width=\"284\">SV16<\/td>\n<\/tr>\n<tr>\n<td width=\"284\">Mat\u00e9riau du tissu<\/td>\n<td width=\"284\">100%polyester ,120g\/sqm ou personnalis\u00e9<\/td>\n<\/tr>\n<tr>\n<td width=\"284\">Bande r\u00e9fl\u00e9chissante<\/td>\n<td width=\"284\">Visibilit\u00e9 normale, haute visibilit\u00e9<\/td>\n<\/tr>\n<tr>\n<td width=\"284\">Bande r\u00e9fl\u00e9chissante<\/td>\n<td width=\"284\">Ruban argent\u00e9 T\/C, treillis en PVC, ruban 3M, etc.<\/td>\n<\/tr>\n<tr>\n<td width=\"284\">Poids du mat\u00e9riau<\/td>\n<td width=\"284\">120g\/sqm, 50-140G\/SQM au choix.<\/td>\n<\/tr>\n<tr>\n<td width=\"284\">Taille<\/td>\n<td width=\"284\">36*50CM ou sur mesure<\/td>\n<\/tr>\n<tr>\n<td width=\"284\">Couleur<\/td>\n<td width=\"284\">Jaune fluorescent, vert fluorescent, rouge-orange<\/td>\n<\/tr>\n<tr>\n<td width=\"284\">Normes de qualit\u00e9<\/td>\n<td width=\"284\">CE EN471,CLASS2<\/td>\n<\/tr>\n<tr>\n<td width=\"284\">Logo<\/td>\n<td width=\"284\">Possibilit\u00e9 d'imprimer le logo du client, de le broder, d'apposer un logo r\u00e9fl\u00e9chissant ou d'apposer une \u00e9tiquette.<\/td>\n<\/tr>\n<tr>\n<td width=\"284\">MOQ<\/td>\n<td width=\"284\">1000PCS<\/td>\n<\/tr>\n<tr>\n<td width=\"284\">Emballage<\/td>\n<td width=\"284\">1PC\/OPP, 100PC\/CTN, emballage sp\u00e9cial selon la demande du client<\/td>\n<\/tr>\n<\/tbody>\n<\/table>\n<p>TOPRISE prend en charge diff\u00e9rents styles de personnalisation des gilets de s\u00e9curit\u00e9. <a href=\"https:\/\/toprisesafety.com\/fr\/categorie-produit\/road-safety-products\/warning-wear\/warning-vest-sun-shade\/\">voir d'autres mod\u00e8les de gilets de s\u00e9curit\u00e9.<\/a><\/p>\n<p>Si vous ne trouvez pas les gilets de s\u00e9curit\u00e9 requis,<a href=\"https:\/\/toprisesafety.com\/fr\/contact-us\/\"> nous contacter ;<\/a> nous offrons la possibilit\u00e9 d'une personnalisation sp\u00e9ciale.<\/p>","protected":false},"excerpt":{"rendered":"<p>No. d'art : SV16<\/p>\n<p>Mati\u00e8re : 100%polyester, 120g\/sqm ou personnalis\u00e9.<\/p>\n<p>Taille : 36*50CM ou personnalis\u00e9e<\/p>\n<p>Couleur : jaune\/vert\/orange\/rouge fluorescent ou personnalis\u00e9e<\/p>\n<p>Logo : support personnalis\u00e9<\/p>\n<p>MOQ : 1000 PCS<\/p>","protected":false},"featured_media":12009,"template":"","meta":{"_acf_changed":false},"product_brand":[],"product_cat":[341,325,338],"product_tag":[],"class_list":{"0":"post-12007","1":"product","2":"type-product","3":"status-publish","4":"has-post-thumbnail","6":"product_cat-warning-vest-sun-shade","7":"product_cat-road-safety-products","8":"product_cat-warning-wear","10":"first","11":"instock","12":"shipping-taxable","13":"product-type-simple"},"acf":[],"_links":{"self":[{"href":"https:\/\/toprisesafety.com\/fr\/wp-json\/wp\/v2\/product\/12007","targetHints":{"allow":["GET"]}}],"collection":[{"href":"https:\/\/toprisesafety.com\/fr\/wp-json\/wp\/v2\/product"}],"about":[{"href":"https:\/\/toprisesafety.com\/fr\/wp-json\/wp\/v2\/types\/product"}],"wp:featuredmedia":[{"embeddable":true,"href":"https:\/\/toprisesafety.com\/fr\/wp-json\/wp\/v2\/media\/12009"}],"wp:attachment":[{"href":"https:\/\/toprisesafety.com\/fr\/wp-json\/wp\/v2\/media?parent=12007"}],"wp:term":[{"taxonomy":"product_brand","embeddable":true,"href":"https:\/\/toprisesafety.com\/fr\/wp-json\/wp\/v2\/product_brand?post=12007"},{"taxonomy":"product_cat","embeddable":true,"href":"https:\/\/toprisesafety.com\/fr\/wp-json\/wp\/v2\/product_cat?post=12007"},{"taxonomy":"product_tag","embeddable":true,"href":"https:\/\/toprisesafety.com\/fr\/wp-json\/wp\/v2\/product_tag?post=12007"}],"curies":[{"name":"wp","href":"https:\/\/api.w.org\/{rel}","templated":true}]}}