{"id":12005,"date":"2025-04-28T06:55:10","date_gmt":"2025-04-28T06:55:10","guid":{"rendered":"https:\/\/toprisesafety.com\/?post_type=product&#038;p=12005"},"modified":"2025-05-06T07:26:04","modified_gmt":"2025-05-06T07:26:04","slug":"safety-vest-with-pockets","status":"publish","type":"product","link":"https:\/\/toprisesafety.com\/fr\/produit\/safety-vest-with-pockets\/","title":{"rendered":"Gilet de s\u00e9curit\u00e9 avec poches"},"content":{"rendered":"<h2>Gilet de s\u00e9curit\u00e9 avec poches<\/h2>\n<ul>\n<li>Bandes r\u00e9fl\u00e9chissantes \u00e0 haute luminosit\u00e9 : Elles offrent une excellente visibilit\u00e9 et garantissent la s\u00e9curit\u00e9 la nuit ou dans des conditions de faible luminosit\u00e9.<\/li>\n<li>Conception de blocage des couleurs : Moderne et beau, il renforce les effets visuels et am\u00e9liore l'image du personnel.<\/li>\n<li>Tissu en maille : Respirant et confortable, il convient au port \u00e0 long terme et r\u00e9duit la sensation d'\u00e9touffement.<\/li>\n<li>Fermeture \u00e0 glissi\u00e8re sur le devant : Facile \u00e0 mettre et \u00e0 enlever, pour plus de s\u00e9curit\u00e9 et de confort.<\/li>\n<li>Poche multifonctionnelle : Dot\u00e9e d'une pochette tridimensionnelle, d'une pochette pour cartes de visite et d'un \u00e9tui \u00e0 stylos, elle permet de ranger des outils et des objets et d'am\u00e9liorer l'efficacit\u00e9 du travail.<\/li>\n<li>Personnalisation du LOGO : Prise en charge de logos personnalis\u00e9s pour am\u00e9liorer la reconnaissance de la marque.<\/li>\n<li>Emballage personnalis\u00e9 : Nous proposons des emballages personnalis\u00e9s afin d'am\u00e9liorer l'image de marque et d'accro\u00eetre la comp\u00e9titivit\u00e9 sur le march\u00e9.<\/li>\n<\/ul>\n<table>\n<tbody>\n<tr>\n<td width=\"284\">Art No.<\/td>\n<td width=\"284\">SV15<\/td>\n<\/tr>\n<tr>\n<td width=\"284\">Mat\u00e9riau du tissu<\/td>\n<td width=\"284\">100%polyester, tissu en maille de 120g\/m\u00b2, bandes r\u00e9fl\u00e9chissantes haute visibilit\u00e9 de 5cm.<\/td>\n<\/tr>\n<tr>\n<td width=\"284\">Bande r\u00e9fl\u00e9chissante<\/td>\n<td width=\"284\">haute visibilit\u00e9<\/td>\n<\/tr>\n<tr>\n<td width=\"284\">Bande r\u00e9fl\u00e9chissante<\/td>\n<td width=\"284\">Ruban argent\u00e9 T\/C, treillis en PVC, ruban 3M, etc.<\/td>\n<\/tr>\n<tr>\n<td width=\"284\">Poids du mat\u00e9riau<\/td>\n<td width=\"284\">120g\/sqm, 50-140G\/SQM au choix.<\/td>\n<\/tr>\n<tr>\n<td width=\"284\">Couleur<\/td>\n<td width=\"284\">Jaune fluorescent + bleu marine ou personnalis\u00e9<\/td>\n<\/tr>\n<tr>\n<td width=\"284\">Mouche du coche<\/td>\n<td width=\"284\">Fermeture \u00e0 glissi\u00e8re, velcro au choix.<\/td>\n<\/tr>\n<tr>\n<td width=\"284\">Pochette<\/td>\n<td width=\"284\">Multiples poches tridimensionnelles<\/td>\n<\/tr>\n<tr>\n<td width=\"284\">Normes de qualit\u00e9<\/td>\n<td width=\"284\">CE EN471,CLASS2<\/td>\n<\/tr>\n<tr>\n<td width=\"284\">Logo<\/td>\n<td width=\"284\">Possibilit\u00e9 d'imprimer le logo du client, de le broder, d'apposer un logo r\u00e9fl\u00e9chissant ou d'apposer une \u00e9tiquette.<\/td>\n<\/tr>\n<tr>\n<td width=\"284\">MOQ<\/td>\n<td width=\"284\">1000PCS<\/td>\n<\/tr>\n<tr>\n<td width=\"284\">Emballage<\/td>\n<td width=\"284\">1PC\/OPP, 100PC\/CTN, emballage sp\u00e9cial selon la demande du client<\/td>\n<\/tr>\n<\/tbody>\n<\/table>\n<p>TOPRISE prend en charge diff\u00e9rents styles de personnalisation des gilets de s\u00e9curit\u00e9. <a href=\"https:\/\/toprisesafety.com\/fr\/categorie-produit\/road-safety-products\/warning-wear\/warning-vest-sun-shade\/\">voir d'autres mod\u00e8les de gilets de s\u00e9curit\u00e9.<\/a><\/p>\n<p>Si vous ne trouvez pas les gilets de s\u00e9curit\u00e9 requis,<a href=\"https:\/\/toprisesafety.com\/fr\/contact-us\/\"> nous contacter ;<\/a> nous offrons la possibilit\u00e9 d'une personnalisation sp\u00e9ciale.<\/p>","protected":false},"excerpt":{"rendered":"<p>No. d'art : SV15<\/p>\n<p>Mati\u00e8re : 100%polyester, tissu en maille de 120g\/m\u00b2, bandes r\u00e9fl\u00e9chissantes haute visibilit\u00e9 de 5cm.<\/p>\n<p>Taille : S-XXXL ou personnalis\u00e9<\/p>\n<p>Couleur : jaune fluorescent + bleu marine ou personnalis\u00e9e<\/p>\n<p>Logo : support personnalis\u00e9<\/p>\n<p>MOQ : 1000 PCS<\/p>","protected":false},"featured_media":12006,"template":"","meta":{"_acf_changed":false},"product_brand":[],"product_cat":[341,325],"product_tag":[],"class_list":{"0":"post-12005","1":"product","2":"type-product","3":"status-publish","4":"has-post-thumbnail","6":"product_cat-warning-vest-sun-shade","7":"product_cat-road-safety-products","9":"first","10":"instock","11":"shipping-taxable","12":"product-type-simple"},"acf":[],"_links":{"self":[{"href":"https:\/\/toprisesafety.com\/fr\/wp-json\/wp\/v2\/product\/12005","targetHints":{"allow":["GET"]}}],"collection":[{"href":"https:\/\/toprisesafety.com\/fr\/wp-json\/wp\/v2\/product"}],"about":[{"href":"https:\/\/toprisesafety.com\/fr\/wp-json\/wp\/v2\/types\/product"}],"wp:featuredmedia":[{"embeddable":true,"href":"https:\/\/toprisesafety.com\/fr\/wp-json\/wp\/v2\/media\/12006"}],"wp:attachment":[{"href":"https:\/\/toprisesafety.com\/fr\/wp-json\/wp\/v2\/media?parent=12005"}],"wp:term":[{"taxonomy":"product_brand","embeddable":true,"href":"https:\/\/toprisesafety.com\/fr\/wp-json\/wp\/v2\/product_brand?post=12005"},{"taxonomy":"product_cat","embeddable":true,"href":"https:\/\/toprisesafety.com\/fr\/wp-json\/wp\/v2\/product_cat?post=12005"},{"taxonomy":"product_tag","embeddable":true,"href":"https:\/\/toprisesafety.com\/fr\/wp-json\/wp\/v2\/product_tag?post=12005"}],"curies":[{"name":"wp","href":"https:\/\/api.w.org\/{rel}","templated":true}]}}