{"id":11989,"date":"2025-04-28T06:43:46","date_gmt":"2025-04-28T06:43:46","guid":{"rendered":"https:\/\/toprisesafety.com\/?post_type=product&#038;p=11989"},"modified":"2025-05-06T07:26:30","modified_gmt":"2025-05-06T07:26:30","slug":"adjustable-high-visibility-safety-vest","status":"publish","type":"product","link":"https:\/\/toprisesafety.com\/fr\/produit\/adjustable-high-visibility-safety-vest\/","title":{"rendered":"Gilet de s\u00e9curit\u00e9 r\u00e9glable \u00e0 haute visibilit\u00e9"},"content":{"rendered":"<h2>Gilet de s\u00e9curit\u00e9 r\u00e9glable \u00e0 haute visibilit\u00e9<\/h2>\n<ul>\n<li>High-temperature reflective hot stamping film: Ensures high brightness and reflection at night, enhancing safety in low-light environments.<\/li>\n<li>Adjustable shoulder straps: The shoulder straps are adjustable to suit different body shapes and provide a comfortable and snug fit.<\/li>\n<li>Adjustable belt: The belt is adjustable to meet different needs and increase the flexibility of wearing.<\/li>\n<li>Wide application range: Suitable for various scenarios such as running, cycling, and sanitation workers, with strong versatility.<\/li>\n<li>Buckle design: Easy to put on and take off, saves time and improves efficiency.<\/li>\n<li>Support LOGO printing: Customizable logos are available to enhance brand exposure and improve personalization.<\/li>\n<\/ul>\n<table>\n<tbody>\n<tr>\n<td width=\"284\">Art No.<\/td>\n<td width=\"284\">SV13<\/td>\n<\/tr>\n<tr>\n<td width=\"284\">Mat\u00e9riau du tissu<\/td>\n<td width=\"284\">4-5CM elastic ribbon,1.5cm high visibility reflective tape<\/td>\n<\/tr>\n<tr>\n<td width=\"284\">Bande r\u00e9fl\u00e9chissante<\/td>\n<td width=\"284\">Bande r\u00e9fl\u00e9chissante haute visibilit\u00e9 de 1,5 cm<\/td>\n<\/tr>\n<tr>\n<td width=\"284\">Bande r\u00e9fl\u00e9chissante<\/td>\n<td width=\"284\">Ruban argent\u00e9 T\/C<\/td>\n<\/tr>\n<tr>\n<td width=\"284\">Couleur<\/td>\n<td width=\"284\">Fluorescent yellow\/green\/orange-red\/purple\/navy blue\/light blue\/red<\/td>\n<\/tr>\n<tr>\n<td width=\"284\">Normes de qualit\u00e9<\/td>\n<td width=\"284\">CE EN471,CLASS2<\/td>\n<\/tr>\n<tr>\n<td width=\"284\">Logo<\/td>\n<td width=\"284\">Le logo du client est disponible<\/td>\n<\/tr>\n<tr>\n<td width=\"284\">MOQ<\/td>\n<td width=\"284\">1000PCS<\/td>\n<\/tr>\n<tr>\n<td width=\"284\">Emballage<\/td>\n<td width=\"284\">1PC\/OPP, 100PC\/CTN, emballage sp\u00e9cial selon la demande du client<\/td>\n<\/tr>\n<\/tbody>\n<\/table>\n<p>TOPRISE prend en charge diff\u00e9rents styles de personnalisation des gilets de s\u00e9curit\u00e9. <a href=\"https:\/\/toprisesafety.com\/fr\/categorie-produit\/road-safety-products\/warning-wear\/warning-vest-sun-shade\/\">voir d'autres mod\u00e8les de gilets de s\u00e9curit\u00e9.<\/a><\/p>\n<p>Si vous ne trouvez pas les gilets de s\u00e9curit\u00e9 requis,<a href=\"https:\/\/toprisesafety.com\/fr\/contact-us\/\"> nous contacter ;<\/a> nous offrons la possibilit\u00e9 d'une personnalisation sp\u00e9ciale.<\/p>","protected":false},"excerpt":{"rendered":"<p>Art No.: SV13<\/p>\n<p>Material:\u00a04-5CM elastic ribbon,1.5cm high visibility reflective tape<\/p>\n<p>Taille : taille libre, r\u00e9glable<\/p>\n<p>Color: Fluorescent yellow\/green\/orange-red\/purple\/navy blue\/light blue\/red<\/p>\n<p>Logo : support personnalis\u00e9<\/p>\n<p>MOQ : 1000 PCS<\/p>","protected":false},"featured_media":11998,"template":"","meta":{"_acf_changed":false},"product_brand":[],"product_cat":[325,341],"product_tag":[],"class_list":{"0":"post-11989","1":"product","2":"type-product","3":"status-publish","4":"has-post-thumbnail","6":"product_cat-road-safety-products","7":"product_cat-warning-vest-sun-shade","9":"first","10":"instock","11":"shipping-taxable","12":"product-type-simple"},"acf":[],"_links":{"self":[{"href":"https:\/\/toprisesafety.com\/fr\/wp-json\/wp\/v2\/product\/11989"}],"collection":[{"href":"https:\/\/toprisesafety.com\/fr\/wp-json\/wp\/v2\/product"}],"about":[{"href":"https:\/\/toprisesafety.com\/fr\/wp-json\/wp\/v2\/types\/product"}],"wp:featuredmedia":[{"embeddable":true,"href":"https:\/\/toprisesafety.com\/fr\/wp-json\/wp\/v2\/media\/11998"}],"wp:attachment":[{"href":"https:\/\/toprisesafety.com\/fr\/wp-json\/wp\/v2\/media?parent=11989"}],"wp:term":[{"taxonomy":"product_brand","embeddable":true,"href":"https:\/\/toprisesafety.com\/fr\/wp-json\/wp\/v2\/product_brand?post=11989"},{"taxonomy":"product_cat","embeddable":true,"href":"https:\/\/toprisesafety.com\/fr\/wp-json\/wp\/v2\/product_cat?post=11989"},{"taxonomy":"product_tag","embeddable":true,"href":"https:\/\/toprisesafety.com\/fr\/wp-json\/wp\/v2\/product_tag?post=11989"}],"curies":[{"name":"wp","href":"https:\/\/api.w.org\/{rel}","templated":true}]}}