{"id":11981,"date":"2025-04-28T06:31:35","date_gmt":"2025-04-28T06:31:35","guid":{"rendered":"https:\/\/toprisesafety.com\/?post_type=product&#038;p=11981"},"modified":"2025-05-06T07:26:57","modified_gmt":"2025-05-06T07:26:57","slug":"custom-safety-vests","status":"publish","type":"product","link":"https:\/\/toprisesafety.com\/fr\/produit\/custom-safety-vests\/","title":{"rendered":"Gilets de s\u00e9curit\u00e9 personnalis\u00e9s"},"content":{"rendered":"<h2>Gilets de s\u00e9curit\u00e9 personnalis\u00e9s<\/h2>\n<ul>\n<li>Bandes r\u00e9fl\u00e9chissantes \u00e0 haute luminosit\u00e9 : Garantissent une grande visibilit\u00e9 dans des conditions de faible luminosit\u00e9 et am\u00e9liorent la s\u00e9curit\u00e9 au travail.<\/li>\n<li>Poche multifonctionnelle : Pratique pour ranger les outils et les objets personnels, pour plus de commodit\u00e9.<\/li>\n<li>Pochette transparente en PVC : Sp\u00e9cialement con\u00e7ue pour conserver les permis de travail et faciliter la v\u00e9rification de l'identit\u00e9.<\/li>\n<li>Fermetures \u00e9clair personnalis\u00e9es : Les fermetures \u00e0 glissi\u00e8re peuvent \u00eatre personnalis\u00e9es en fonction de vos besoins afin d'am\u00e9liorer la personnalisation et le professionnalisme.<\/li>\n<li>Grande poche tridimensionnelle : Offre plus d'espace de rangement et convient au transport d'objets volumineux.<\/li>\n<li>Prise en charge de la personnalisation du LOGO : Des logos personnalisables sont disponibles pour am\u00e9liorer l'image de marque.<\/li>\n<li>Emballage personnalis\u00e9 : Am\u00e9liorer la comp\u00e9titivit\u00e9 des produits sur le march\u00e9 et garantir la s\u00e9curit\u00e9 du transport.<\/li>\n<\/ul>\n<table>\n<tbody>\n<tr>\n<td width=\"284\">Art No.<\/td>\n<td width=\"284\">SV11<\/td>\n<\/tr>\n<tr>\n<td width=\"284\">Mat\u00e9riau du tissu<\/td>\n<td width=\"284\">100%polyester tricot\u00e9 tissu fluorescent ou tissu en maille au choix.<\/td>\n<\/tr>\n<tr>\n<td width=\"284\">Bande r\u00e9fl\u00e9chissante<\/td>\n<td width=\"284\">Visibilit\u00e9 normale, haute visibilit\u00e9<\/td>\n<\/tr>\n<tr>\n<td width=\"284\">Bande r\u00e9fl\u00e9chissante<\/td>\n<td width=\"284\">Ruban argent\u00e9 T\/C, treillis en PVC, ruban 3M, etc.<\/td>\n<\/tr>\n<tr>\n<td width=\"284\">Poids du mat\u00e9riau<\/td>\n<td width=\"284\">120g\/sqm, 50-140G\/SQM au choix.<\/td>\n<\/tr>\n<tr>\n<td width=\"284\">Couleur<\/td>\n<td width=\"284\">Jaune fluorescent, vert fluorescent, rouge-orange<\/td>\n<\/tr>\n<tr>\n<td width=\"284\">Mouche du coche<\/td>\n<td width=\"284\">Fermeture \u00e0 glissi\u00e8re, velcro au choix.<\/td>\n<\/tr>\n<tr>\n<td width=\"284\">Pochette<\/td>\n<td width=\"284\">Deux poches inf\u00e9rieures \u00e0 rabat, une poche gauche pour le bristol, une poche droite \u00e0 rabat.<\/td>\n<\/tr>\n<tr>\n<td width=\"284\">Normes de qualit\u00e9<\/td>\n<td width=\"284\">CE EN471,CLASS2<\/td>\n<\/tr>\n<tr>\n<td width=\"284\">Logo<\/td>\n<td width=\"284\">Possibilit\u00e9 d'imprimer le logo du client, de le broder, d'apposer un logo r\u00e9fl\u00e9chissant ou d'apposer une \u00e9tiquette.<\/td>\n<\/tr>\n<tr>\n<td width=\"284\">MOQ<\/td>\n<td width=\"284\">1000PCS<\/td>\n<\/tr>\n<tr>\n<td width=\"284\">Emballage<\/td>\n<td width=\"284\">1PC\/OPP, 100PC\/CTN, emballage sp\u00e9cial selon la demande du client<\/td>\n<\/tr>\n<\/tbody>\n<\/table>\n<p>TOPRISE prend en charge diff\u00e9rents styles de personnalisation des gilets de s\u00e9curit\u00e9. <a href=\"https:\/\/toprisesafety.com\/fr\/categorie-produit\/road-safety-products\/warning-wear\/warning-vest-sun-shade\/\">voir d'autres mod\u00e8les de gilets de s\u00e9curit\u00e9.<\/a><\/p>\n<p>Si vous ne trouvez pas les gilets de s\u00e9curit\u00e9 requis,<a href=\"https:\/\/toprisesafety.com\/fr\/contact-us\/\"> nous contacter ;<\/a> nous offrons la possibilit\u00e9 d'une personnalisation sp\u00e9ciale.<\/p>","protected":false},"excerpt":{"rendered":"<p>No. d'art : SV11<\/p>\n<p>Mati\u00e8re : 100%polyester, 120g\/sqm ou personnalis\u00e9.<\/p>\n<p>Taille : S-XXXL ou personnalis\u00e9<\/p>\n<p>Couleur : jaune\/vert\/orange\/rouge fluorescent<\/p>\n<p>Logo : support personnalis\u00e9<\/p>\n<p>MOQ : 1000 PCS<\/p>","protected":false},"featured_media":11984,"template":"","meta":{"_acf_changed":false},"product_brand":[],"product_cat":[325,341],"product_tag":[],"class_list":{"0":"post-11981","1":"product","2":"type-product","3":"status-publish","4":"has-post-thumbnail","6":"product_cat-road-safety-products","7":"product_cat-warning-vest-sun-shade","9":"first","10":"instock","11":"shipping-taxable","12":"product-type-simple"},"acf":[],"_links":{"self":[{"href":"https:\/\/toprisesafety.com\/fr\/wp-json\/wp\/v2\/product\/11981"}],"collection":[{"href":"https:\/\/toprisesafety.com\/fr\/wp-json\/wp\/v2\/product"}],"about":[{"href":"https:\/\/toprisesafety.com\/fr\/wp-json\/wp\/v2\/types\/product"}],"wp:featuredmedia":[{"embeddable":true,"href":"https:\/\/toprisesafety.com\/fr\/wp-json\/wp\/v2\/media\/11984"}],"wp:attachment":[{"href":"https:\/\/toprisesafety.com\/fr\/wp-json\/wp\/v2\/media?parent=11981"}],"wp:term":[{"taxonomy":"product_brand","embeddable":true,"href":"https:\/\/toprisesafety.com\/fr\/wp-json\/wp\/v2\/product_brand?post=11981"},{"taxonomy":"product_cat","embeddable":true,"href":"https:\/\/toprisesafety.com\/fr\/wp-json\/wp\/v2\/product_cat?post=11981"},{"taxonomy":"product_tag","embeddable":true,"href":"https:\/\/toprisesafety.com\/fr\/wp-json\/wp\/v2\/product_tag?post=11981"}],"curies":[{"name":"wp","href":"https:\/\/api.w.org\/{rel}","templated":true}]}}