{"id":11950,"date":"2025-04-17T08:15:11","date_gmt":"2025-04-17T08:15:11","guid":{"rendered":"https:\/\/toprisesafety.com\/?post_type=product&#038;p=11950"},"modified":"2025-05-06T08:12:29","modified_gmt":"2025-05-06T08:12:29","slug":"respirator-mask","status":"publish","type":"product","link":"https:\/\/toprisesafety.com\/fr\/produit\/respirator-mask\/","title":{"rendered":"Masque respiratoire"},"content":{"rendered":"<h2>masque respiratoire<\/h2>\n<ul>\n<li>Mat\u00e9riau en silicone : Doux et confortable, il convient au port \u00e0 long terme et offre une bonne \u00e9tanch\u00e9it\u00e9 pour garantir l'effet protecteur.<\/li>\n<li>Bo\u00eete \u00e0 filtre rempla\u00e7able : Pratique pour le remplacement, il prolonge la dur\u00e9e de vie et r\u00e9duit les co\u00fbts d'entretien.<\/li>\n<li>Prise en charge de logos et d'emballages personnalis\u00e9s : R\u00e9pondre aux besoins personnalis\u00e9s des entreprises et am\u00e9liorer l'image de marque.<\/li>\n<li>Protection \u00e0 haute efficacit\u00e9 : Filtre efficacement les substances nocives telles que les bombes de peinture et les gaz chimiques afin de garantir la s\u00e9curit\u00e9 respiratoire.<\/li>\n<li>Large application : Particuli\u00e8rement adapt\u00e9 aux environnements de travail tels que le m\u00e9lange et la pulv\u00e9risation de peinture, il prot\u00e8ge la sant\u00e9 des travailleurs.<\/li>\n<\/ul>\n<table>\n<tbody>\n<tr>\n<td width=\"284\">ART NO.<\/td>\n<td width=\"284\">3200<\/td>\n<\/tr>\n<tr>\n<td width=\"284\">Style<\/td>\n<td width=\"284\">Cartouche unique<\/td>\n<\/tr>\n<tr>\n<td width=\"284\">Mat\u00e9riau<\/td>\n<td width=\"284\">Cadre en silicone souple<\/td>\n<\/tr>\n<tr>\n<td width=\"284\">Fonction<\/td>\n<td width=\"284\">Protection efficace contre les gaz organiques, les alcools, les vapeurs organiques, le dioxyde de carbone, l'ammoniac, l'oxyde d'hydrog\u00e8ne, les ph\u00e9nylanilines, le t\u00e9trachlorure de carbone, le nitrobenz\u00e8ne, la chloropicrine, etc.<\/td>\n<\/tr>\n<tr>\n<td width=\"284\">Cartouche rempla\u00e7able<\/td>\n<td width=\"284\">Oui<\/td>\n<\/tr>\n<tr>\n<td width=\"284\">Emballage<\/td>\n<td width=\"284\">Bo\u00eete de couleur ou personnalis\u00e9e<\/td>\n<\/tr>\n<tr>\n<td width=\"284\">Chaque ensemble comprend les \u00e9l\u00e9ments suivants<\/td>\n<td width=\"284\">Un corps de masque, deux tampons filtrants, deux bo\u00eetiers de filtre, deux couvercles de bo\u00eetier de filtre<\/td>\n<\/tr>\n<tr>\n<td width=\"284\">Domaines d'application<\/td>\n<td width=\"284\">Extraction du charbon, broyage, pulv\u00e9risation de pesticides, d\u00e9coration, etc.<\/td>\n<\/tr>\n<\/tbody>\n<\/table>\n<p>&nbsp;<\/p>","protected":false},"excerpt":{"rendered":"<p>N\u00b0 d'art : 3200<\/p>\n<p>Mat\u00e9riau : cadre en silicone souple<\/p>\n<p>Cartouche : Cartouche chimique comprenant<\/p>\n<p>MOQ : 500PCS<\/p>","protected":false},"featured_media":11955,"template":"","meta":{"_acf_changed":false},"product_brand":[],"product_cat":[351,352],"product_tag":[],"class_list":{"0":"post-11950","1":"product","2":"type-product","3":"status-publish","4":"has-post-thumbnail","6":"product_cat-respiratory-protection","7":"product_cat-dust-mask-chemical-mask","9":"first","10":"instock","11":"shipping-taxable","12":"product-type-simple"},"acf":[],"_links":{"self":[{"href":"https:\/\/toprisesafety.com\/fr\/wp-json\/wp\/v2\/product\/11950","targetHints":{"allow":["GET"]}}],"collection":[{"href":"https:\/\/toprisesafety.com\/fr\/wp-json\/wp\/v2\/product"}],"about":[{"href":"https:\/\/toprisesafety.com\/fr\/wp-json\/wp\/v2\/types\/product"}],"wp:featuredmedia":[{"embeddable":true,"href":"https:\/\/toprisesafety.com\/fr\/wp-json\/wp\/v2\/media\/11955"}],"wp:attachment":[{"href":"https:\/\/toprisesafety.com\/fr\/wp-json\/wp\/v2\/media?parent=11950"}],"wp:term":[{"taxonomy":"product_brand","embeddable":true,"href":"https:\/\/toprisesafety.com\/fr\/wp-json\/wp\/v2\/product_brand?post=11950"},{"taxonomy":"product_cat","embeddable":true,"href":"https:\/\/toprisesafety.com\/fr\/wp-json\/wp\/v2\/product_cat?post=11950"},{"taxonomy":"product_tag","embeddable":true,"href":"https:\/\/toprisesafety.com\/fr\/wp-json\/wp\/v2\/product_tag?post=11950"}],"curies":[{"name":"wp","href":"https:\/\/api.w.org\/{rel}","templated":true}]}}