{"id":11946,"date":"2025-04-17T08:05:37","date_gmt":"2025-04-17T08:05:37","guid":{"rendered":"https:\/\/toprisesafety.com\/?post_type=product&#038;p=11946"},"modified":"2025-05-06T08:12:45","modified_gmt":"2025-05-06T08:12:45","slug":"chemical-respirator-mask","status":"publish","type":"product","link":"https:\/\/toprisesafety.com\/fr\/produit\/chemical-respirator-mask\/","title":{"rendered":"Masque respiratoire pour produits chimiques"},"content":{"rendered":"<h2>Masque respiratoire pour produits chimiques<\/h2>\n<ul>\n<li>Bo\u00eetier de filtre \u00e0 charbon actif : Adsorbe efficacement les gaz organiques \u00e0 faible concentration et prot\u00e8ge les voies respiratoires des gaz nocifs.<\/li>\n<li>Large application : Il convient \u00e0 des op\u00e9rations telles que la peinture par pulv\u00e9risation, la soudure \u00e9lectrique et l'application de pesticides, garantissant un fonctionnement s\u00fbr dans des environnements contenant des gaz nocifs.<\/li>\n<li>R\u00e9sistance aux temp\u00e9ratures \u00e9lev\u00e9es : Particuli\u00e8rement adapt\u00e9 aux gaz organiques \u00e0 faible concentration dont le point d'\u00e9bullition est sup\u00e9rieur \u00e0 65 degr\u00e9s, il offre une protection efficace contre les environnements \u00e0 haute temp\u00e9rature.<\/li>\n<li>Port confortable : Le design est ergonomique, offrant une exp\u00e9rience de port confortable et convenant \u00e0 une utilisation \u00e0 long terme.<\/li>\n<\/ul>\n<table>\n<tbody>\n<tr>\n<td width=\"284\">ART NO.<\/td>\n<td width=\"284\">DM08<\/td>\n<\/tr>\n<tr>\n<td width=\"284\">Style<\/td>\n<td width=\"284\">Double cartouche<\/td>\n<\/tr>\n<tr>\n<td width=\"284\">Mat\u00e9riau<\/td>\n<td width=\"284\">Cadre en silicone souple<\/td>\n<\/tr>\n<tr>\n<td width=\"284\">Cartouche<\/td>\n<td width=\"284\">Le charbon actif est utilis\u00e9 pour les gaz organiques \u00e0 faible concentration dont le point d'\u00e9bullition est sup\u00e9rieur \u00e0 65 degr\u00e9s.<\/td>\n<\/tr>\n<tr>\n<td width=\"284\">Cartouche rempla\u00e7able<\/td>\n<td width=\"284\">Oui<\/td>\n<\/tr>\n<tr>\n<td width=\"284\">Emballage<\/td>\n<td width=\"284\">Bo\u00eete de couleur ou personnalis\u00e9e<\/td>\n<\/tr>\n<tr>\n<td width=\"284\">Chaque ensemble comprend les \u00e9l\u00e9ments suivants<\/td>\n<td width=\"284\">Un corps de masque, deux tampons filtrants, deux bo\u00eetiers de filtre, deux couvercles de bo\u00eetier de filtre<\/td>\n<\/tr>\n<tr>\n<td width=\"284\">Domaines d'application<\/td>\n<td width=\"284\">peinture, soudure et pulv\u00e9risation de pesticides<\/td>\n<\/tr>\n<\/tbody>\n<\/table>\n<p>&nbsp;<\/p>","protected":false},"excerpt":{"rendered":"<p>N\u00b0 d'art : DM08<\/p>\n<p>Mat\u00e9riau : Corps en PVC<\/p>\n<p>Cartouche : Cartouche chimique comprenant<\/p>\n<p>MOQ : 1000PCS<\/p>","protected":false},"featured_media":11947,"template":"","meta":{"_acf_changed":false},"product_brand":[],"product_cat":[351,352],"product_tag":[],"class_list":{"0":"post-11946","1":"product","2":"type-product","3":"status-publish","4":"has-post-thumbnail","6":"product_cat-respiratory-protection","7":"product_cat-dust-mask-chemical-mask","9":"first","10":"instock","11":"shipping-taxable","12":"product-type-simple"},"acf":[],"_links":{"self":[{"href":"https:\/\/toprisesafety.com\/fr\/wp-json\/wp\/v2\/product\/11946"}],"collection":[{"href":"https:\/\/toprisesafety.com\/fr\/wp-json\/wp\/v2\/product"}],"about":[{"href":"https:\/\/toprisesafety.com\/fr\/wp-json\/wp\/v2\/types\/product"}],"wp:featuredmedia":[{"embeddable":true,"href":"https:\/\/toprisesafety.com\/fr\/wp-json\/wp\/v2\/media\/11947"}],"wp:attachment":[{"href":"https:\/\/toprisesafety.com\/fr\/wp-json\/wp\/v2\/media?parent=11946"}],"wp:term":[{"taxonomy":"product_brand","embeddable":true,"href":"https:\/\/toprisesafety.com\/fr\/wp-json\/wp\/v2\/product_brand?post=11946"},{"taxonomy":"product_cat","embeddable":true,"href":"https:\/\/toprisesafety.com\/fr\/wp-json\/wp\/v2\/product_cat?post=11946"},{"taxonomy":"product_tag","embeddable":true,"href":"https:\/\/toprisesafety.com\/fr\/wp-json\/wp\/v2\/product_tag?post=11946"}],"curies":[{"name":"wp","href":"https:\/\/api.w.org\/{rel}","templated":true}]}}