{"id":11944,"date":"2025-04-17T08:02:41","date_gmt":"2025-04-17T08:02:41","guid":{"rendered":"https:\/\/toprisesafety.com\/?post_type=product&#038;p=11944"},"modified":"2025-05-06T08:13:05","modified_gmt":"2025-05-06T08:13:05","slug":"chemical-gas-mask-2","status":"publish","type":"product","link":"https:\/\/toprisesafety.com\/fr\/produit\/chemical-gas-mask-2\/","title":{"rendered":"Masque \u00e0 gaz chimique"},"content":{"rendered":"<h2>Masque \u00e0 gaz chimique<\/h2>\n<p>Nous disposons actuellement d'une cartouche chimique n\u00b0 3 en anglais et d'une cartouche compl\u00e8te, qui remplissent les fonctions des cartouches n\u00b0 1\/3\/4\/7.<\/p>\n<table>\n<tbody>\n<tr>\n<td width=\"284\">ART NO.<\/td>\n<td width=\"365\">7502<\/td>\n<\/tr>\n<tr>\n<td width=\"284\">Style<\/td>\n<td width=\"365\">Double cartouche<\/td>\n<\/tr>\n<tr>\n<td width=\"284\">Mat\u00e9riau<\/td>\n<td width=\"365\">Cadre en silicone souple<\/td>\n<\/tr>\n<tr>\n<td width=\"284\">Cartouche<\/td>\n<td width=\"365\">Diff\u00e9rentes fonctions de cartouches au choix.<\/td>\n<\/tr>\n<tr>\n<td width=\"284\">Cartouche rempla\u00e7able<\/td>\n<td width=\"365\">Oui<\/td>\n<\/tr>\n<tr>\n<td width=\"284\">Emballage<\/td>\n<td width=\"365\">Bo\u00eete de couleur ou personnalis\u00e9e<\/td>\n<\/tr>\n<tr>\n<td width=\"284\">Chaque ensemble comprend les \u00e9l\u00e9ments suivants<\/td>\n<td width=\"365\">Un corps de masque, deux tampons filtrants, deux bo\u00eetiers de filtre, deux couvercles de bo\u00eetier de filtre<\/td>\n<\/tr>\n<tr>\n<td width=\"284\">Domaines d'application<\/td>\n<td width=\"365\">Il a un large \u00e9ventail d'utilisations telles que la peinture par pulv\u00e9risation, le g\u00e9nie chimique, les laboratoires, les graffitis, etc.<\/td>\n<\/tr>\n<\/tbody>\n<\/table>\n<p>&nbsp;<\/p>\n<table>\n<tbody>\n<tr>\n<td width=\"137\"><strong><b>Cartouche chimique Diffeent au choix<\/b><\/strong><\/td>\n<td width=\"514\"><strong><b>Fonctions<\/b><\/strong><\/td>\n<\/tr>\n<tr>\n<td width=\"137\">NO.1<\/td>\n<td width=\"514\">Gaz ou vapeurs inorganiques : acide cyanhydrique, chlorure de cyanure, chlore gazeux, etc.<\/td>\n<\/tr>\n<tr>\n<td width=\"137\">NO.3<\/td>\n<td width=\"514\">Gaz et vapeurs organiques : benz\u00e8ne et ses homologues, chlore, alcools, anilines, disulfure de carbone, ac\u00e9tone, t\u00e9trachlorure de carbone, trichlorom\u00e9thane, bromotane, chlorom\u00e9thane, nitroalcane, dichlorom\u00e9thane, chloro\u00e9thane, cyclo\u00e9thane, ph\u00e9nyl\u00e9thane, trichloro\u00e9thane, ph\u00e9nol, etc.<\/td>\n<\/tr>\n<tr>\n<td width=\"137\">NO.4<\/td>\n<td width=\"514\">Ammoniac et ses d\u00e9riv\u00e9s organiques, sulfure d'hydrog\u00e8ne<\/td>\n<\/tr>\n<tr>\n<td width=\"137\">NO.7<\/td>\n<td width=\"514\">Dioxyde de soufre et gaz et vapeurs acides<\/td>\n<\/tr>\n<tr>\n<td width=\"137\">NO.8<\/td>\n<td width=\"514\">hydrog\u00e8ne sulfur\u00e9<\/td>\n<\/tr>\n<\/tbody>\n<\/table>\n<p>&nbsp;<\/p>","protected":false},"excerpt":{"rendered":"<p>N\u00b0 d'art : 7502<\/p>\n<p>Mat\u00e9riau : cadre en silicone souple<\/p>\n<p>Cartouche : Cartouche chimique comprenant<\/p>\n<p>MOQ : 500PCS<\/p>","protected":false},"featured_media":11945,"template":"","meta":{"_acf_changed":false},"product_brand":[],"product_cat":[351,352],"product_tag":[],"class_list":{"0":"post-11944","1":"product","2":"type-product","3":"status-publish","4":"has-post-thumbnail","6":"product_cat-respiratory-protection","7":"product_cat-dust-mask-chemical-mask","9":"first","10":"instock","11":"shipping-taxable","12":"product-type-simple"},"acf":[],"_links":{"self":[{"href":"https:\/\/toprisesafety.com\/fr\/wp-json\/wp\/v2\/product\/11944"}],"collection":[{"href":"https:\/\/toprisesafety.com\/fr\/wp-json\/wp\/v2\/product"}],"about":[{"href":"https:\/\/toprisesafety.com\/fr\/wp-json\/wp\/v2\/types\/product"}],"wp:featuredmedia":[{"embeddable":true,"href":"https:\/\/toprisesafety.com\/fr\/wp-json\/wp\/v2\/media\/11945"}],"wp:attachment":[{"href":"https:\/\/toprisesafety.com\/fr\/wp-json\/wp\/v2\/media?parent=11944"}],"wp:term":[{"taxonomy":"product_brand","embeddable":true,"href":"https:\/\/toprisesafety.com\/fr\/wp-json\/wp\/v2\/product_brand?post=11944"},{"taxonomy":"product_cat","embeddable":true,"href":"https:\/\/toprisesafety.com\/fr\/wp-json\/wp\/v2\/product_cat?post=11944"},{"taxonomy":"product_tag","embeddable":true,"href":"https:\/\/toprisesafety.com\/fr\/wp-json\/wp\/v2\/product_tag?post=11944"}],"curies":[{"name":"wp","href":"https:\/\/api.w.org\/{rel}","templated":true}]}}