{"id":11938,"date":"2025-04-17T07:57:13","date_gmt":"2025-04-17T07:57:13","guid":{"rendered":"https:\/\/toprisesafety.com\/?post_type=product&#038;p=11938"},"modified":"2025-05-06T07:27:49","modified_gmt":"2025-05-06T07:27:49","slug":"full-face-mask","status":"publish","type":"product","link":"https:\/\/toprisesafety.com\/fr\/produit\/full-face-mask\/","title":{"rendered":"Masque complet"},"content":{"rendered":"<h2>Masque complet<\/h2>\n<p>Nous disposons actuellement d'une cartouche chimique n\u00b0 3 en anglais et d'une cartouche compl\u00e8te, qui remplissent les fonctions des cartouches n\u00b0 1\/3\/4\/7.<\/p>\n<p>&nbsp;<\/p>\n<ul>\n<li>Protection compl\u00e8te : Gr\u00e2ce \u00e0 sa conception int\u00e9grale, il offre une plus grande surface de protection du visage, garantissant que les yeux, le nez et la bouche sont tous prot\u00e9g\u00e9s des gaz nocifs, de la poussi\u00e8re et des produits chimiques.<\/li>\n<li>Confort : Le masque est fabriqu\u00e9 en mat\u00e9riau TPE, qui est souple et pr\u00e9sente d'excellentes performances d'\u00e9tanch\u00e9it\u00e9, ce qui le rend plus confortable \u00e0 porter et moins susceptible de provoquer une g\u00eane apr\u00e8s une utilisation prolong\u00e9e.<\/li>\n<li>Forte durabilit\u00e9 : Le cadre est fabriqu\u00e9 dans un mat\u00e9riau robuste et durable.<\/li>\n<li>LOGO et emballage personnalis\u00e9s : possibilit\u00e9 de personnaliser le logo et l'emballage.<\/li>\n<li>Application multifonctionnelle : Largement utilis\u00e9 dans des environnements de travail tels que l'ing\u00e9nierie chimique, la peinture, le broyage et les laboratoires, il peut s'adapter \u00e0 diverses exigences industrielles complexes.<\/li>\n<li>Syst\u00e8me \u00e0 double \u00e9l\u00e9ment filtrant : Le masque est \u00e9quip\u00e9 d'\u00e9l\u00e9ments filtrants en polycarbonate PC des deux c\u00f4t\u00e9s, ce qui permet de filtrer efficacement les substances nocives et de garantir la s\u00e9curit\u00e9 respiratoire.<\/li>\n<\/ul>\n<table>\n<tbody>\n<tr>\n<td width=\"284\">ART NO.<\/td>\n<td width=\"365\">6800<\/td>\n<\/tr>\n<tr>\n<td width=\"284\">Style<\/td>\n<td width=\"365\">Double cartouche<\/td>\n<\/tr>\n<tr>\n<td width=\"284\">Mat\u00e9riau<\/td>\n<td width=\"365\">Cadre : ABS, masque nasal et buccal : TPE, \u00e9cran facial : PC<\/td>\n<\/tr>\n<tr>\n<td width=\"284\">Fonction<\/td>\n<td width=\"365\">Gaz et vapeurs organiques, benz\u00e8ne et ses homologues, chlore, alcools, anilines, disulfure de carbone, ac\u00e9tone, t\u00e9trachlorure de carbone, trichlorom\u00e9thane, chlorom\u00e9thane, bromure de m\u00e9thyle, etc.<\/p>\n<p>&nbsp;<\/td>\n<\/tr>\n<tr>\n<td width=\"284\">Cartouche rempla\u00e7able<\/td>\n<td width=\"365\">Oui<\/td>\n<\/tr>\n<tr>\n<td width=\"284\">Emballage<\/td>\n<td width=\"365\">Bo\u00eete de couleur ou personnalis\u00e9e<\/td>\n<\/tr>\n<tr>\n<td width=\"284\">Chaque ensemble comprend les \u00e9l\u00e9ments suivants<\/td>\n<td width=\"365\">Un corps de masque, deux tampons filtrants, deux bo\u00eetiers de filtre, deux couvercles de bo\u00eetier de filtre<\/td>\n<\/tr>\n<tr>\n<td width=\"284\">Domaines d'application<\/td>\n<td width=\"365\">Il a un large \u00e9ventail d'utilisations telles que la peinture par pulv\u00e9risation, le g\u00e9nie chimique, les laboratoires, les graffitis, etc.<\/td>\n<\/tr>\n<\/tbody>\n<\/table>\n<table>\n<tbody>\n<tr>\n<td width=\"137\"><strong><b>Cartouche chimique Diffeent au choix<\/b><\/strong><\/td>\n<td width=\"514\"><strong><b>Fonctions<\/b><\/strong><\/td>\n<\/tr>\n<tr>\n<td width=\"137\">NO.1<\/td>\n<td width=\"514\">Gaz ou vapeurs inorganiques : acide cyanhydrique, chlorure de cyanure, chlore gazeux, etc.<\/td>\n<\/tr>\n<tr>\n<td width=\"137\">NO.3<\/td>\n<td width=\"514\">Gaz et vapeurs organiques : benz\u00e8ne et ses homologues, chlore, alcools, anilines, disulfure de carbone, ac\u00e9tone, t\u00e9trachlorure de carbone, trichlorom\u00e9thane, bromotane, chlorom\u00e9thane, nitroalcane, dichlorom\u00e9thane, chloro\u00e9thane, cyclo\u00e9thane, ph\u00e9nyl\u00e9thane, trichloro\u00e9thane, ph\u00e9nol, etc.<\/td>\n<\/tr>\n<tr>\n<td width=\"137\">NO.4<\/td>\n<td width=\"514\">Ammoniac et ses d\u00e9riv\u00e9s organiques, sulfure d'hydrog\u00e8ne<\/td>\n<\/tr>\n<tr>\n<td width=\"137\">NO.7<\/td>\n<td width=\"514\">Dioxyde de soufre et gaz et vapeurs acides<\/td>\n<\/tr>\n<tr>\n<td width=\"137\">NO.8<\/td>\n<td width=\"514\">hydrog\u00e8ne sulfur\u00e9<\/td>\n<\/tr>\n<\/tbody>\n<\/table>\n<p>TOPRISE prend en charge diff\u00e9rents styles de personnalisation des gilets de s\u00e9curit\u00e9. <a href=\"https:\/\/toprisesafety.com\/fr\/categorie-produit\/road-safety-products\/warning-wear\/warning-vest-sun-shade\/\">voir d'autres mod\u00e8les de gilets de s\u00e9curit\u00e9.<\/a><\/p>\n<p>Si vous ne trouvez pas les gilets de s\u00e9curit\u00e9 requis,<a href=\"https:\/\/toprisesafety.com\/fr\/contact-us\/\"> nous contacter ;<\/a> nous offrons la possibilit\u00e9 d'une personnalisation sp\u00e9ciale.<\/p>","protected":false},"excerpt":{"rendered":"<p>N\u00b0 d'art : 6800<\/p>\n<p>Mat\u00e9riau : cadre : ABS, masque nasal et buccal : TPE, \u00e9cran facial : PC<\/p>\n<p>Cartouche : Cartouche chimique comprenant<\/p>\n<p>MOQ : 500PCS<\/p>","protected":false},"featured_media":11941,"template":"","meta":{"_acf_changed":false},"product_brand":[],"product_cat":[351,352],"product_tag":[],"class_list":{"0":"post-11938","1":"product","2":"type-product","3":"status-publish","4":"has-post-thumbnail","6":"product_cat-respiratory-protection","7":"product_cat-dust-mask-chemical-mask","9":"first","10":"instock","11":"shipping-taxable","12":"product-type-simple"},"acf":[],"_links":{"self":[{"href":"https:\/\/toprisesafety.com\/fr\/wp-json\/wp\/v2\/product\/11938"}],"collection":[{"href":"https:\/\/toprisesafety.com\/fr\/wp-json\/wp\/v2\/product"}],"about":[{"href":"https:\/\/toprisesafety.com\/fr\/wp-json\/wp\/v2\/types\/product"}],"wp:featuredmedia":[{"embeddable":true,"href":"https:\/\/toprisesafety.com\/fr\/wp-json\/wp\/v2\/media\/11941"}],"wp:attachment":[{"href":"https:\/\/toprisesafety.com\/fr\/wp-json\/wp\/v2\/media?parent=11938"}],"wp:term":[{"taxonomy":"product_brand","embeddable":true,"href":"https:\/\/toprisesafety.com\/fr\/wp-json\/wp\/v2\/product_brand?post=11938"},{"taxonomy":"product_cat","embeddable":true,"href":"https:\/\/toprisesafety.com\/fr\/wp-json\/wp\/v2\/product_cat?post=11938"},{"taxonomy":"product_tag","embeddable":true,"href":"https:\/\/toprisesafety.com\/fr\/wp-json\/wp\/v2\/product_tag?post=11938"}],"curies":[{"name":"wp","href":"https:\/\/api.w.org\/{rel}","templated":true}]}}