{"id":11929,"date":"2025-04-17T07:46:24","date_gmt":"2025-04-17T07:46:24","guid":{"rendered":"https:\/\/toprisesafety.com\/?post_type=product&#038;p=11929"},"modified":"2025-05-06T08:14:04","modified_gmt":"2025-05-06T08:14:04","slug":"chemical-gas-mask","status":"publish","type":"product","link":"https:\/\/toprisesafety.com\/fr\/produit\/chemical-gas-mask\/","title":{"rendered":"masque \u00e0 gaz chimique"},"content":{"rendered":"<h2>Masque \u00e0 gaz chimique<\/h2>\n<ul>\n<li>Demi-protection faciale : protection efficace contre le formald\u00e9hyde, les pesticides, les gaz chimiques et d'autres substances nocives.<\/li>\n<li>Largement utilis\u00e9 : peut r\u00e9sister au benz\u00e8ne, \u00e0 l'aniline, au t\u00e9trachlorure de carbone, au nitrobenz\u00e8ne, \u00e0 la chloropicrine et \u00e0 d'autres gaz toxiques.<\/li>\n<li>Filtration efficace : Filtre les gaz ou les vapeurs organiques pour prot\u00e9ger la sant\u00e9 respiratoire.<\/li>\n<li>Service de personnalisation : Prise en charge de la personnalisation du LOGO du client et de l'emballage personnalis\u00e9.<\/li>\n<\/ul>\n<table>\n<tbody>\n<tr>\n<td width=\"284\">ART NO.<\/td>\n<td width=\"284\">6200<\/td>\n<\/tr>\n<tr>\n<td width=\"284\">Style<\/td>\n<td width=\"284\">Double cartouche<\/td>\n<\/tr>\n<tr>\n<td width=\"284\">Mat\u00e9riau<\/td>\n<td width=\"284\">Cadre en silicone souple<\/td>\n<\/tr>\n<tr>\n<td width=\"284\">Fonction<\/td>\n<td width=\"284\">Protection efficace contre les gaz organiques, les alcools, les vapeurs organiques, le dioxyde de carbone, l'ammoniac, l'oxyde d'hydrog\u00e8ne, les ph\u00e9nylanilines, le t\u00e9trachlorure de carbone, le nitrobenz\u00e8ne, la chloropicrine, etc.<\/td>\n<\/tr>\n<tr>\n<td width=\"284\">Cartouche rempla\u00e7able<\/td>\n<td width=\"284\">Oui<\/td>\n<\/tr>\n<tr>\n<td width=\"284\">Emballage<\/td>\n<td width=\"284\">Bo\u00eete de couleur ou personnalis\u00e9e<\/td>\n<\/tr>\n<tr>\n<td width=\"284\">Chaque ensemble comprend les \u00e9l\u00e9ments suivants<\/td>\n<td width=\"284\">Un corps de masque, deux tampons filtrants, deux bo\u00eetiers de filtre, deux couvercles de bo\u00eetier de filtre<\/td>\n<\/tr>\n<tr>\n<td width=\"284\">Domaines d'application<\/td>\n<td width=\"284\">Extraction du charbon, broyage, pulv\u00e9risation de pesticides, d\u00e9coration, etc.<\/td>\n<\/tr>\n<\/tbody>\n<\/table>\n<p>&nbsp;<\/p>\n<div style=\"width: 800px;\" class=\"wp-video\"><video class=\"wp-video-shortcode\" id=\"video-11929-1\" width=\"800\" height=\"450\" preload=\"metadata\" controls=\"controls\"><source type=\"video\/mp4\" src=\"https:\/\/toprisesafety.com\/wp-content\/uploads\/2025\/04\/6200-half-face-eusable-respirator-gas-mask-China-Manufacturer.mp4?_=1\" \/><a href=\"https:\/\/toprisesafety.com\/wp-content\/uploads\/2025\/04\/6200-half-face-eusable-respirator-gas-mask-China-Manufacturer.mp4\">https:\/\/toprisesafety.com\/wp-content\/uploads\/2025\/04\/6200-half-face-eusable-respirator-gas-mask-China-Manufacturer.mp4<\/a><\/video><\/div>","protected":false},"excerpt":{"rendered":"<p>N\u00b0 d'art : 6200<\/p>\n<p>Mat\u00e9riau : silicone souple<\/p>\n<p>Cartouche : Cartouche chimique comprenant<\/p>\n<p>MOQ : 500 PCS<\/p>","protected":false},"featured_media":11934,"template":"","meta":{"_acf_changed":false},"product_brand":[],"product_cat":[351,352],"product_tag":[],"class_list":{"0":"post-11929","1":"product","2":"type-product","3":"status-publish","4":"has-post-thumbnail","6":"product_cat-respiratory-protection","7":"product_cat-dust-mask-chemical-mask","9":"first","10":"instock","11":"shipping-taxable","12":"product-type-simple"},"acf":[],"_links":{"self":[{"href":"https:\/\/toprisesafety.com\/fr\/wp-json\/wp\/v2\/product\/11929","targetHints":{"allow":["GET"]}}],"collection":[{"href":"https:\/\/toprisesafety.com\/fr\/wp-json\/wp\/v2\/product"}],"about":[{"href":"https:\/\/toprisesafety.com\/fr\/wp-json\/wp\/v2\/types\/product"}],"wp:featuredmedia":[{"embeddable":true,"href":"https:\/\/toprisesafety.com\/fr\/wp-json\/wp\/v2\/media\/11934"}],"wp:attachment":[{"href":"https:\/\/toprisesafety.com\/fr\/wp-json\/wp\/v2\/media?parent=11929"}],"wp:term":[{"taxonomy":"product_brand","embeddable":true,"href":"https:\/\/toprisesafety.com\/fr\/wp-json\/wp\/v2\/product_brand?post=11929"},{"taxonomy":"product_cat","embeddable":true,"href":"https:\/\/toprisesafety.com\/fr\/wp-json\/wp\/v2\/product_cat?post=11929"},{"taxonomy":"product_tag","embeddable":true,"href":"https:\/\/toprisesafety.com\/fr\/wp-json\/wp\/v2\/product_tag?post=11929"}],"curies":[{"name":"wp","href":"https:\/\/api.w.org\/{rel}","templated":true}]}}