{"id":11894,"date":"2025-04-14T08:09:55","date_gmt":"2025-04-14T08:09:55","guid":{"rendered":"https:\/\/toprisesafety.com\/?post_type=product&#038;p=11894"},"modified":"2025-04-15T06:06:56","modified_gmt":"2025-04-15T06:06:56","slug":"safety-harness-with-lanyard","status":"publish","type":"product","link":"https:\/\/toprisesafety.com\/fr\/produit\/safety-harness-with-lanyard\/","title":{"rendered":"Harnais de s\u00e9curit\u00e9 avec longe"},"content":{"rendered":"<h2>Harnais de s\u00e9curit\u00e9 avec longe<\/h2>\n<ul>\n<li>Mat\u00e9riau en polyester tr\u00e8s r\u00e9sistant : durable et offrant une s\u00e9curit\u00e9 fiable.<\/li>\n<li>Corde de s\u00e9curit\u00e9 \u00e9lastique : augmente la flexibilit\u00e9 et r\u00e9duit les chocs de traction pendant l'op\u00e9ration.<\/li>\n<li>Ensemble de tampons en option : att\u00e9nue efficacement l'impact de la chute et renforce la s\u00e9curit\u00e9.<\/li>\n<li>Option crochet simple ou crochet double : Choisissez en toute flexibilit\u00e9 en fonction des besoins pour vous adapter \u00e0 diff\u00e9rents sc\u00e9narios de travail.<\/li>\n<li>Le logo et l'emballage peuvent \u00eatre personnalis\u00e9s. Permet la personnalisation, am\u00e9liore l'image de marque.<\/li>\n<\/ul>\n<table>\n<tbody>\n<tr>\n<td width=\"284\">ART NO.<\/td>\n<td width=\"284\">SH07<\/td>\n<\/tr>\n<tr>\n<td width=\"284\">Mat\u00e9riau de la sangle<\/td>\n<td width=\"284\">Polyester, acier alli\u00e9, alliage d'aluminium<\/td>\n<\/tr>\n<tr>\n<td width=\"284\">Taille de la sangle<\/td>\n<td width=\"284\">4,5CM de largeur<\/td>\n<\/tr>\n<tr>\n<td width=\"284\">Couleur<\/td>\n<td width=\"284\">Vert\/jaune ou personnalis\u00e9<\/td>\n<\/tr>\n<tr>\n<td width=\"284\">Structure<\/td>\n<td width=\"284\">Anneaux en D \u00e0 5 positions, configuration m\u00e9tallique \u00e0 fixation rapide.<\/p>\n<p>&nbsp;<\/td>\n<\/tr>\n<tr>\n<td width=\"284\">La force<\/td>\n<td width=\"284\">&gt;23KN<\/td>\n<\/tr>\n<tr>\n<td width=\"284\">Taille de la corde de s\u00e9curit\u00e9<\/td>\n<td width=\"284\">largeur de l'absorbeur d'\u00e9nergie 1,34-1,94m<\/td>\n<\/tr>\n<tr>\n<td width=\"284\">Normes de qualit\u00e9<\/td>\n<td width=\"284\">CE EN361<\/td>\n<\/tr>\n<tr>\n<td width=\"284\">Emballage<\/td>\n<td width=\"284\">1PC\/bo\u00eete de couleur ou sac en tissu non tiss\u00e9 noir, 10PCS\/CTN<\/td>\n<\/tr>\n<tr>\n<td width=\"284\">Application<\/td>\n<td width=\"284\">Alpinisme, expansion, sauvetage, travail a\u00e9rien, exploration de grottes, descente rapide, etc.<\/td>\n<\/tr>\n<\/tbody>\n<\/table>\n<p>TOPRISE prend en charge diff\u00e9rents styles de personnalisation des harnais de s\u00e9curit\u00e9. <a href=\"https:\/\/toprisesafety.com\/fr\/categorie-produit\/personal-protective-equipment\/safety-harness\/\">voir d'autres mod\u00e8les de harnais de s\u00e9curit\u00e9.<\/a><\/p>\n<p>Si vous ne trouvez pas les harnais de s\u00e9curit\u00e9 requis, <a href=\"https:\/\/toprisesafety.com\/fr\/contact-us\/\">nous contacter<\/a>; nous prenons en charge la personnalisation sp\u00e9ciale.<\/p>","protected":false},"excerpt":{"rendered":"<p>ART NO. SH07<\/p>\n<p>Color: Black, yellow\/blue, yellow\/grey or customized<\/p>\n<p>MOQ : 100 PCS<\/p>\n<p>Norme de qualit\u00e9 : CE EN361<\/p>","protected":false},"featured_media":11896,"template":"","meta":{"_acf_changed":false},"product_brand":[],"product_cat":[327],"product_tag":[],"class_list":{"0":"post-11894","1":"product","2":"type-product","3":"status-publish","4":"has-post-thumbnail","6":"product_cat-safety-harness","8":"first","9":"instock","10":"shipping-taxable","11":"product-type-simple"},"acf":[],"_links":{"self":[{"href":"https:\/\/toprisesafety.com\/fr\/wp-json\/wp\/v2\/product\/11894"}],"collection":[{"href":"https:\/\/toprisesafety.com\/fr\/wp-json\/wp\/v2\/product"}],"about":[{"href":"https:\/\/toprisesafety.com\/fr\/wp-json\/wp\/v2\/types\/product"}],"wp:featuredmedia":[{"embeddable":true,"href":"https:\/\/toprisesafety.com\/fr\/wp-json\/wp\/v2\/media\/11896"}],"wp:attachment":[{"href":"https:\/\/toprisesafety.com\/fr\/wp-json\/wp\/v2\/media?parent=11894"}],"wp:term":[{"taxonomy":"product_brand","embeddable":true,"href":"https:\/\/toprisesafety.com\/fr\/wp-json\/wp\/v2\/product_brand?post=11894"},{"taxonomy":"product_cat","embeddable":true,"href":"https:\/\/toprisesafety.com\/fr\/wp-json\/wp\/v2\/product_cat?post=11894"},{"taxonomy":"product_tag","embeddable":true,"href":"https:\/\/toprisesafety.com\/fr\/wp-json\/wp\/v2\/product_tag?post=11894"}],"curies":[{"name":"wp","href":"https:\/\/api.w.org\/{rel}","templated":true}]}}