{"id":11886,"date":"2025-04-14T08:00:51","date_gmt":"2025-04-14T08:00:51","guid":{"rendered":"https:\/\/toprisesafety.com\/?post_type=product&#038;p=11886"},"modified":"2025-04-15T06:08:28","modified_gmt":"2025-04-15T06:08:28","slug":"safety-harness-fall-protection","status":"publish","type":"product","link":"https:\/\/toprisesafety.com\/fr\/produit\/safety-harness-fall-protection\/","title":{"rendered":"Harnais de s\u00e9curit\u00e9 Protection contre les chutes"},"content":{"rendered":"<h2>Harnais de s\u00e9curit\u00e9 Protection contre les chutes<\/h2>\n<ul>\n<li>Conception amovible de la partie sup\u00e9rieure du corps : facile \u00e0 ajuster en fonction de la demande, s'adaptant \u00e0 diff\u00e9rents environnements de travail.<\/li>\n<li>Mat\u00e9riau en polyester tr\u00e8s r\u00e9sistant : Durable et r\u00e9sistant, il offre un soutien et une s\u00e9curit\u00e9 solides.<\/li>\n<li>Anneau de support pour la poitrine et le dos : conception de support multiple pour assurer la s\u00e9curit\u00e9 du travail en haute altitude.<\/li>\n<li>Boucle r\u00e9glable : Elle peut \u00eatre ajust\u00e9e de mani\u00e8re flexible en fonction de la morphologie afin de garantir un ajustement confortable.<\/li>\n<li>Conception des coussins : augmentation du confort de port, r\u00e9duction du fardeau des op\u00e9rations \u00e0 long terme.<\/li>\n<li>LOGO personnalisable : permet la personnalisation et renforce la notori\u00e9t\u00e9 de la marque.<\/li>\n<\/ul>\n<table>\n<tbody>\n<tr>\n<td width=\"284\">ART NO.<\/td>\n<td width=\"323\">SH05<\/td>\n<\/tr>\n<tr>\n<td width=\"284\">Mat\u00e9riau de la sangle<\/td>\n<td width=\"323\">Polyester, acier alli\u00e9, alliage d'aluminium<\/td>\n<\/tr>\n<tr>\n<td width=\"284\">Taille de la sangle<\/td>\n<td width=\"323\">4,5CM de largeur<\/td>\n<\/tr>\n<tr>\n<td width=\"284\">Couleur<\/td>\n<td width=\"323\">Noir\/rouge ou personnalis\u00e9<\/td>\n<\/tr>\n<tr>\n<td width=\"284\">Structure<\/td>\n<td width=\"323\">4 anneaux en D de position, la partie sup\u00e9rieure du corps est amovible<\/p>\n<p>&nbsp;<\/td>\n<\/tr>\n<tr>\n<td width=\"284\">La force<\/td>\n<td width=\"323\">&gt;22KN<\/td>\n<\/tr>\n<tr>\n<td width=\"284\">Taille de la corde de s\u00e9curit\u00e9<\/td>\n<td width=\"323\">longueur totale sup\u00e9rieure \u00e0 1,4 m sans absorbeur d'\u00e9nergie, avec absorbeur d'\u00e9nergie longueur totale sup\u00e9rieure \u00e0 1,9 m.<\/td>\n<\/tr>\n<tr>\n<td width=\"284\">Normes de qualit\u00e9<\/td>\n<td width=\"323\">CE EN361<\/td>\n<\/tr>\n<tr>\n<td width=\"284\">Hauteur disponible<\/td>\n<td width=\"323\">150-200CM<\/td>\n<\/tr>\n<tr>\n<td width=\"284\">Tour de taille disponible<\/td>\n<td width=\"323\">90-130CM<\/td>\n<\/tr>\n<tr>\n<td width=\"284\">Tour de cuisse disponible<\/td>\n<td width=\"323\">40-80CM<\/td>\n<\/tr>\n<tr>\n<td width=\"284\">Emballage<\/td>\n<td width=\"323\">1PC\/bo\u00eete de couleur ou sac en tissu non tiss\u00e9 noir, 10PCS\/CTN<\/td>\n<\/tr>\n<tr>\n<td width=\"284\">Application<\/td>\n<td width=\"323\">Alpinisme, expansion, sauvetage, travail a\u00e9rien, exploration de grottes, descente rapide, etc.<\/td>\n<\/tr>\n<\/tbody>\n<\/table>\n<p>TOPRISE prend en charge diff\u00e9rents styles de personnalisation des harnais de s\u00e9curit\u00e9. <a href=\"https:\/\/toprisesafety.com\/fr\/categorie-produit\/personal-protective-equipment\/safety-harness\/\">voir d'autres mod\u00e8les de harnais de s\u00e9curit\u00e9.<\/a><\/p>\n<p>Si vous ne trouvez pas les harnais de s\u00e9curit\u00e9 requis, <a href=\"https:\/\/toprisesafety.com\/fr\/contact-us\/\">nous contacter<\/a>; nous prenons en charge la personnalisation sp\u00e9ciale.<\/p>","protected":false},"excerpt":{"rendered":"<p>N\u00b0 d'art : SH05<\/p>\n<p>Couleur : noir\/rouge ou personnalis\u00e9e<\/p>\n<p>MOQ : 100 PCS<\/p>\n<p>Norme de qualit\u00e9 : CE EN361<\/p>","protected":false},"featured_media":11889,"template":"","meta":{"_acf_changed":false},"product_brand":[],"product_cat":[327],"product_tag":[],"class_list":{"0":"post-11886","1":"product","2":"type-product","3":"status-publish","4":"has-post-thumbnail","6":"product_cat-safety-harness","8":"first","9":"instock","10":"shipping-taxable","11":"product-type-simple"},"acf":[],"_links":{"self":[{"href":"https:\/\/toprisesafety.com\/fr\/wp-json\/wp\/v2\/product\/11886"}],"collection":[{"href":"https:\/\/toprisesafety.com\/fr\/wp-json\/wp\/v2\/product"}],"about":[{"href":"https:\/\/toprisesafety.com\/fr\/wp-json\/wp\/v2\/types\/product"}],"wp:featuredmedia":[{"embeddable":true,"href":"https:\/\/toprisesafety.com\/fr\/wp-json\/wp\/v2\/media\/11889"}],"wp:attachment":[{"href":"https:\/\/toprisesafety.com\/fr\/wp-json\/wp\/v2\/media?parent=11886"}],"wp:term":[{"taxonomy":"product_brand","embeddable":true,"href":"https:\/\/toprisesafety.com\/fr\/wp-json\/wp\/v2\/product_brand?post=11886"},{"taxonomy":"product_cat","embeddable":true,"href":"https:\/\/toprisesafety.com\/fr\/wp-json\/wp\/v2\/product_cat?post=11886"},{"taxonomy":"product_tag","embeddable":true,"href":"https:\/\/toprisesafety.com\/fr\/wp-json\/wp\/v2\/product_tag?post=11886"}],"curies":[{"name":"wp","href":"https:\/\/api.w.org\/{rel}","templated":true}]}}