{"id":11882,"date":"2025-04-14T07:48:31","date_gmt":"2025-04-14T07:48:31","guid":{"rendered":"https:\/\/toprisesafety.com\/?post_type=product&#038;p=11882"},"modified":"2025-04-15T06:08:58","modified_gmt":"2025-04-15T06:08:58","slug":"safety-harness-and-layard","status":"publish","type":"product","link":"https:\/\/toprisesafety.com\/fr\/produit\/safety-harness-and-layard\/","title":{"rendered":"Harnais de s\u00e9curit\u00e9 et Layard"},"content":{"rendered":"<h2>Harnais de s\u00e9curit\u00e9 et Layard<\/h2>\n<ul>\n<li>Conception \u00e0 points d'accroche multiples : les points d'accroche se trouvent dans le dos, des deux c\u00f4t\u00e9s de la taille et au milieu de l'estomac pour r\u00e9pondre \u00e0 diff\u00e9rents besoins op\u00e9rationnels.<\/li>\n<li>Protection int\u00e9grale : protections des \u00e9paules, de la taille et des jambes, con\u00e7ues pour offrir une s\u00e9curit\u00e9 compl\u00e8te.<\/li>\n<li>Attache en m\u00e9tal : Attache efficace et s\u00fbre pour un port rapide.<\/li>\n<li>LOGO personnalisable : permet de personnaliser le client et d'am\u00e9liorer l'image de marque.<\/li>\n<li>Haute s\u00e9curit\u00e9 : Assure la stabilit\u00e9 et le confort pendant le travail en altitude, r\u00e9duisant ainsi le risque de fatigue et de blessure.<\/li>\n<\/ul>\n<table>\n<tbody>\n<tr>\n<td width=\"284\">ART NO.<\/td>\n<td width=\"284\">SH04<\/td>\n<\/tr>\n<tr>\n<td width=\"284\">Mat\u00e9riau de la sangle<\/td>\n<td width=\"284\">Polyester, acier alli\u00e9, alliage d'aluminium<\/td>\n<\/tr>\n<tr>\n<td width=\"284\">Taille de la sangle<\/td>\n<td width=\"284\">4,5CM de largeur<\/td>\n<\/tr>\n<tr>\n<td width=\"284\">Couleur<\/td>\n<td width=\"284\">Vert\/jaune ou personnalis\u00e9<\/td>\n<\/tr>\n<tr>\n<td width=\"284\">Structure<\/td>\n<td width=\"284\">Anneaux en D \u00e0 5 positions, configuration m\u00e9tallique \u00e0 fixation rapide.<\/p>\n<p>&nbsp;<\/td>\n<\/tr>\n<tr>\n<td width=\"284\">La force<\/td>\n<td width=\"284\">&gt;23KN<\/td>\n<\/tr>\n<tr>\n<td width=\"284\">Taille de la corde de s\u00e9curit\u00e9<\/td>\n<td width=\"284\">Absorbeur d'\u00e9nergie de 45 mm de large, diam\u00e8tre du c\u00e2ble de 15 mm, longueur totale de 1,8 m, possibilit\u00e9 de personnalisation.<\/td>\n<\/tr>\n<tr>\n<td width=\"284\">Normes de qualit\u00e9<\/td>\n<td width=\"284\">CE EN361<\/td>\n<\/tr>\n<tr>\n<td width=\"284\">Emballage<\/td>\n<td width=\"284\">1PC\/bo\u00eete de couleur ou sac en tissu non tiss\u00e9 noir, 10PCS\/CTN<\/td>\n<\/tr>\n<tr>\n<td width=\"284\">Application<\/td>\n<td width=\"284\">Alpinisme, expansion, sauvetage, travail a\u00e9rien, exploration de grottes, descente rapide, etc.<\/td>\n<\/tr>\n<\/tbody>\n<\/table>\n<p>TOPRISE prend en charge diff\u00e9rents styles de personnalisation des harnais de s\u00e9curit\u00e9. <a href=\"https:\/\/toprisesafety.com\/fr\/categorie-produit\/personal-protective-equipment\/safety-harness\/\">voir d'autres mod\u00e8les de harnais de s\u00e9curit\u00e9.<\/a><\/p>\n<p>Si vous ne trouvez pas les harnais de s\u00e9curit\u00e9 requis, <a href=\"https:\/\/toprisesafety.com\/fr\/contact-us\/\">nous contacter<\/a>; nous prenons en charge la personnalisation sp\u00e9ciale.<\/p>","protected":false},"excerpt":{"rendered":"<p>Art No.: SH04<\/p>\n<p>Color: Green\/yellow or customized<\/p>\n<p>MOQ : 100 PCS<\/p>\n<p>Norme de qualit\u00e9 : CE EN361<\/p>","protected":false},"featured_media":11885,"template":"","meta":{"_acf_changed":false},"product_brand":[],"product_cat":[327],"product_tag":[],"class_list":{"0":"post-11882","1":"product","2":"type-product","3":"status-publish","4":"has-post-thumbnail","6":"product_cat-safety-harness","8":"first","9":"instock","10":"shipping-taxable","11":"product-type-simple"},"acf":[],"_links":{"self":[{"href":"https:\/\/toprisesafety.com\/fr\/wp-json\/wp\/v2\/product\/11882"}],"collection":[{"href":"https:\/\/toprisesafety.com\/fr\/wp-json\/wp\/v2\/product"}],"about":[{"href":"https:\/\/toprisesafety.com\/fr\/wp-json\/wp\/v2\/types\/product"}],"wp:featuredmedia":[{"embeddable":true,"href":"https:\/\/toprisesafety.com\/fr\/wp-json\/wp\/v2\/media\/11885"}],"wp:attachment":[{"href":"https:\/\/toprisesafety.com\/fr\/wp-json\/wp\/v2\/media?parent=11882"}],"wp:term":[{"taxonomy":"product_brand","embeddable":true,"href":"https:\/\/toprisesafety.com\/fr\/wp-json\/wp\/v2\/product_brand?post=11882"},{"taxonomy":"product_cat","embeddable":true,"href":"https:\/\/toprisesafety.com\/fr\/wp-json\/wp\/v2\/product_cat?post=11882"},{"taxonomy":"product_tag","embeddable":true,"href":"https:\/\/toprisesafety.com\/fr\/wp-json\/wp\/v2\/product_tag?post=11882"}],"curies":[{"name":"wp","href":"https:\/\/api.w.org\/{rel}","templated":true}]}}