{"id":11815,"date":"2025-04-09T07:19:02","date_gmt":"2025-04-09T07:19:02","guid":{"rendered":"https:\/\/toprisesafety.com\/?post_type=product&#038;p=11815"},"modified":"2025-04-14T06:08:37","modified_gmt":"2025-04-14T06:08:37","slug":"waist-and-back-support-belt","status":"publish","type":"product","link":"https:\/\/toprisesafety.com\/fr\/produit\/waist-and-back-support-belt\/","title":{"rendered":"Ceinture de soutien pour la taille et le dos"},"content":{"rendered":"<h2>Ceinture de soutien pour la taille et le dos<\/h2>\n<table>\n<tbody>\n<tr>\n<td width=\"284\">ART NO.<\/td>\n<td width=\"284\">BS04<\/td>\n<\/tr>\n<tr>\n<td width=\"284\">Mat\u00e9riau<\/td>\n<td width=\"284\">polyester, fil de latex, crochets et boucles<\/td>\n<\/tr>\n<tr>\n<td width=\"284\">Couleur<\/td>\n<td width=\"284\">Noir<\/td>\n<\/tr>\n<tr>\n<td width=\"284\">Taille<\/td>\n<td width=\"284\">S:28-32\";M:32-38\";L:38-46\";XL:46-56\" ; XXL:56-62\";XXXL:62-68\" ou sur mesure.<\/td>\n<\/tr>\n<tr>\n<td width=\"284\">Logo du client<\/td>\n<td width=\"284\">Disponible<\/td>\n<\/tr>\n<tr>\n<td width=\"284\">Emballage<\/td>\n<td width=\"284\">Bo\u00eete de couleur, blister, carte de t\u00eate, etc.<\/td>\n<\/tr>\n<\/tbody>\n<\/table>\n<ul>\n<li>Personnalisation du LOGO et de l'emballage : possibilit\u00e9 de personnaliser l'image de marque exclusive en fonction des besoins du client et d'am\u00e9liorer l'image de l'entreprise.<\/li>\n<li>Am\u00e9liore le soutien du dos : Fournit un soutien solide, r\u00e9duit la pression sur le dos et pr\u00e9vient et soulage les douleurs dorsales.<\/li>\n<li>Conception respirante et confortable : L'utilisation de mat\u00e9riaux respirants et le port \u00e0 long terme pour rester au sec am\u00e9liorent le confort.<\/li>\n<li>Fonction d'ajustement : Ajustement flexible en fonction du tour de taille pour garantir le meilleur ajustement.<\/li>\n<li>Large champ d'application : convient aux travailleurs, aux athl\u00e8tes, au personnel de bureau et \u00e0 d'autres professions ; prot\u00e8ge la taille et r\u00e9duit la fatigue.<\/li>\n<\/ul>\n<p>TOPRISE prend en charge diff\u00e9rents styles de personnalisation des ceintures de maintien au travail ; cliquez pour <a href=\"https:\/\/toprisesafety.com\/fr\/categorie-produit\/personal-protective-equipment\/back-support-belt\/\">voir d'autres mod\u00e8les de ceintures de soutien du dos pour le travail.<\/a><\/p>\n<p>Si vous ne trouvez pas la ceinture de maintien au travail dont vous avez besoin , <a href=\"https:\/\/toprisesafety.com\/fr\/contact-us\/\">nous contacter<\/a>; nous prenons en charge la personnalisation sp\u00e9ciale.<\/p>","protected":false},"excerpt":{"rendered":"<p>No. d'art : BS05<\/p>\n<p>Mati\u00e8re : polyester, fil de latex, crochets et boucles.<\/p>\n<p>Couleur : noir ou personnalis\u00e9<\/p>\n<p>Bande de renfort : Barre en PP ou barre en acier ou barre \u00e0 ressort au choix<\/p>\n<p>Taille : S-XXXL ou personnalis\u00e9<\/p>\n<p>MOQ : 1008PCS<\/p>","protected":false},"featured_media":11818,"template":"","meta":{"_acf_changed":false},"product_brand":[],"product_cat":[320,328],"product_tag":[],"class_list":{"0":"post-11815","1":"product","2":"type-product","3":"status-publish","4":"has-post-thumbnail","6":"product_cat-personal-protective-equipment","7":"product_cat-back-support-belt","9":"first","10":"instock","11":"shipping-taxable","12":"product-type-simple"},"acf":[],"_links":{"self":[{"href":"https:\/\/toprisesafety.com\/fr\/wp-json\/wp\/v2\/product\/11815"}],"collection":[{"href":"https:\/\/toprisesafety.com\/fr\/wp-json\/wp\/v2\/product"}],"about":[{"href":"https:\/\/toprisesafety.com\/fr\/wp-json\/wp\/v2\/types\/product"}],"wp:featuredmedia":[{"embeddable":true,"href":"https:\/\/toprisesafety.com\/fr\/wp-json\/wp\/v2\/media\/11818"}],"wp:attachment":[{"href":"https:\/\/toprisesafety.com\/fr\/wp-json\/wp\/v2\/media?parent=11815"}],"wp:term":[{"taxonomy":"product_brand","embeddable":true,"href":"https:\/\/toprisesafety.com\/fr\/wp-json\/wp\/v2\/product_brand?post=11815"},{"taxonomy":"product_cat","embeddable":true,"href":"https:\/\/toprisesafety.com\/fr\/wp-json\/wp\/v2\/product_cat?post=11815"},{"taxonomy":"product_tag","embeddable":true,"href":"https:\/\/toprisesafety.com\/fr\/wp-json\/wp\/v2\/product_tag?post=11815"}],"curies":[{"name":"wp","href":"https:\/\/api.w.org\/{rel}","templated":true}]}}