{"id":11811,"date":"2025-04-09T07:11:55","date_gmt":"2025-04-09T07:11:55","guid":{"rendered":"https:\/\/toprisesafety.com\/?post_type=product&#038;p=11811"},"modified":"2025-04-14T06:09:56","modified_gmt":"2025-04-14T06:09:56","slug":"belt-for-back-support","status":"publish","type":"product","link":"https:\/\/toprisesafety.com\/fr\/produit\/belt-for-back-support\/","title":{"rendered":"Ceinture pour le soutien du dos"},"content":{"rendered":"<h2>Ceinture pour le soutien du dos<\/h2>\n<table>\n<tbody>\n<tr>\n<td width=\"284\">ART NO.<\/td>\n<td width=\"284\">BS04<\/td>\n<\/tr>\n<tr>\n<td width=\"284\">Mat\u00e9riau<\/td>\n<td width=\"284\">polyester, fil de latex, crochets et boucles<\/td>\n<\/tr>\n<tr>\n<td width=\"284\">Couleur<\/td>\n<td width=\"284\">Noir<\/td>\n<\/tr>\n<tr>\n<td width=\"284\">Taille<\/td>\n<td width=\"284\">S:28-32\u201d;M:32-38\u201d;L:38-46\u201d;XL:46-56\u201d; XXL:56-62\u201d;XXXL:62-68\u201d<\/td>\n<\/tr>\n<tr>\n<td width=\"284\">Logo du client<\/td>\n<td width=\"284\">Disponible<\/td>\n<\/tr>\n<tr>\n<td width=\"284\">Emballage<\/td>\n<td width=\"284\">Bo\u00eete de couleur, blister, carte de t\u00eate, etc.<\/td>\n<\/tr>\n<\/tbody>\n<\/table>\n<ul>\n<li>R\u00e9duction efficace de la pression au niveau du bas du dos : convient aux groupes professionnels s\u00e9dentaires ou en position debout prolong\u00e9e pour pr\u00e9venir et soulager les douleurs au niveau du bas du dos.<\/li>\n<li>Conception respirante : pour assurer le confort et l'ajustement, le port \u00e0 long terme n'est pas \u00e9touffant.<\/li>\n<li>Fonction d'ajustement : S'adapte au tour de taille de chacun pour garantir un ajustement parfait aux diff\u00e9rentes morphologies.<\/li>\n<li>Am\u00e9liorer la stabilit\u00e9 de la taille : \u00e9viter les torsions et les flexions excessives et fournir un soutien efficace.<\/li>\n<li>Large application : convient aux porteurs, au personnel de bureau et aux amateurs de sport ; r\u00e9duit le fardeau et pr\u00e9vient les blessures sportives.<\/li>\n<\/ul>\n<p>TOPRISE prend en charge diff\u00e9rents styles de personnalisation des ceintures de maintien au travail ; cliquez pour <a href=\"https:\/\/toprisesafety.com\/fr\/categorie-produit\/personal-protective-equipment\/back-support-belt\/\">voir d'autres mod\u00e8les de ceintures de soutien du dos pour le travail.<\/a><\/p>\n<p>Si vous ne trouvez pas la ceinture de maintien au travail dont vous avez besoin , <a href=\"https:\/\/toprisesafety.com\/fr\/contact-us\/\">nous contacter<\/a>; nous prenons en charge la personnalisation sp\u00e9ciale.<\/p>","protected":false},"excerpt":{"rendered":"<p>No. d'art : BS04<\/p>\n<p>Mati\u00e8re : polyester, fil de latex, crochets et boucles.<\/p>\n<p>Couleur : noir ou personnalis\u00e9<\/p>\n<p>Bande de renfort : Barre en PP ou barre en acier ou barre \u00e0 ressort au choix<\/p>\n<p>Taille : S-XXXL<\/p>\n<p>MOQ : 1008PCS<\/p>","protected":false},"featured_media":11814,"template":"","meta":{"_acf_changed":false},"product_brand":[],"product_cat":[320,328],"product_tag":[],"class_list":{"0":"post-11811","1":"product","2":"type-product","3":"status-publish","4":"has-post-thumbnail","6":"product_cat-personal-protective-equipment","7":"product_cat-back-support-belt","9":"first","10":"instock","11":"shipping-taxable","12":"product-type-simple"},"acf":[],"_links":{"self":[{"href":"https:\/\/toprisesafety.com\/fr\/wp-json\/wp\/v2\/product\/11811","targetHints":{"allow":["GET"]}}],"collection":[{"href":"https:\/\/toprisesafety.com\/fr\/wp-json\/wp\/v2\/product"}],"about":[{"href":"https:\/\/toprisesafety.com\/fr\/wp-json\/wp\/v2\/types\/product"}],"wp:featuredmedia":[{"embeddable":true,"href":"https:\/\/toprisesafety.com\/fr\/wp-json\/wp\/v2\/media\/11814"}],"wp:attachment":[{"href":"https:\/\/toprisesafety.com\/fr\/wp-json\/wp\/v2\/media?parent=11811"}],"wp:term":[{"taxonomy":"product_brand","embeddable":true,"href":"https:\/\/toprisesafety.com\/fr\/wp-json\/wp\/v2\/product_brand?post=11811"},{"taxonomy":"product_cat","embeddable":true,"href":"https:\/\/toprisesafety.com\/fr\/wp-json\/wp\/v2\/product_cat?post=11811"},{"taxonomy":"product_tag","embeddable":true,"href":"https:\/\/toprisesafety.com\/fr\/wp-json\/wp\/v2\/product_tag?post=11811"}],"curies":[{"name":"wp","href":"https:\/\/api.w.org\/{rel}","templated":true}]}}