{"id":11787,"date":"2025-04-09T06:41:16","date_gmt":"2025-04-09T06:41:16","guid":{"rendered":"https:\/\/toprisesafety.com\/?post_type=product&#038;p=11787"},"modified":"2025-04-14T06:12:37","modified_gmt":"2025-04-14T06:12:37","slug":"back-pain-belt","status":"publish","type":"product","link":"https:\/\/toprisesafety.com\/fr\/produit\/back-pain-belt\/","title":{"rendered":"Ceinture anti-douleur"},"content":{"rendered":"<h2>Ceinture anti-douleur<\/h2>\n<table>\n<tbody>\n<tr>\n<td width=\"284\">ART NO.<\/td>\n<td width=\"284\">BS07<\/td>\n<\/tr>\n<tr>\n<td width=\"284\">Mat\u00e9riau<\/td>\n<td width=\"284\">polyester, fil de latex, crochets et boucles<\/td>\n<\/tr>\n<tr>\n<td width=\"284\">Couleur<\/td>\n<td width=\"284\">Gris ou personnalis\u00e9<\/td>\n<\/tr>\n<tr>\n<td width=\"284\">Taille<\/td>\n<td width=\"284\">S:28-32\";M:32-38\";L:38-46\";XL:46-56\" ; XXL:56-62\";XXXL:62-68\" ou sur mesure.<\/td>\n<\/tr>\n<tr>\n<td width=\"284\">Logo du client<\/td>\n<td width=\"284\">Disponible<\/td>\n<\/tr>\n<tr>\n<td width=\"284\">Emballage<\/td>\n<td width=\"284\">Bo\u00eete de couleur, blister, carte de t\u00eate, etc.<\/td>\n<\/tr>\n<\/tbody>\n<\/table>\n<ul>\n<li>Soutien \u00e0 la personnalisation du LOGO et de l'emballage afin de r\u00e9pondre aux besoins de personnalisation de la marque et d'am\u00e9liorer la reconnaissance du march\u00e9.<\/li>\n<li>Soutien lombaire renforc\u00e9 : Fournit un soutien stable \u00e0 la taille et r\u00e9duit le stress caus\u00e9 par les longues heures de travail.<\/li>\n<li>Conception respirante : L'utilisation d'un tissu en maille respirante vous permet de rester au sec et convient \u00e0 une utilisation tout au long de la journ\u00e9e.<\/li>\n<li>Ajustement confortable : La conception r\u00e9glable assure un ajustement serr\u00e9 entre la taille et la ceinture pour un confort optimal.<\/li>\n<\/ul>\n<p>TOPRISE prend en charge diff\u00e9rents styles de personnalisation des ceintures de maintien au travail ; cliquez pour <a href=\"https:\/\/toprisesafety.com\/fr\/categorie-produit\/personal-protective-equipment\/back-support-belt\/\">voir d'autres mod\u00e8les de ceintures de soutien du dos pour le travail.<\/a><\/p>\n<p>Si vous ne trouvez pas la ceinture de maintien au travail dont vous avez besoin , <a href=\"https:\/\/toprisesafety.com\/fr\/contact-us\/\">nous contacter<\/a>; nous prenons en charge la personnalisation sp\u00e9ciale.<\/p>","protected":false},"excerpt":{"rendered":"<p>N\u00b0 d'art : BS07<\/p>\n<p>Mati\u00e8re : polyester, fil de latex, crochets et boucles.<\/p>\n<p>Couleur : &amp;nbspGrey ou personnalis\u00e9e<\/p>\n<p>Bande de renfort : Barre en PP ou barre en acier ou barre \u00e0 ressort au choix<\/p>\n<p>Taille : S-XXXL ou personnalis\u00e9<\/p>\n<p>MOQ : 1008PCS<\/p>","protected":false},"featured_media":11791,"template":"","meta":{"_acf_changed":false},"product_brand":[],"product_cat":[320,328],"product_tag":[],"class_list":{"0":"post-11787","1":"product","2":"type-product","3":"status-publish","4":"has-post-thumbnail","6":"product_cat-personal-protective-equipment","7":"product_cat-back-support-belt","9":"first","10":"instock","11":"shipping-taxable","12":"product-type-simple"},"acf":[],"_links":{"self":[{"href":"https:\/\/toprisesafety.com\/fr\/wp-json\/wp\/v2\/product\/11787"}],"collection":[{"href":"https:\/\/toprisesafety.com\/fr\/wp-json\/wp\/v2\/product"}],"about":[{"href":"https:\/\/toprisesafety.com\/fr\/wp-json\/wp\/v2\/types\/product"}],"wp:featuredmedia":[{"embeddable":true,"href":"https:\/\/toprisesafety.com\/fr\/wp-json\/wp\/v2\/media\/11791"}],"wp:attachment":[{"href":"https:\/\/toprisesafety.com\/fr\/wp-json\/wp\/v2\/media?parent=11787"}],"wp:term":[{"taxonomy":"product_brand","embeddable":true,"href":"https:\/\/toprisesafety.com\/fr\/wp-json\/wp\/v2\/product_brand?post=11787"},{"taxonomy":"product_cat","embeddable":true,"href":"https:\/\/toprisesafety.com\/fr\/wp-json\/wp\/v2\/product_cat?post=11787"},{"taxonomy":"product_tag","embeddable":true,"href":"https:\/\/toprisesafety.com\/fr\/wp-json\/wp\/v2\/product_tag?post=11787"}],"curies":[{"name":"wp","href":"https:\/\/api.w.org\/{rel}","templated":true}]}}