{"id":11771,"date":"2025-04-09T06:17:52","date_gmt":"2025-04-09T06:17:52","guid":{"rendered":"https:\/\/toprisesafety.com\/?post_type=product&#038;p=11771"},"modified":"2025-04-14T06:34:18","modified_gmt":"2025-04-14T06:34:18","slug":"reflective-belts-for-back-support","status":"publish","type":"product","link":"https:\/\/toprisesafety.com\/fr\/produit\/reflective-belts-for-back-support\/","title":{"rendered":"Ceintures r\u00e9fl\u00e9chissantes pour le soutien du dos"},"content":{"rendered":"<h2>Ceintures r\u00e9fl\u00e9chissantes pour le soutien du dos<\/h2>\n<table>\n<tbody>\n<tr>\n<td width=\"284\">ART NO.<\/td>\n<td width=\"284\">BS07<\/td>\n<\/tr>\n<tr>\n<td width=\"284\">Mat\u00e9riau<\/td>\n<td width=\"284\">polyester, fil de latex, crochets et boucles<\/td>\n<\/tr>\n<tr>\n<td width=\"284\">Couleur<\/td>\n<td width=\"284\">Noir ou personnalis\u00e9<\/td>\n<\/tr>\n<tr>\n<td width=\"284\">Fonctionnalit\u00e9<\/td>\n<td width=\"284\">Ajout d'une ceinture r\u00e9fl\u00e9chissante \u00e0 l'arri\u00e8re<\/td>\n<\/tr>\n<tr>\n<td width=\"284\">Taille<\/td>\n<td width=\"284\">S:28-32\";M:32-38\";L:38-46\";XL:46-56\" ; XXL:56-62\";XXXL:62-68\" ou sur mesure.<\/td>\n<\/tr>\n<tr>\n<td width=\"284\">Logo du client<\/td>\n<td width=\"284\">Disponible<\/td>\n<\/tr>\n<tr>\n<td width=\"284\">Emballage<\/td>\n<td width=\"284\">Bo\u00eete de couleur, blister, carte de t\u00eate, etc.<\/td>\n<\/tr>\n<\/tbody>\n<\/table>\n<ul>\n<li>Bande r\u00e9fl\u00e9chissante \u00e0 l'arri\u00e8re : Visibilit\u00e9 et s\u00e9curit\u00e9 accrues dans les environnements peu \u00e9clair\u00e9s.<\/li>\n<li>Prise en charge de la personnalisation du LOGO et de l'emballage : Personnalisation de la marque en fonction des besoins du client afin d'am\u00e9liorer la reconnaissance du march\u00e9.<\/li>\n<li>Am\u00e9liore le soutien lombaire : r\u00e9duit efficacement la pression lombaire et pr\u00e9vient et soulage les douleurs lombaires.<\/li>\n<li>Conception ajustable et confortable : La ceinture est r\u00e9glable pour assurer un ajustement parfait et un confort optimal.<\/li>\n<li>Large champ d'application : convient aux travailleurs, au personnel logistique et \u00e0 d'autres professions pour assurer un confort et une s\u00e9curit\u00e9 \u00e0 long terme.<\/li>\n<\/ul>\n<p>TOPRISE prend en charge diff\u00e9rents styles de personnalisation des ceintures de maintien au travail ; cliquez pour <a href=\"https:\/\/toprisesafety.com\/fr\/categorie-produit\/personal-protective-equipment\/back-support-belt\/\">voir d'autres mod\u00e8les de ceintures de soutien du dos pour le travail.<\/a><\/p>\n<p>Si vous ne trouvez pas la ceinture de maintien au travail dont vous avez besoin , <a href=\"https:\/\/toprisesafety.com\/fr\/contact-us\/\">nous contacter<\/a>; nous prenons en charge la personnalisation sp\u00e9ciale.<\/p>","protected":false},"excerpt":{"rendered":"<p>No. d'art : BS09<\/p>\n<p>Mati\u00e8re : polyester, fil de latex, crochets et boucles.<\/p>\n<p>Fonctionnalit\u00e9 : Ajout d'une ceinture r\u00e9fl\u00e9chissante<\/p>\n<p>Couleur : &amp;nbspNoir ou personnalis\u00e9<\/p>\n<p>Bande de renfort : Barre en PP ou barre en acier ou barre \u00e0 ressort au choix<\/p>\n<p>Taille : S-XXXL ou personnalis\u00e9<\/p>\n<p>MOQ : 1008PCS<\/p>","protected":false},"featured_media":11774,"template":"","meta":{"_acf_changed":false},"product_brand":[],"product_cat":[328,320],"product_tag":[],"class_list":{"0":"post-11771","1":"product","2":"type-product","3":"status-publish","4":"has-post-thumbnail","6":"product_cat-back-support-belt","7":"product_cat-personal-protective-equipment","9":"first","10":"instock","11":"shipping-taxable","12":"product-type-simple"},"acf":[],"_links":{"self":[{"href":"https:\/\/toprisesafety.com\/fr\/wp-json\/wp\/v2\/product\/11771","targetHints":{"allow":["GET"]}}],"collection":[{"href":"https:\/\/toprisesafety.com\/fr\/wp-json\/wp\/v2\/product"}],"about":[{"href":"https:\/\/toprisesafety.com\/fr\/wp-json\/wp\/v2\/types\/product"}],"wp:featuredmedia":[{"embeddable":true,"href":"https:\/\/toprisesafety.com\/fr\/wp-json\/wp\/v2\/media\/11774"}],"wp:attachment":[{"href":"https:\/\/toprisesafety.com\/fr\/wp-json\/wp\/v2\/media?parent=11771"}],"wp:term":[{"taxonomy":"product_brand","embeddable":true,"href":"https:\/\/toprisesafety.com\/fr\/wp-json\/wp\/v2\/product_brand?post=11771"},{"taxonomy":"product_cat","embeddable":true,"href":"https:\/\/toprisesafety.com\/fr\/wp-json\/wp\/v2\/product_cat?post=11771"},{"taxonomy":"product_tag","embeddable":true,"href":"https:\/\/toprisesafety.com\/fr\/wp-json\/wp\/v2\/product_tag?post=11771"}],"curies":[{"name":"wp","href":"https:\/\/api.w.org\/{rel}","templated":true}]}}