{"id":11764,"date":"2025-04-08T02:43:05","date_gmt":"2025-04-08T02:43:05","guid":{"rendered":"https:\/\/toprisesafety.com\/?post_type=product&#038;p=11764"},"modified":"2025-04-14T05:14:19","modified_gmt":"2025-04-14T05:14:19","slug":"orange-pvc-coated-work-gloves","status":"publish","type":"product","link":"https:\/\/toprisesafety.com\/fr\/produit\/orange-pvc-coated-work-gloves\/","title":{"rendered":"Gants de travail enduits de PVC orange"},"content":{"rendered":"<h2>Gants de travail enduits de PVC orange<\/h2>\n<ul>\n<li>Tr\u00e8s r\u00e9sistant \u00e0 l'usure, il convient aux op\u00e9rations \u00e0 haute r\u00e9sistance telles que l'assemblage m\u00e9canique et les chantiers de construction ;<\/li>\n<li>Imperm\u00e9able, r\u00e9sistant \u00e0 l'huile et prot\u00e9geant les mains de la contamination par des produits chimiques ou des liquides ;<\/li>\n<li>La conception respirante assure le confort et convient \u00e0 une utilisation prolong\u00e9e.<\/li>\n<li>La grande durabilit\u00e9 prolonge la dur\u00e9e de vie et r\u00e9duit la fr\u00e9quence de remplacement.<\/li>\n<li>Personnalisation : les clients peuvent ajouter un LOGO sp\u00e9cifique pour r\u00e9pondre aux besoins de la marque.<\/li>\n<\/ul>\n<table>\n<tbody>\n<tr>\n<td width=\"284\">ART NO.<\/td>\n<td width=\"335\">PVC03<\/td>\n<\/tr>\n<tr>\n<td width=\"284\">Mat\u00e9riau<\/td>\n<td width=\"335\">Polyester tricot\u00e9 de calibre 13 avec rev\u00eatement PVC<\/p>\n<p>&nbsp;<\/td>\n<\/tr>\n<tr>\n<td width=\"284\">Finition<\/td>\n<td width=\"335\">Rev\u00eatu de PVC<\/td>\n<\/tr>\n<tr>\n<td width=\"284\">Poids<\/td>\n<td width=\"335\">plus de 90 g\/paire<\/td>\n<\/tr>\n<tr>\n<td width=\"284\">Taille<\/td>\n<td width=\"335\">24CM ou taille personnalis\u00e9e.<\/td>\n<\/tr>\n<tr>\n<td width=\"284\">Normes de qualit\u00e9<\/td>\n<td width=\"335\">CE EN388<\/td>\n<\/tr>\n<tr>\n<td width=\"284\">Logo<\/td>\n<td width=\"335\">S\u00e9rigraphie, impression par transfert thermique au choix.<\/td>\n<\/tr>\n<tr>\n<td width=\"284\">Couleur<\/td>\n<td width=\"335\">Soutien personnalis\u00e9<\/td>\n<\/tr>\n<tr>\n<td width=\"284\">MOQ<\/td>\n<td width=\"335\">500 DOZ (6000 PAIRES)<\/td>\n<\/tr>\n<tr>\n<td width=\"284\">Emballage<\/td>\n<td width=\"335\">12 paires par polybag, 120 paires par carton ou sur mesure<\/td>\n<\/tr>\n<tr>\n<td width=\"284\">Application<\/td>\n<td width=\"335\">Assemblage m\u00e9canique, travaux en ext\u00e9rieur, sylviculture, exploitation mini\u00e8re, chantiers de construction, manutention en entrep\u00f4t, chargement et d\u00e9chargement, maintenance, etc.<\/td>\n<\/tr>\n<\/tbody>\n<\/table>\n<p>TOPRISE prend en charge diff\u00e9rents styles de personnalisation des gants enduits de PVC ; cliquez pour <a href=\"https:\/\/toprisesafety.com\/fr\/categorie-produit\/personal-protective-equipment\/hand-protection\/pvc-gloves\/\">voir d'autres mod\u00e8les de gants enduits de PVC.<\/a><\/p>\n<p>Si vous ne trouvez pas les gants enduits de PVC dont vous avez besoin, <a href=\"https:\/\/toprisesafety.com\/fr\/contact-us\/\">nous contacter<\/a>; nous prenons en charge la personnalisation sp\u00e9ciale.<\/p>","protected":false},"excerpt":{"rendered":"<p>No. d'art : PVC03<\/p>\n<p>Mati\u00e8re : Polyester 13 Guage tricot\u00e9 et enduit de PVC<\/p>\n<p>Poids : plus de 90g\/paire<\/p>\n<p>Taille : 24CM ou taille personnalis\u00e9e.<\/p>\n<p>Norme de qualit\u00e9 : CE EN388<\/p>\n<p>MOQ : 500 DOZ (6000 PAIRES)<\/p>","protected":false},"featured_media":11765,"template":"","meta":{"_acf_changed":false},"product_brand":[],"product_cat":[350,345],"product_tag":[],"class_list":{"0":"post-11764","1":"product","2":"type-product","3":"status-publish","4":"has-post-thumbnail","6":"product_cat-pvc-gloves","7":"product_cat-hand-protection","9":"first","10":"instock","11":"shipping-taxable","12":"product-type-simple"},"acf":[],"_links":{"self":[{"href":"https:\/\/toprisesafety.com\/fr\/wp-json\/wp\/v2\/product\/11764"}],"collection":[{"href":"https:\/\/toprisesafety.com\/fr\/wp-json\/wp\/v2\/product"}],"about":[{"href":"https:\/\/toprisesafety.com\/fr\/wp-json\/wp\/v2\/types\/product"}],"wp:featuredmedia":[{"embeddable":true,"href":"https:\/\/toprisesafety.com\/fr\/wp-json\/wp\/v2\/media\/11765"}],"wp:attachment":[{"href":"https:\/\/toprisesafety.com\/fr\/wp-json\/wp\/v2\/media?parent=11764"}],"wp:term":[{"taxonomy":"product_brand","embeddable":true,"href":"https:\/\/toprisesafety.com\/fr\/wp-json\/wp\/v2\/product_brand?post=11764"},{"taxonomy":"product_cat","embeddable":true,"href":"https:\/\/toprisesafety.com\/fr\/wp-json\/wp\/v2\/product_cat?post=11764"},{"taxonomy":"product_tag","embeddable":true,"href":"https:\/\/toprisesafety.com\/fr\/wp-json\/wp\/v2\/product_tag?post=11764"}],"curies":[{"name":"wp","href":"https:\/\/api.w.org\/{rel}","templated":true}]}}