{"id":11759,"date":"2025-04-08T02:28:53","date_gmt":"2025-04-08T02:28:53","guid":{"rendered":"https:\/\/toprisesafety.com\/?post_type=product&#038;p=11759"},"modified":"2025-04-14T04:18:45","modified_gmt":"2025-04-14T04:18:45","slug":"mechanical-gloves","status":"publish","type":"product","link":"https:\/\/toprisesafety.com\/fr\/produit\/mechanical-gloves\/","title":{"rendered":"Gants m\u00e9caniques"},"content":{"rendered":"<h2>Gants m\u00e9caniques<\/h2>\n<ul>\n<li data-pm-slice=\"1 1 []\">Forte protection : une \u00e2me de gant en polyester de calibre 13 combin\u00e9e \u00e0 une enduction TPE offre une excellente r\u00e9sistance aux chocs et une protection pour les travaux de haute intensit\u00e9.<\/li>\n<li>Forte r\u00e9sistance \u00e0 l'usure : Le TPE renforce la conception, am\u00e9liore efficacement la r\u00e9sistance \u00e0 l'usure et prolonge la dur\u00e9e de vie des gants.<\/li>\n<li>Confortable et respirant : Le mat\u00e9riau en polyester est tr\u00e8s respirant, confortable \u00e0 porter, et l'utilisation \u00e0 long terme n'est pas \u00e9touffante.<\/li>\n<li>Excellente prise en main : Le rev\u00eatement TPE sur la paume offre un excellent effet antid\u00e9rapant et garantit une prise en main stable.<\/li>\n<li>Personnalisation du logo et de l'emballage : Personnalisation du logo et de l'emballage afin d'am\u00e9liorer la visibilit\u00e9 de la marque et de r\u00e9pondre aux besoins individuels.<\/li>\n<\/ul>\n<table>\n<tbody>\n<tr>\n<td width=\"284\">ART NO.<\/td>\n<td width=\"335\">MG01<\/td>\n<\/tr>\n<tr>\n<td width=\"284\">Mat\u00e9riau<\/td>\n<td width=\"335\">Polyester tricot\u00e9 de calibre 13 avec rev\u00eatement TPE<\/td>\n<\/tr>\n<tr>\n<td width=\"284\">Finition<\/td>\n<td width=\"335\">Rev\u00eatement TPE<\/td>\n<\/tr>\n<tr>\n<td width=\"284\">Poids<\/td>\n<td width=\"335\">plus de 120 g\/paire<\/td>\n<\/tr>\n<tr>\n<td width=\"284\">Taille<\/td>\n<td width=\"335\">24CM ou taille personnalis\u00e9e.<\/td>\n<\/tr>\n<tr>\n<td width=\"284\">Logo<\/td>\n<td width=\"335\">S\u00e9rigraphie, impression par transfert thermique au choix.<\/td>\n<\/tr>\n<tr>\n<td width=\"284\">Couleur<\/td>\n<td width=\"335\">Soutien personnalis\u00e9<\/td>\n<\/tr>\n<tr>\n<td width=\"284\">MOQ<\/td>\n<td width=\"335\">1000 DOZ (12000 PAIRES)<\/td>\n<\/tr>\n<tr>\n<td width=\"284\">Emballage<\/td>\n<td width=\"335\">12 paires par polybag, 120 paires par carton ou sur mesure<\/td>\n<\/tr>\n<tr>\n<td width=\"284\">Application<\/td>\n<td width=\"335\">Assemblage m\u00e9canique, travaux en ext\u00e9rieur, sylviculture, exploitation mini\u00e8re, chantiers de construction, manutention en entrep\u00f4t, chargement et d\u00e9chargement, maintenance, etc.<\/td>\n<\/tr>\n<\/tbody>\n<\/table>\n<p>TOPRISE prend en charge diff\u00e9rents styles de personnalisation des gants en latex ; cliquez pour <a href=\"https:\/\/toprisesafety.com\/fr\/categorie-produit\/personal-protective-equipment\/hand-protection\/latex-gloves\/\">voir d'autres mod\u00e8les de gants en latex.<\/a><\/p>\n<p>Si vous ne trouvez pas les gants en latex n\u00e9cessaires, <a href=\"https:\/\/toprisesafety.com\/fr\/contact-us\/\">nous contacter<\/a>; nous prenons en charge la personnalisation sp\u00e9ciale.<\/p>","protected":false},"excerpt":{"rendered":"<p>Mat\u00e9riau : Polyester de calibre 13 tricot\u00e9 avec rev\u00eatement TPE<\/p>\n<p>Poids : plus de 120g\/paire<\/p>\n<p>Taille : 24CM ou taille personnalis\u00e9e.<\/p>\n<p>MOQ : 1000 DOZ (12000 PAIRES)<\/p>","protected":false},"featured_media":11760,"template":"","meta":{"_acf_changed":false},"product_brand":[],"product_cat":[348,345],"product_tag":[],"class_list":{"0":"post-11759","1":"product","2":"type-product","3":"status-publish","4":"has-post-thumbnail","6":"product_cat-latex-gloves","7":"product_cat-hand-protection","9":"first","10":"instock","11":"shipping-taxable","12":"product-type-simple"},"acf":[],"_links":{"self":[{"href":"https:\/\/toprisesafety.com\/fr\/wp-json\/wp\/v2\/product\/11759"}],"collection":[{"href":"https:\/\/toprisesafety.com\/fr\/wp-json\/wp\/v2\/product"}],"about":[{"href":"https:\/\/toprisesafety.com\/fr\/wp-json\/wp\/v2\/types\/product"}],"wp:featuredmedia":[{"embeddable":true,"href":"https:\/\/toprisesafety.com\/fr\/wp-json\/wp\/v2\/media\/11760"}],"wp:attachment":[{"href":"https:\/\/toprisesafety.com\/fr\/wp-json\/wp\/v2\/media?parent=11759"}],"wp:term":[{"taxonomy":"product_brand","embeddable":true,"href":"https:\/\/toprisesafety.com\/fr\/wp-json\/wp\/v2\/product_brand?post=11759"},{"taxonomy":"product_cat","embeddable":true,"href":"https:\/\/toprisesafety.com\/fr\/wp-json\/wp\/v2\/product_cat?post=11759"},{"taxonomy":"product_tag","embeddable":true,"href":"https:\/\/toprisesafety.com\/fr\/wp-json\/wp\/v2\/product_tag?post=11759"}],"curies":[{"name":"wp","href":"https:\/\/api.w.org\/{rel}","templated":true}]}}