{"id":11735,"date":"2025-04-07T08:17:03","date_gmt":"2025-04-07T08:17:03","guid":{"rendered":"https:\/\/toprisesafety.com\/?post_type=product&#038;p=11735"},"modified":"2025-04-14T04:07:37","modified_gmt":"2025-04-14T04:07:37","slug":"heat-resistant-oven-bbq-gloves","status":"publish","type":"product","link":"https:\/\/toprisesafety.com\/fr\/produit\/heat-resistant-oven-bbq-gloves\/","title":{"rendered":"Gants r\u00e9sistants \u00e0 la chaleur pour le four et le barbecue"},"content":{"rendered":"<h2>Gants r\u00e9sistants \u00e0 la chaleur pour le four et le barbecue<\/h2>\n<ul>\n<li>Tricotage double couche, excellente isolation thermique et fonction de dissipation de la chaleur<\/li>\n<li>Peut augmenter le nombre de crochets et rendre le stockage plus pratique<\/li>\n<li>Distribution double face<\/li>\n<li>Silicone anti-haute temp\u00e9rature, performance antid\u00e9rapante<\/li>\n<li>Beau, facile \u00e0 nettoyer, peut \u00eatre utilis\u00e9 en positif et en n\u00e9gatif, prolonge la dur\u00e9e de vie.<\/li>\n<\/ul>\n<table>\n<tbody>\n<tr>\n<td width=\"284\">ART NO.<\/td>\n<td width=\"335\">HRG01<\/td>\n<\/tr>\n<tr>\n<td width=\"284\">Mat\u00e9riau<\/td>\n<td width=\"335\">Couche ext\u00e9rieure en nouveau fil de fibre ignifuge + couche int\u00e9rieure en coton + silicone double face (la couleur du silicone peut \u00eatre personnalis\u00e9e).<\/td>\n<\/tr>\n<tr>\n<td width=\"284\">R\u00e9sistant \u00e0 la chaleur<\/td>\n<td width=\"335\">800 degr\u00e9s<\/td>\n<\/tr>\n<tr>\n<td width=\"284\">Normes de qualit\u00e9<\/td>\n<td width=\"335\">CE EN407, EN420<\/td>\n<\/tr>\n<tr>\n<td width=\"284\">Taille<\/td>\n<td width=\"335\">32CM ou taille personnalis\u00e9e.<\/td>\n<\/tr>\n<tr>\n<td width=\"284\">Logo<\/td>\n<td width=\"335\">PVC pointill\u00e9<\/td>\n<\/tr>\n<tr>\n<td width=\"284\">Couleur<\/td>\n<td width=\"335\">Soutien personnalis\u00e9<\/td>\n<\/tr>\n<tr>\n<td width=\"284\">MOQ<\/td>\n<td width=\"335\">1000 PCS<\/td>\n<\/tr>\n<tr>\n<td width=\"284\">Application<\/td>\n<td width=\"335\">Cuisine, four, four, micro-ondes m\u00e9nagers \u00e0 l'\u00e9preuve de la chaleur, traitement thermique industriel, etc.<\/td>\n<\/tr>\n<\/tbody>\n<\/table>\n<p>TOPRISE prend en charge diff\u00e9rents styles de personnalisation des gants en fil de coton. <a href=\"https:\/\/toprisesafety.com\/fr\/categorie-produit\/personal-protective-equipment\/hand-protection\/cotton-gloves\/\">voir d'autres mod\u00e8les de gants en fil de coton.<\/a><\/p>\n<p>Si vous ne trouvez pas les gants en fil de coton dont vous avez besoin, <a href=\"https:\/\/toprisesafety.com\/fr\/contact-us\/\">nous contacter<\/a>; nous prenons en charge la personnalisation sp\u00e9ciale.<\/p>\n<p><strong><b>\u00a0<\/b><\/strong><\/p>","protected":false},"excerpt":{"rendered":"<p>No. d'art : HRG01<\/p>\n<p>Mat\u00e9riau : Couche ext\u00e9rieure en nouveau fil de fibre ignifuge + couche int\u00e9rieure en coton + silicone double face (la couleur du silicone peut \u00eatre personnalis\u00e9e).<\/p>\n<p>R\u00e9sistance \u00e0 la chaleur : 800 degr\u00e9s<\/p>\n<p>Taille : 32CM ou taille personnalis\u00e9e.<\/p>\n<p>MOQ : 1000 PCS<\/p>","protected":false},"featured_media":11737,"template":"","meta":{"_acf_changed":false},"product_brand":[],"product_cat":[346,345],"product_tag":[],"class_list":{"0":"post-11735","1":"product","2":"type-product","3":"status-publish","4":"has-post-thumbnail","6":"product_cat-cotton-gloves","7":"product_cat-hand-protection","9":"first","10":"instock","11":"shipping-taxable","12":"product-type-simple"},"acf":[],"_links":{"self":[{"href":"https:\/\/toprisesafety.com\/fr\/wp-json\/wp\/v2\/product\/11735"}],"collection":[{"href":"https:\/\/toprisesafety.com\/fr\/wp-json\/wp\/v2\/product"}],"about":[{"href":"https:\/\/toprisesafety.com\/fr\/wp-json\/wp\/v2\/types\/product"}],"wp:featuredmedia":[{"embeddable":true,"href":"https:\/\/toprisesafety.com\/fr\/wp-json\/wp\/v2\/media\/11737"}],"wp:attachment":[{"href":"https:\/\/toprisesafety.com\/fr\/wp-json\/wp\/v2\/media?parent=11735"}],"wp:term":[{"taxonomy":"product_brand","embeddable":true,"href":"https:\/\/toprisesafety.com\/fr\/wp-json\/wp\/v2\/product_brand?post=11735"},{"taxonomy":"product_cat","embeddable":true,"href":"https:\/\/toprisesafety.com\/fr\/wp-json\/wp\/v2\/product_cat?post=11735"},{"taxonomy":"product_tag","embeddable":true,"href":"https:\/\/toprisesafety.com\/fr\/wp-json\/wp\/v2\/product_tag?post=11735"}],"curies":[{"name":"wp","href":"https:\/\/api.w.org\/{rel}","templated":true}]}}