{"id":11732,"date":"2025-04-07T08:11:22","date_gmt":"2025-04-07T08:11:22","guid":{"rendered":"https:\/\/toprisesafety.com\/?post_type=product&#038;p=11732"},"modified":"2025-04-14T04:09:49","modified_gmt":"2025-04-14T04:09:49","slug":"pvc-dotted-nylon-knitted-gloves","status":"publish","type":"product","link":"https:\/\/toprisesafety.com\/fr\/produit\/pvc-dotted-nylon-knitted-gloves\/","title":{"rendered":"Gants tricot\u00e9s en nylon \u00e0 pois PVC"},"content":{"rendered":"<h2>PVC Dotted Nylon Knitted\u00a0Gloves<\/h2>\n<ul>\n<li>PVC dotted design, providing excellent anti-slip performance, to ensure that the grasp of goods more stable;<\/li>\n<li>Good air permeability, reduce hand sweating, long-term wear is still comfortable.<\/li>\n<li>Durable and wear resistant, suitable for a variety of daily work and light industrial operations;<\/li>\n<li>A variety of color options to meet different needs and scenes;<\/li>\n<li>Support custom LOGO and guest-specified packaging; enhance brand effect.<\/li>\n<\/ul>\n<table>\n<tbody>\n<tr>\n<td width=\"284\">ART NO.<\/td>\n<td width=\"335\">CG04<\/td>\n<\/tr>\n<tr>\n<td width=\"284\">Mat\u00e9riau<\/td>\n<td width=\"335\">Nylon de calibre 13 tricot\u00e9 avec des points en PVC<\/td>\n<\/tr>\n<tr>\n<td width=\"284\">Finition<\/td>\n<td width=\"335\">Points PVC<\/td>\n<\/tr>\n<tr>\n<td width=\"284\">Poids<\/td>\n<td width=\"335\">over 23 g\/pair<\/td>\n<\/tr>\n<tr>\n<td width=\"284\">Taille<\/td>\n<td width=\"335\">22CM or customized size.<\/td>\n<\/tr>\n<tr>\n<td width=\"284\">Logo<\/td>\n<td width=\"335\">S\u00e9rigraphie, impression par transfert thermique au choix.<\/td>\n<\/tr>\n<tr>\n<td width=\"284\">Couleur<\/td>\n<td width=\"335\">Soutien personnalis\u00e9<\/td>\n<\/tr>\n<tr>\n<td width=\"284\">MOQ<\/td>\n<td width=\"335\">1000 DOZ (12000 PAIRES)<\/td>\n<\/tr>\n<tr>\n<td width=\"284\">Emballage<\/td>\n<td width=\"335\">12 paires par polybag, 120 paires par carton ou sur mesure<\/td>\n<\/tr>\n<tr>\n<td width=\"284\">Application<\/td>\n<td width=\"335\">Assemblage m\u00e9canique, travaux en ext\u00e9rieur, sylviculture, exploitation mini\u00e8re, chantiers de construction, manutention en entrep\u00f4t, chargement et d\u00e9chargement, maintenance, etc.<\/td>\n<\/tr>\n<\/tbody>\n<\/table>\n<p>TOPRISE prend en charge diff\u00e9rents styles de personnalisation des gants en fil de coton. <a href=\"https:\/\/toprisesafety.com\/fr\/categorie-produit\/personal-protective-equipment\/hand-protection\/cotton-gloves\/\">voir d'autres mod\u00e8les de gants en fil de coton.<\/a><\/p>\n<p>Si vous ne trouvez pas les gants en fil de coton dont vous avez besoin, <a href=\"https:\/\/toprisesafety.com\/fr\/contact-us\/\">nous contacter<\/a>; nous prenons en charge la personnalisation sp\u00e9ciale.<\/p>","protected":false},"excerpt":{"rendered":"<p>Art No.: CG04<\/p>\n<p>Mati\u00e8re : Nylon de calibre 13 tricot\u00e9 avec des points en PVC<\/p>\n<p>Weight : over 23g\/pair<\/p>\n<p>Size: 22CM or customized size.<\/p>\n<p>MOQ : 1000 DOZ (12000 PAIRES)<\/p>","protected":false},"featured_media":11733,"template":"","meta":{"_acf_changed":false},"product_brand":[],"product_cat":[346,345],"product_tag":[],"class_list":{"0":"post-11732","1":"product","2":"type-product","3":"status-publish","4":"has-post-thumbnail","6":"product_cat-cotton-gloves","7":"product_cat-hand-protection","9":"first","10":"instock","11":"shipping-taxable","12":"product-type-simple"},"acf":[],"_links":{"self":[{"href":"https:\/\/toprisesafety.com\/fr\/wp-json\/wp\/v2\/product\/11732"}],"collection":[{"href":"https:\/\/toprisesafety.com\/fr\/wp-json\/wp\/v2\/product"}],"about":[{"href":"https:\/\/toprisesafety.com\/fr\/wp-json\/wp\/v2\/types\/product"}],"wp:featuredmedia":[{"embeddable":true,"href":"https:\/\/toprisesafety.com\/fr\/wp-json\/wp\/v2\/media\/11733"}],"wp:attachment":[{"href":"https:\/\/toprisesafety.com\/fr\/wp-json\/wp\/v2\/media?parent=11732"}],"wp:term":[{"taxonomy":"product_brand","embeddable":true,"href":"https:\/\/toprisesafety.com\/fr\/wp-json\/wp\/v2\/product_brand?post=11732"},{"taxonomy":"product_cat","embeddable":true,"href":"https:\/\/toprisesafety.com\/fr\/wp-json\/wp\/v2\/product_cat?post=11732"},{"taxonomy":"product_tag","embeddable":true,"href":"https:\/\/toprisesafety.com\/fr\/wp-json\/wp\/v2\/product_tag?post=11732"}],"curies":[{"name":"wp","href":"https:\/\/api.w.org\/{rel}","templated":true}]}}