{"id":11727,"date":"2025-04-07T07:57:53","date_gmt":"2025-04-07T07:57:53","guid":{"rendered":"https:\/\/toprisesafety.com\/?post_type=product&#038;p=11727"},"modified":"2025-04-14T04:11:09","modified_gmt":"2025-04-14T04:11:09","slug":"nylon-knit-gloves-with-gripper-dots","status":"publish","type":"product","link":"https:\/\/toprisesafety.com\/fr\/produit\/nylon-knit-gloves-with-gripper-dots\/","title":{"rendered":"Gants en tricot de nylon avec points d'adh\u00e9rence"},"content":{"rendered":"<h2>Gants en tricot de nylon avec points d'adh\u00e9rence<\/h2>\n<ul>\n<li>Les points en PVC augmentent la friction ; l'effet antid\u00e9rapant est bon.<\/li>\n<li>Le mat\u00e9riau en nylon est l\u00e9ger et respirant, confortable \u00e0 porter et n'\u00e9touffe pas les mains ;<\/li>\n<li>Type de main \u00e0 haute \u00e9lasticit\u00e9, fonctionnement souple et pr\u00e9cis ;<\/li>\n<li>R\u00e9sistance \u00e0 l'usure et \u00e0 la d\u00e9chirure, adapt\u00e9e \u00e0 diverses conditions de travail ;<\/li>\n<li>Soutenir la personnalisation du LOGO et de l'emballage pour renforcer l'identit\u00e9 de la marque.<\/li>\n<\/ul>\n<table style=\"height: 678px;\" width=\"767\">\n<tbody>\n<tr>\n<td width=\"284\">ART NO.<\/td>\n<td width=\"335\">CG04<\/td>\n<\/tr>\n<tr>\n<td width=\"284\">Mat\u00e9riau<\/td>\n<td width=\"335\">Nylon de calibre 13 tricot\u00e9 avec des points en PVC<\/td>\n<\/tr>\n<tr>\n<td width=\"284\">Finition<\/td>\n<td width=\"335\">Points PVC<\/td>\n<\/tr>\n<tr>\n<td width=\"284\">Poids<\/td>\n<td width=\"335\">plus de 24 g\/paire<\/td>\n<\/tr>\n<tr>\n<td width=\"284\">Taille<\/td>\n<td width=\"335\">23CM ou taille personnalis\u00e9e.<\/td>\n<\/tr>\n<tr>\n<td width=\"284\">Logo<\/td>\n<td width=\"335\">S\u00e9rigraphie, impression par transfert thermique au choix.<\/td>\n<\/tr>\n<tr>\n<td width=\"284\">Couleur<\/td>\n<td width=\"335\">Soutien personnalis\u00e9<\/td>\n<\/tr>\n<tr>\n<td width=\"284\">MOQ<\/td>\n<td width=\"335\">1000 DOZ (12000 PAIRES)<\/td>\n<\/tr>\n<tr>\n<td width=\"284\">Emballage<\/td>\n<td width=\"335\">12 paires par polybag, 120 paires par carton ou sur mesure<\/td>\n<\/tr>\n<tr>\n<td width=\"284\">Application<\/td>\n<td width=\"335\">Assemblage m\u00e9canique, travaux en ext\u00e9rieur, sylviculture, exploitation mini\u00e8re, chantiers de construction, manutention en entrep\u00f4t, chargement et d\u00e9chargement, maintenance, etc.<\/td>\n<\/tr>\n<\/tbody>\n<\/table>\n<p>TOPRISE prend en charge diff\u00e9rents styles de personnalisation des gants en fil de coton. <a href=\"https:\/\/toprisesafety.com\/fr\/categorie-produit\/personal-protective-equipment\/hand-protection\/cotton-gloves\/\">voir d'autres mod\u00e8les de gants en fil de coton.<\/a><\/p>\n<p>Si vous ne trouvez pas les gants en fil de coton dont vous avez besoin, <a href=\"https:\/\/toprisesafety.com\/fr\/contact-us\/\">nous contacter<\/a>; nous prenons en charge la personnalisation sp\u00e9ciale.<\/p>","protected":false},"excerpt":{"rendered":"<p>N\u00b0 d'art : NGP04<\/p>\n<p>Mati\u00e8re : Nylon de calibre 13 tricot\u00e9 avec des points en PVC<\/p>\n<p>Poids : plus de 24g\/paire<\/p>\n<p>Taille : 23CM ou taille personnalis\u00e9e.<\/p>\n<p>MOQ : 1000 DOZ (12000 PAIRES)<\/p>","protected":false},"featured_media":11729,"template":"","meta":{"_acf_changed":false},"product_brand":[],"product_cat":[346,345],"product_tag":[],"class_list":{"0":"post-11727","1":"product","2":"type-product","3":"status-publish","4":"has-post-thumbnail","6":"product_cat-cotton-gloves","7":"product_cat-hand-protection","9":"first","10":"instock","11":"shipping-taxable","12":"product-type-simple"},"acf":[],"_links":{"self":[{"href":"https:\/\/toprisesafety.com\/fr\/wp-json\/wp\/v2\/product\/11727"}],"collection":[{"href":"https:\/\/toprisesafety.com\/fr\/wp-json\/wp\/v2\/product"}],"about":[{"href":"https:\/\/toprisesafety.com\/fr\/wp-json\/wp\/v2\/types\/product"}],"wp:featuredmedia":[{"embeddable":true,"href":"https:\/\/toprisesafety.com\/fr\/wp-json\/wp\/v2\/media\/11729"}],"wp:attachment":[{"href":"https:\/\/toprisesafety.com\/fr\/wp-json\/wp\/v2\/media?parent=11727"}],"wp:term":[{"taxonomy":"product_brand","embeddable":true,"href":"https:\/\/toprisesafety.com\/fr\/wp-json\/wp\/v2\/product_brand?post=11727"},{"taxonomy":"product_cat","embeddable":true,"href":"https:\/\/toprisesafety.com\/fr\/wp-json\/wp\/v2\/product_cat?post=11727"},{"taxonomy":"product_tag","embeddable":true,"href":"https:\/\/toprisesafety.com\/fr\/wp-json\/wp\/v2\/product_tag?post=11727"}],"curies":[{"name":"wp","href":"https:\/\/api.w.org\/{rel}","templated":true}]}}