{"id":11721,"date":"2025-04-07T07:26:26","date_gmt":"2025-04-07T07:26:26","guid":{"rendered":"https:\/\/toprisesafety.com\/?post_type=product&#038;p=11721"},"modified":"2025-04-14T05:14:41","modified_gmt":"2025-04-14T05:14:41","slug":"pvc-coated-work-gloves","status":"publish","type":"product","link":"https:\/\/toprisesafety.com\/fr\/produit\/pvc-coated-work-gloves\/","title":{"rendered":"Gants de travail enduits de PVC"},"content":{"rendered":"<h2>Gants de travail enduits de PVC<\/h2>\n<ul>\n<li>Rev\u00eatement PVC enti\u00e8rement immerg\u00e9, \u00e9tanche \u00e0 l'eau et \u00e0 l'huile, adapt\u00e9 \u00e0 une vari\u00e9t\u00e9 de conditions de travail complexes ;<\/li>\n<li>Polyester haute densit\u00e9 \u00e0 13 aiguilles, adapt\u00e9 \u00e0 la forme de la main, fonctionnement souple ;<\/li>\n<li>R\u00e9sistance \u00e0 l'usure, r\u00e9sistance \u00e0 la d\u00e9chirure, dur\u00e9e de vie prolong\u00e9e ;<\/li>\n<li>Poignets \u00e9lastiques, antid\u00e9rapants et plus s\u00fbrs ;<\/li>\n<li>Prise en charge d'un LOGO personnalis\u00e9 et d'un emballage exclusif pour r\u00e9pondre aux besoins personnalis\u00e9s de la marque.<\/li>\n<\/ul>\n<table style=\"height: 740px;\" width=\"835\">\n<tbody>\n<tr>\n<td width=\"284\">ART NO.<\/td>\n<td width=\"335\">PVC04<\/td>\n<\/tr>\n<tr>\n<td width=\"284\">Mat\u00e9riau<\/td>\n<td width=\"335\">Polyester tricot\u00e9 de calibre 13 avec rev\u00eatement PVC<\/td>\n<\/tr>\n<tr>\n<td width=\"284\">Finition<\/td>\n<td width=\"335\">Rev\u00eatu de PVC<\/td>\n<\/tr>\n<tr>\n<td width=\"284\">Poids<\/td>\n<td width=\"335\">plus de 90 g\/paire<\/td>\n<\/tr>\n<tr>\n<td width=\"284\">Taille<\/td>\n<td width=\"335\">24CM ou taille personnalis\u00e9e.<\/td>\n<\/tr>\n<tr>\n<td width=\"284\">Normes de qualit\u00e9<\/td>\n<td width=\"335\">CE EN388<\/td>\n<\/tr>\n<tr>\n<td width=\"284\">Logo<\/td>\n<td width=\"335\">S\u00e9rigraphie, impression par transfert thermique au choix.<\/td>\n<\/tr>\n<tr>\n<td width=\"284\">Couleur<\/td>\n<td width=\"335\">Soutien personnalis\u00e9<\/td>\n<\/tr>\n<tr>\n<td width=\"284\">MOQ<\/td>\n<td width=\"335\">1000 DOZ (12000 PAIRES)<\/td>\n<\/tr>\n<tr>\n<td width=\"284\">Emballage<\/td>\n<td width=\"335\">12 paires par polybag, 120 paires par carton ou sur mesure<\/td>\n<\/tr>\n<tr>\n<td width=\"284\">Application<\/td>\n<td width=\"335\">Assemblage m\u00e9canique, travaux en ext\u00e9rieur, sylviculture, exploitation mini\u00e8re, chantiers de construction, manutention en entrep\u00f4t, chargement et d\u00e9chargement, maintenance, etc.<\/td>\n<\/tr>\n<\/tbody>\n<\/table>\n<p>TOPRISE prend en charge diff\u00e9rents styles de personnalisation des gants enduits de PVC ; cliquez pour <a href=\"https:\/\/toprisesafety.com\/fr\/categorie-produit\/personal-protective-equipment\/hand-protection\/pvc-gloves\/\">voir d'autres mod\u00e8les de gants enduits de PVC.<\/a><\/p>\n<p>Si vous ne trouvez pas les gants enduits de PVC dont vous avez besoin, <a href=\"https:\/\/toprisesafety.com\/fr\/contact-us\/\">nous contacter<\/a>; nous prenons en charge la personnalisation sp\u00e9ciale.<\/p>","protected":false},"excerpt":{"rendered":"<p>No. d'art : PVC04<\/p>\n<p>Mati\u00e8re : Polyester 13 Guage tricot\u00e9 et enduit de PVC<\/p>\n<p>Poids : plus de 90g\/paire<\/p>\n<p>Taille : 24CM ou taille personnalis\u00e9e.<\/p>\n<p>Norme de qualit\u00e9 : CE EN388<\/p>\n<p>MOQ : 1000 DOZ (12000 PAIRES)<\/p>","protected":false},"featured_media":11722,"template":"","meta":{"_acf_changed":false},"product_brand":[],"product_cat":[350,345],"product_tag":[],"class_list":{"0":"post-11721","1":"product","2":"type-product","3":"status-publish","4":"has-post-thumbnail","6":"product_cat-pvc-gloves","7":"product_cat-hand-protection","9":"first","10":"instock","11":"shipping-taxable","12":"product-type-simple"},"acf":[],"_links":{"self":[{"href":"https:\/\/toprisesafety.com\/fr\/wp-json\/wp\/v2\/product\/11721"}],"collection":[{"href":"https:\/\/toprisesafety.com\/fr\/wp-json\/wp\/v2\/product"}],"about":[{"href":"https:\/\/toprisesafety.com\/fr\/wp-json\/wp\/v2\/types\/product"}],"wp:featuredmedia":[{"embeddable":true,"href":"https:\/\/toprisesafety.com\/fr\/wp-json\/wp\/v2\/media\/11722"}],"wp:attachment":[{"href":"https:\/\/toprisesafety.com\/fr\/wp-json\/wp\/v2\/media?parent=11721"}],"wp:term":[{"taxonomy":"product_brand","embeddable":true,"href":"https:\/\/toprisesafety.com\/fr\/wp-json\/wp\/v2\/product_brand?post=11721"},{"taxonomy":"product_cat","embeddable":true,"href":"https:\/\/toprisesafety.com\/fr\/wp-json\/wp\/v2\/product_cat?post=11721"},{"taxonomy":"product_tag","embeddable":true,"href":"https:\/\/toprisesafety.com\/fr\/wp-json\/wp\/v2\/product_tag?post=11721"}],"curies":[{"name":"wp","href":"https:\/\/api.w.org\/{rel}","templated":true}]}}