{"id":11674,"date":"2025-03-26T06:49:48","date_gmt":"2025-03-26T06:49:48","guid":{"rendered":"https:\/\/toprisesafety.com\/?post_type=product&#038;p=11674"},"modified":"2025-04-09T06:45:17","modified_gmt":"2025-04-09T06:45:17","slug":"foam-dots-nitrile-sandy-coated-safety-gloves","status":"publish","type":"product","link":"https:\/\/toprisesafety.com\/fr\/produit\/foam-dots-nitrile-sandy-coated-safety-gloves\/","title":{"rendered":"Gants de s\u00e9curit\u00e9 enduits de nitrile sable Foam Dots"},"content":{"rendered":"<h2>Gants de s\u00e9curit\u00e9 enduits de nitrile sable Foam Dots<\/h2>\n<ul>\n<li data-pm-slice=\"1 1 []\">La conception des billes antid\u00e9rapantes am\u00e9liore la force de pr\u00e9hension et garantit un fonctionnement stable.<\/li>\n<li>L'enduction de mousse de nitrile am\u00e9liore la r\u00e9sistance \u00e0 l'eau et \u00e0 l'huile et s'adapte aux environnements humides et gras.<\/li>\n<li>Le nylon combin\u00e9 au nitrile am\u00e9liore la r\u00e9sistance \u00e0 l'usure et prolonge la dur\u00e9e de vie.<\/li>\n<li>La conception respirante permet de garder les mains s\u00e8ches et confortables.<\/li>\n<li>Conforme aux normes de s\u00e9curit\u00e9 EN388 pour la protection<\/li>\n<li>Soutenir la personnalisation du logo et de l'emballage afin d'am\u00e9liorer l'image de marque et l'attrait du march\u00e9.<\/li>\n<\/ul>\n<table>\n<tbody>\n<tr>\n<td width=\"284\">ART NO.<\/td>\n<td width=\"335\">NG11<\/td>\n<\/tr>\n<tr>\n<td width=\"284\">Mat\u00e9riau<\/td>\n<td width=\"335\">Points de mousse tricot\u00e9e en nylon de calibre 15 enduits de nitrile sableux<\/td>\n<\/tr>\n<tr>\n<td width=\"284\">Finition<\/td>\n<td width=\"335\">Surface en mousse avec points<\/td>\n<\/tr>\n<tr>\n<td width=\"284\">Poids<\/td>\n<td width=\"335\">Plus de 60-65 g\/paire<\/td>\n<\/tr>\n<tr>\n<td width=\"284\">Taille<\/td>\n<td width=\"335\">7\u2033, 8\u2033, 9\u2033, 10\u2033 et 11\u2033 au choix<\/td>\n<\/tr>\n<tr>\n<td width=\"284\">Normes de qualit\u00e9<\/td>\n<td width=\"335\">CE EN388<\/td>\n<\/tr>\n<tr>\n<td width=\"284\">Logo<\/td>\n<td width=\"335\">S\u00e9rigraphie, impression par transfert thermique au choix.<\/td>\n<\/tr>\n<tr>\n<td width=\"284\">Couleur<\/td>\n<td width=\"335\">Soutien personnalis\u00e9<\/td>\n<\/tr>\n<tr>\n<td width=\"284\">MOQ<\/td>\n<td width=\"335\">500 DOZ (6000 PAIRES)<\/td>\n<\/tr>\n<tr>\n<td width=\"284\">Emballage<\/td>\n<td width=\"335\">12 paires par polybag, 120 paires par carton ou sur mesure<\/td>\n<\/tr>\n<tr>\n<td width=\"284\">Application<\/td>\n<td width=\"335\">Travaux g\u00e9n\u00e9raux, construction, horticulture, p\u00e9trochimie, impression de peinture, industrie d'entretien, industrie d'utilisation de machines, etc.<\/td>\n<\/tr>\n<\/tbody>\n<\/table>\n<p>TOPRISE prend en charge diff\u00e9rents styles de personnalisation des gants enduits de nitrile. <a href=\"https:\/\/toprisesafety.com\/fr\/categorie-produit\/personal-protective-equipment\/hand-protection\/nitrile-gloves\/\">voir d'autres mod\u00e8les de gants enduits de nitrile.<\/a><br \/>\nSi vous ne trouvez pas les gants enduits de nitrile dont vous avez besoin,<a href=\"https:\/\/toprisesafety.com\/fr\/contact-us\/\"> nous contacter ;<\/a> nous offrons la possibilit\u00e9 d'une personnalisation sp\u00e9ciale.<\/p>","protected":false},"excerpt":{"rendered":"<p>No. d'art : NG12<\/p>\n<p>Mat\u00e9riau : Points de mousse tricot\u00e9s en nylon de 15guage enduits de nitrile sableux<\/p>\n<p>Poids : plus de 60-65g\/paire<\/p>\n<p>Taille : 7\u2033,8\u2033,9\u2033,10\u2033,11\u2033 au choix<\/p>\n<p>Norme de qualit\u00e9 : CE EN388<\/p>\n<p>MOQ : 1000 DOZ (12000 PAIRES)<\/p>","protected":false},"featured_media":11675,"template":"","meta":{"_acf_changed":false},"product_brand":[],"product_cat":[349,345],"product_tag":[],"class_list":{"0":"post-11674","1":"product","2":"type-product","3":"status-publish","4":"has-post-thumbnail","6":"product_cat-nitrile-gloves","7":"product_cat-hand-protection","9":"first","10":"instock","11":"shipping-taxable","12":"product-type-simple"},"acf":[],"_links":{"self":[{"href":"https:\/\/toprisesafety.com\/fr\/wp-json\/wp\/v2\/product\/11674","targetHints":{"allow":["GET"]}}],"collection":[{"href":"https:\/\/toprisesafety.com\/fr\/wp-json\/wp\/v2\/product"}],"about":[{"href":"https:\/\/toprisesafety.com\/fr\/wp-json\/wp\/v2\/types\/product"}],"wp:featuredmedia":[{"embeddable":true,"href":"https:\/\/toprisesafety.com\/fr\/wp-json\/wp\/v2\/media\/11675"}],"wp:attachment":[{"href":"https:\/\/toprisesafety.com\/fr\/wp-json\/wp\/v2\/media?parent=11674"}],"wp:term":[{"taxonomy":"product_brand","embeddable":true,"href":"https:\/\/toprisesafety.com\/fr\/wp-json\/wp\/v2\/product_brand?post=11674"},{"taxonomy":"product_cat","embeddable":true,"href":"https:\/\/toprisesafety.com\/fr\/wp-json\/wp\/v2\/product_cat?post=11674"},{"taxonomy":"product_tag","embeddable":true,"href":"https:\/\/toprisesafety.com\/fr\/wp-json\/wp\/v2\/product_tag?post=11674"}],"curies":[{"name":"wp","href":"https:\/\/api.w.org\/{rel}","templated":true}]}}