{"id":11669,"date":"2025-03-26T06:44:43","date_gmt":"2025-03-26T06:44:43","guid":{"rendered":"https:\/\/toprisesafety.com\/?post_type=product&#038;p=11669"},"modified":"2025-04-09T06:45:53","modified_gmt":"2025-04-09T06:45:53","slug":"black-nitrile-foam-gloves","status":"publish","type":"product","link":"https:\/\/toprisesafety.com\/fr\/produit\/black-nitrile-foam-gloves\/","title":{"rendered":"Gants en nitrile mousse noir"},"content":{"rendered":"<h2>Gants en nitrile mousse noir<\/h2>\n<ul>\n<li>Tricotage en jauge 15 : offre une meilleure flexibilit\u00e9 et un plus grand confort pour une utilisation prolong\u00e9e.<\/li>\n<li>Rev\u00eatement en mousse de nitrile : offre une excellente r\u00e9sistance \u00e0 l'eau et \u00e0 l'huile ; convient \u00e0 une vari\u00e9t\u00e9 d'environnements industriels et propres.<\/li>\n<li>Conception antid\u00e9rapante : Les rev\u00eatements mouss\u00e9s augmentent la force de pr\u00e9hension et garantissent un fonctionnement stable dans les environnements glissants ou graisseux.<\/li>\n<li>Forte durabilit\u00e9 : r\u00e9sistance \u00e0 l'usure, durabilit\u00e9 et ad\u00e9quation aux environnements de travail \u00e0 haute intensit\u00e9.<\/li>\n<li>Perm\u00e9abilit\u00e9 \u00e0 l'air : Le dos du gant est con\u00e7u pour \u00eatre respirant, r\u00e9duire la transpiration de la main et la garder s\u00e8che et confortable.<\/li>\n<li>Prise en charge de la personnalisation du LOGO : Le LOGO peut \u00eatre personnalis\u00e9 en fonction des besoins du client afin d'am\u00e9liorer l'image de la marque.<\/li>\n<li>Options d'emballages sp\u00e9ciaux : Possibilit\u00e9 de personnaliser l'emballage pour r\u00e9pondre aux besoins individuels.<\/li>\n<\/ul>\n<table>\n<tbody>\n<tr>\n<td width=\"284\">ART NO.<\/td>\n<td width=\"335\">NG11<\/td>\n<\/tr>\n<tr>\n<td width=\"284\">Mat\u00e9riau<\/td>\n<td width=\"335\">15Guage nylon tricot\u00e9 avec mousse enduite de nitrile<\/td>\n<\/tr>\n<tr>\n<td width=\"284\">Finition<\/td>\n<td width=\"335\">Surface en mousse<\/td>\n<\/tr>\n<tr>\n<td width=\"284\">Poids<\/td>\n<td width=\"335\">Plus de 50g\/paire<\/td>\n<\/tr>\n<tr>\n<td width=\"284\">Taille<\/td>\n<td width=\"335\">7\u2033,8\u2033,9\u2033,10\u2033,11\u2033 au choix<\/td>\n<\/tr>\n<tr>\n<td width=\"284\">Standard de qualit\u00e9<\/td>\n<td width=\"335\">CE EN388<\/td>\n<\/tr>\n<tr>\n<td width=\"284\">Logo<\/td>\n<td width=\"335\">S\u00e9rigraphie, impression par transfert thermique au choix.<\/td>\n<\/tr>\n<tr>\n<td width=\"284\">Couleur<\/td>\n<td width=\"335\">Soutien personnalis\u00e9<\/td>\n<\/tr>\n<tr>\n<td width=\"284\">MOQ<\/td>\n<td width=\"335\">500 DOZ ( 6000 PAIRES)<\/td>\n<\/tr>\n<tr>\n<td width=\"284\">Emballage<\/td>\n<td width=\"335\">12 paires par polybag, 120 paires par carton ou sur mesure<\/td>\n<\/tr>\n<tr>\n<td width=\"284\">Application<\/td>\n<td width=\"335\">Travaux g\u00e9n\u00e9raux, construction, horticulture, p\u00e9trochimie, impression de peinture, industrie d'entretien, industrie d'utilisation de machines, etc.<\/td>\n<\/tr>\n<\/tbody>\n<\/table>\n<p>TOPRISE prend en charge diff\u00e9rents styles de personnalisation des gants enduits de nitrile ; cliquez pour <a href=\"https:\/\/toprisesafety.com\/fr\/categorie-produit\/personal-protective-equipment\/hand-protection\/nitrile-gloves\/\">voir d'autres mod\u00e8les de gants enduits de nitrile.<\/a><br \/>\nSi vous ne trouvez pas les gants en nitrile dont vous avez besoin,<a href=\"https:\/\/toprisesafety.com\/fr\/contact-us\/\"> nous contacter ;<\/a> nous offrons la possibilit\u00e9 d'une personnalisation sp\u00e9ciale.<\/p>","protected":false},"excerpt":{"rendered":"<p>No. d'art : NG11<\/p>\n<p>Mat\u00e9riau : Nylon 15guage tricot\u00e9 avec mousse enduite de nitrile<\/p>\n<p>Poids : plus de 50g\/paire<\/p>\n<p>Taille : 7\u2033,8\u2033,9\u2033,10\u2033,11\u2033 au choix<\/p>\n<p>Norme de qualit\u00e9 : CE EN388<\/p>\n<p>MOQ : 500 DOZ (6000 PAIRES)<\/p>","protected":false},"featured_media":11670,"template":"","meta":{"_acf_changed":false},"product_brand":[],"product_cat":[349,345],"product_tag":[],"class_list":{"0":"post-11669","1":"product","2":"type-product","3":"status-publish","4":"has-post-thumbnail","6":"product_cat-nitrile-gloves","7":"product_cat-hand-protection","9":"first","10":"instock","11":"shipping-taxable","12":"product-type-simple"},"acf":[],"_links":{"self":[{"href":"https:\/\/toprisesafety.com\/fr\/wp-json\/wp\/v2\/product\/11669"}],"collection":[{"href":"https:\/\/toprisesafety.com\/fr\/wp-json\/wp\/v2\/product"}],"about":[{"href":"https:\/\/toprisesafety.com\/fr\/wp-json\/wp\/v2\/types\/product"}],"wp:featuredmedia":[{"embeddable":true,"href":"https:\/\/toprisesafety.com\/fr\/wp-json\/wp\/v2\/media\/11670"}],"wp:attachment":[{"href":"https:\/\/toprisesafety.com\/fr\/wp-json\/wp\/v2\/media?parent=11669"}],"wp:term":[{"taxonomy":"product_brand","embeddable":true,"href":"https:\/\/toprisesafety.com\/fr\/wp-json\/wp\/v2\/product_brand?post=11669"},{"taxonomy":"product_cat","embeddable":true,"href":"https:\/\/toprisesafety.com\/fr\/wp-json\/wp\/v2\/product_cat?post=11669"},{"taxonomy":"product_tag","embeddable":true,"href":"https:\/\/toprisesafety.com\/fr\/wp-json\/wp\/v2\/product_tag?post=11669"}],"curies":[{"name":"wp","href":"https:\/\/api.w.org\/{rel}","templated":true}]}}