{"id":11663,"date":"2025-03-26T06:33:14","date_gmt":"2025-03-26T06:33:14","guid":{"rendered":"https:\/\/toprisesafety.com\/?post_type=product&#038;p=11663"},"modified":"2025-04-09T06:47:00","modified_gmt":"2025-04-09T06:47:00","slug":"anti-cut-hppe-nitrile-coated-work-gloves","status":"publish","type":"product","link":"https:\/\/toprisesafety.com\/fr\/produit\/anti-cut-hppe-nitrile-coated-work-gloves\/","title":{"rendered":"Gants de travail anti-coupure enduits de nitrile HPPE"},"content":{"rendered":"<h2>Gants de travail anti-coupure enduits de nitrile HPPE<\/h2>\n<ul>\n<li>Le mat\u00e9riau HPPE offre une protection contre les coupures de niveau 5.<\/li>\n<li>Impr\u00e9gnation en nitrile : R\u00e9sistance accrue \u00e0 l'huile et \u00e0 l'eau pour une meilleure adh\u00e9rence.<\/li>\n<li>Conception renforc\u00e9e en TPR : Am\u00e9liore la r\u00e9sistance aux chocs du dos de la main et des doigts pour une plus grande durabilit\u00e9.<\/li>\n<li>Ajustement confortable : Mati\u00e8re \u00e9lastique, adapt\u00e9e \u00e0 une utilisation prolong\u00e9e.<\/li>\n<li>Conception antid\u00e9rapante : Le rev\u00eatement en nitrile offre une excellente prise en main et garantit un fonctionnement s\u00fbr.<\/li>\n<li>Forte durabilit\u00e9 : convient aux environnements de travail \u00e0 haute intensit\u00e9, prolongeant la dur\u00e9e de vie.<\/li>\n<li>Prise en charge du LOGO personnalis\u00e9 : r\u00e9pond aux besoins des marques personnalis\u00e9es.<\/li>\n<li>Options d'emballage sp\u00e9ciales : prise en charge des emballages personnalis\u00e9s.<\/li>\n<li>La manchette est r\u00e9glable.<\/li>\n<\/ul>\n<table>\n<tbody>\n<tr>\n<td width=\"284\">ART NO.<\/td>\n<td width=\"335\">NG09<\/td>\n<\/tr>\n<tr>\n<td width=\"284\">Mat\u00e9riau<\/td>\n<td width=\"335\">Gants tricot\u00e9s en HPPE 13Guage, enduits de nitrile, renforc\u00e9s de TPR.<\/p>\n<p>&nbsp;<\/td>\n<\/tr>\n<tr>\n<td width=\"284\">Caract\u00e9ristiques<\/td>\n<td width=\"335\">coupe, r\u00e9sistant \u00e0 la d\u00e9chirure, antid\u00e9rapant, r\u00e9sistant \u00e0 l'usure, manchette ajustable.<\/td>\n<\/tr>\n<tr>\n<td width=\"284\">Taille<\/td>\n<td width=\"335\">XS, S, M, L, XL, 2XL au choix<\/td>\n<\/tr>\n<tr>\n<td width=\"284\">Standard de qualit\u00e9<\/td>\n<td width=\"335\">CE EN388<\/td>\n<\/tr>\n<tr>\n<td width=\"284\">Logo<\/td>\n<td width=\"335\">S\u00e9rigraphie, impression par transfert thermique au choix.<\/td>\n<\/tr>\n<tr>\n<td width=\"284\">Couleur<\/td>\n<td width=\"335\">Soutien personnalis\u00e9<\/td>\n<\/tr>\n<tr>\n<td width=\"284\">MOQ<\/td>\n<td width=\"335\">500 DOZ ( 6000 PAIRES)<\/td>\n<\/tr>\n<tr>\n<td width=\"284\">Emballage<\/td>\n<td width=\"335\">12 paires par polybag, 120 paires par carton ou sur mesure<\/td>\n<\/tr>\n<tr>\n<td width=\"284\">Application<\/td>\n<td width=\"335\">Production de couteaux, coupe de v\u00eatements, coupe technique, segmentation de la viande, p\u00eache et autres industries.<\/td>\n<\/tr>\n<\/tbody>\n<\/table>\n<p>TOPRISE prend en charge diff\u00e9rents styles de personnalisation des gants enduits de nitrile ; cliquez pour <a href=\"https:\/\/toprisesafety.com\/fr\/categorie-produit\/personal-protective-equipment\/hand-protection\/nitrile-gloves\/\">voir d'autres mod\u00e8les de gants enduits de nitrile.<\/a><br \/>\nSi vous ne trouvez pas les gants en nitrile dont vous avez besoin,<a href=\"https:\/\/toprisesafety.com\/fr\/contact-us\/\"> nous contacter ;<\/a> nous offrons la possibilit\u00e9 d'une personnalisation sp\u00e9ciale.<\/p>","protected":false},"excerpt":{"rendered":"<p>N\u00b0 d'art : NG09<\/p>\n<p>Mat\u00e9riau : Gants tricot\u00e9s en HPPE 13Guage, enduits de nitrile, renforc\u00e9s de TPR.<\/p>\n<p>Caract\u00e9ristiques : r\u00e9sistant aux coupures et aux d\u00e9chirures, antid\u00e9rapant, r\u00e9sistant \u00e0 l'usure, manchette r\u00e9glable.<\/p>\n<p>Taille : XS, S, M, L, XL, 2XL au choix<\/p>\n<p>Norme de qualit\u00e9 : CE EN388<\/p>\n<p>MOQ : 500 DOZ (6000 PAIRES)<\/p>","protected":false},"featured_media":11664,"template":"","meta":{"_acf_changed":false},"product_brand":[],"product_cat":[349,345],"product_tag":[],"class_list":{"0":"post-11663","1":"product","2":"type-product","3":"status-publish","4":"has-post-thumbnail","6":"product_cat-nitrile-gloves","7":"product_cat-hand-protection","9":"first","10":"instock","11":"shipping-taxable","12":"product-type-simple"},"acf":[],"_links":{"self":[{"href":"https:\/\/toprisesafety.com\/fr\/wp-json\/wp\/v2\/product\/11663"}],"collection":[{"href":"https:\/\/toprisesafety.com\/fr\/wp-json\/wp\/v2\/product"}],"about":[{"href":"https:\/\/toprisesafety.com\/fr\/wp-json\/wp\/v2\/types\/product"}],"wp:featuredmedia":[{"embeddable":true,"href":"https:\/\/toprisesafety.com\/fr\/wp-json\/wp\/v2\/media\/11664"}],"wp:attachment":[{"href":"https:\/\/toprisesafety.com\/fr\/wp-json\/wp\/v2\/media?parent=11663"}],"wp:term":[{"taxonomy":"product_brand","embeddable":true,"href":"https:\/\/toprisesafety.com\/fr\/wp-json\/wp\/v2\/product_brand?post=11663"},{"taxonomy":"product_cat","embeddable":true,"href":"https:\/\/toprisesafety.com\/fr\/wp-json\/wp\/v2\/product_cat?post=11663"},{"taxonomy":"product_tag","embeddable":true,"href":"https:\/\/toprisesafety.com\/fr\/wp-json\/wp\/v2\/product_tag?post=11663"}],"curies":[{"name":"wp","href":"https:\/\/api.w.org\/{rel}","templated":true}]}}