{"id":11650,"date":"2025-03-26T04:33:08","date_gmt":"2025-03-26T04:33:08","guid":{"rendered":"https:\/\/toprisesafety.com\/?post_type=product&#038;p=11650"},"modified":"2025-04-09T06:49:27","modified_gmt":"2025-04-09T06:49:27","slug":"hppe-cut-resistant-wrinkle-latex-coated-work-gloves","status":"publish","type":"product","link":"https:\/\/toprisesafety.com\/fr\/produit\/hppe-cut-resistant-wrinkle-latex-coated-work-gloves\/","title":{"rendered":"Gants de travail enduits de latex HPPE r\u00e9sistants \u00e0 la coupure et au froissement"},"content":{"rendered":"<h2>Gants de travail enduits de latex HPPE r\u00e9sistants \u00e0 la coupure et au froissement<\/h2>\n<ul>\n<li>HPPE material provides efficient anti-cutting protection for hand safety;<\/li>\n<li>The wrinkly surface of latex increases anti-slip and ensures a strong grip;<\/li>\n<li>Durable and comfortable, suitable for long wear;<\/li>\n<li>Support LOGO customization and enhance brand image.<\/li>\n<li>Packaging can be customized to meet special requirements;<\/li>\n<li>EN388 certification, in line with international safety standards;<\/li>\n<li>It is suitable for high-risk work scenarios and provides reliable protection.<\/li>\n<\/ul>\n<table>\n<tbody>\n<tr>\n<td width=\"284\">ART NO.<\/td>\n<td width=\"335\">LXG16<\/td>\n<\/tr>\n<tr>\n<td width=\"284\">Mat\u00e9riau<\/td>\n<td width=\"335\">5 grade HPPE with wrinkle latex\u00a0coated<\/td>\n<\/tr>\n<tr>\n<td width=\"284\">Finition<\/td>\n<td width=\"335\">Wrinkle latex dipped<\/td>\n<\/tr>\n<tr>\n<td width=\"284\">Poids<\/td>\n<td width=\"335\">over 85g\/pair<\/td>\n<\/tr>\n<tr>\n<td width=\"284\">Taille<\/td>\n<td width=\"335\">7\u2033,8\u2033,9\u2033,10\u2033,11\u2033 au choix<\/td>\n<\/tr>\n<tr>\n<td width=\"284\">Standard de qualit\u00e9<\/td>\n<td width=\"335\">CE EN388<\/td>\n<\/tr>\n<tr>\n<td width=\"284\">Logo<\/td>\n<td width=\"335\">S\u00e9rigraphie, impression par transfert thermique au choix.<\/td>\n<\/tr>\n<tr>\n<td width=\"284\">Couleur<\/td>\n<td width=\"335\">Soutien personnalis\u00e9<\/td>\n<\/tr>\n<tr>\n<td width=\"284\">MOQ<\/td>\n<td width=\"335\">500 DOZ ( 6000 PAIRES)<\/td>\n<\/tr>\n<tr>\n<td width=\"284\">Emballage<\/td>\n<td width=\"335\">12 paires par polybag, 120 paires par carton ou sur mesure<\/td>\n<\/tr>\n<tr>\n<td width=\"284\">Application<\/td>\n<td width=\"335\">Construction, entretien m\u00e9canique, p\u00e9trochimie, charpenterie, etc.<\/td>\n<\/tr>\n<\/tbody>\n<\/table>\n<p>TOPRISE prend en charge diff\u00e9rents styles de personnalisation des gants en latex ; cliquez pour <a href=\"https:\/\/toprisesafety.com\/fr\/categorie-produit\/personal-protective-equipment\/hand-protection\/latex-gloves\/\">voir d'autres mod\u00e8les de gants en latex.<\/a><\/p>\n<p>Si vous ne trouvez pas les gants en latex n\u00e9cessaires, <a href=\"https:\/\/toprisesafety.com\/fr\/contact-us\/\">nous contacter ;<\/a> nous offrons la possibilit\u00e9 d'une personnalisation sp\u00e9ciale.<\/p>","protected":false},"excerpt":{"rendered":"<p>Art No.: LXG20<\/p>\n<p>Material:\u00a05 grade HPPE with wrinkle latex\u00a0coated<\/p>\n<p>Weight : over 85g\/pair<\/p>\n<p>Taille : 7\u2033,8\u2033,9\u2033,10\u2033,11\u2033 au choix<\/p>\n<p>Norme de qualit\u00e9 : CE EN388<\/p>\n<p>MOQ : 500 DOZ (6000 PAIRES)<\/p>","protected":false},"featured_media":11651,"template":"","meta":{"_acf_changed":false},"product_brand":[],"product_cat":[348,345],"product_tag":[],"class_list":{"0":"post-11650","1":"product","2":"type-product","3":"status-publish","4":"has-post-thumbnail","6":"product_cat-latex-gloves","7":"product_cat-hand-protection","9":"first","10":"instock","11":"shipping-taxable","12":"product-type-simple"},"acf":[],"_links":{"self":[{"href":"https:\/\/toprisesafety.com\/fr\/wp-json\/wp\/v2\/product\/11650","targetHints":{"allow":["GET"]}}],"collection":[{"href":"https:\/\/toprisesafety.com\/fr\/wp-json\/wp\/v2\/product"}],"about":[{"href":"https:\/\/toprisesafety.com\/fr\/wp-json\/wp\/v2\/types\/product"}],"wp:featuredmedia":[{"embeddable":true,"href":"https:\/\/toprisesafety.com\/fr\/wp-json\/wp\/v2\/media\/11651"}],"wp:attachment":[{"href":"https:\/\/toprisesafety.com\/fr\/wp-json\/wp\/v2\/media?parent=11650"}],"wp:term":[{"taxonomy":"product_brand","embeddable":true,"href":"https:\/\/toprisesafety.com\/fr\/wp-json\/wp\/v2\/product_brand?post=11650"},{"taxonomy":"product_cat","embeddable":true,"href":"https:\/\/toprisesafety.com\/fr\/wp-json\/wp\/v2\/product_cat?post=11650"},{"taxonomy":"product_tag","embeddable":true,"href":"https:\/\/toprisesafety.com\/fr\/wp-json\/wp\/v2\/product_tag?post=11650"}],"curies":[{"name":"wp","href":"https:\/\/api.w.org\/{rel}","templated":true}]}}