{"id":11636,"date":"2025-03-26T03:59:30","date_gmt":"2025-03-26T03:59:30","guid":{"rendered":"https:\/\/toprisesafety.com\/?post_type=product&#038;p=11636"},"modified":"2025-04-09T06:50:27","modified_gmt":"2025-04-09T06:50:27","slug":"waterproof-sandy-double-latex-full-coated-work-gloves","status":"publish","type":"product","link":"https:\/\/toprisesafety.com\/fr\/produit\/waterproof-sandy-double-latex-full-coated-work-gloves\/","title":{"rendered":"Gants de travail imperm\u00e9ables Sandy \u00e0 double latex enti\u00e8rement enduits"},"content":{"rendered":"<h2>Gants de travail imperm\u00e9ables Sandy \u00e0 double latex enti\u00e8rement enduits<\/h2>\n<p>Mat\u00e9riau en polyester de 15 gauges : assure un port confortable et une bonne respirabilit\u00e9.<\/p>\n<p>Latex imperm\u00e9able : emp\u00eache efficacement la p\u00e9n\u00e9tration de l'eau ; convient aux environnements humides.<\/p>\n<p>Conception \u00e0 double immersion : Am\u00e9liore la durabilit\u00e9 et la protection des gants et prolonge leur dur\u00e9e de vie.<\/p>\n<p>Surface givr\u00e9e en latex : assure une bonne prise en main et garantit la stabilit\u00e9 lors de diverses op\u00e9rations.<\/p>\n<p>Convient \u00e0 une vari\u00e9t\u00e9 d'environnements de travail : pour l'horticulture, les machines, le bricolage et d'autres occasions de travail.<\/p>\n<p>Prise en charge du LOGO personnalis\u00e9 : pour r\u00e9pondre aux besoins de personnalisation de la marque et am\u00e9liorer l'image de l'entreprise.<\/p>\n<p>Options d'emballage sp\u00e9cial : Fournir un emballage personnalis\u00e9 en fonction des besoins du client afin d'accro\u00eetre l'attrait du march\u00e9.<\/p>\n<table>\n<tbody>\n<tr>\n<td width=\"284\">ART NO.<\/td>\n<td width=\"335\">LXG16<\/td>\n<\/tr>\n<tr>\n<td width=\"284\">Mat\u00e9riau<\/td>\n<td width=\"335\">Doublure tricot\u00e9e en polyester de calibre 13 avec double rev\u00eatement en latex pour le sable.<\/p>\n<p>&nbsp;<\/td>\n<\/tr>\n<tr>\n<td width=\"284\">Finition<\/td>\n<td width=\"335\">Double couche, immersion totale dans le latex, imperm\u00e9able \u00e0 l'eau<\/td>\n<\/tr>\n<tr>\n<td width=\"284\">Poids<\/td>\n<td width=\"335\">plus de 60-70g\/paire<\/td>\n<\/tr>\n<tr>\n<td width=\"284\">Taille<\/td>\n<td width=\"335\">7\u2033,8\u2033,9\u2033,10\u2033,11\u2033 au choix<\/td>\n<\/tr>\n<tr>\n<td width=\"284\">Standard de qualit\u00e9<\/td>\n<td width=\"335\">CE EN388<\/td>\n<\/tr>\n<tr>\n<td width=\"284\">Logo<\/td>\n<td width=\"335\">S\u00e9rigraphie, impression par transfert thermique au choix.<\/td>\n<\/tr>\n<tr>\n<td width=\"284\">Couleur<\/td>\n<td width=\"335\">Soutien personnalis\u00e9<\/td>\n<\/tr>\n<tr>\n<td width=\"284\">MOQ<\/td>\n<td width=\"335\">1000 DOZ ( 12000PAIRES)<\/td>\n<\/tr>\n<tr>\n<td width=\"284\">Emballage<\/td>\n<td width=\"335\">12 paires par polybag, 120 paires par carton ou sur mesure<\/td>\n<\/tr>\n<tr>\n<td width=\"284\">Application<\/td>\n<td width=\"335\">Construction, entretien m\u00e9canique, p\u00e9trochimie, charpenterie, etc.<\/td>\n<\/tr>\n<\/tbody>\n<\/table>\n<p>TOPRISE prend en charge diff\u00e9rents styles de personnalisation des gants en latex ; cliquez pour <a href=\"https:\/\/toprisesafety.com\/fr\/categorie-produit\/personal-protective-equipment\/hand-protection\/latex-gloves\/\">voir d'autres mod\u00e8les de gants en latex.<\/a><\/p>\n<p>Si vous ne trouvez pas les gants en latex n\u00e9cessaires, <a href=\"https:\/\/toprisesafety.com\/fr\/contact-us\/\">nous contacter ;<\/a> nous offrons la possibilit\u00e9 d'une personnalisation sp\u00e9ciale.<\/p>","protected":false},"excerpt":{"rendered":"<p>N\u00b0 d'art : LXG16<\/p>\n<p>Mat\u00e9riau : Doublure tricot\u00e9e en polyester de calibre 13 avec double rev\u00eatement en latex pour le sable.<\/p>\n<p>Finition : Double couche, immersion totale dans le latex, imperm\u00e9able \u00e0 l'eau.<\/p>\n<p>Poids : plus de 60-70g\/paire<\/p>\n<p>Taille : 7\u2033,8\u2033,9\u2033,10\u2033,11\u2033 au choix<\/p>\n<p>Norme de qualit\u00e9 : CE EN388<\/p>\n<p>MOQ : 1000 DOZ (12000 PAIRES)<\/p>","protected":false},"featured_media":11637,"template":"","meta":{"_acf_changed":false},"product_brand":[],"product_cat":[348,345],"product_tag":[],"class_list":{"0":"post-11636","1":"product","2":"type-product","3":"status-publish","4":"has-post-thumbnail","6":"product_cat-latex-gloves","7":"product_cat-hand-protection","9":"first","10":"instock","11":"shipping-taxable","12":"product-type-simple"},"acf":[],"_links":{"self":[{"href":"https:\/\/toprisesafety.com\/fr\/wp-json\/wp\/v2\/product\/11636"}],"collection":[{"href":"https:\/\/toprisesafety.com\/fr\/wp-json\/wp\/v2\/product"}],"about":[{"href":"https:\/\/toprisesafety.com\/fr\/wp-json\/wp\/v2\/types\/product"}],"wp:featuredmedia":[{"embeddable":true,"href":"https:\/\/toprisesafety.com\/fr\/wp-json\/wp\/v2\/media\/11637"}],"wp:attachment":[{"href":"https:\/\/toprisesafety.com\/fr\/wp-json\/wp\/v2\/media?parent=11636"}],"wp:term":[{"taxonomy":"product_brand","embeddable":true,"href":"https:\/\/toprisesafety.com\/fr\/wp-json\/wp\/v2\/product_brand?post=11636"},{"taxonomy":"product_cat","embeddable":true,"href":"https:\/\/toprisesafety.com\/fr\/wp-json\/wp\/v2\/product_cat?post=11636"},{"taxonomy":"product_tag","embeddable":true,"href":"https:\/\/toprisesafety.com\/fr\/wp-json\/wp\/v2\/product_tag?post=11636"}],"curies":[{"name":"wp","href":"https:\/\/api.w.org\/{rel}","templated":true}]}}