{"id":11634,"date":"2025-03-26T03:50:10","date_gmt":"2025-03-26T03:50:10","guid":{"rendered":"https:\/\/toprisesafety.com\/?post_type=product&#038;p=11634"},"modified":"2025-04-09T06:50:55","modified_gmt":"2025-04-09T06:50:55","slug":"wrinkle-latex-coated-hand-gloves","status":"publish","type":"product","link":"https:\/\/toprisesafety.com\/fr\/produit\/wrinkle-latex-coated-hand-gloves\/","title":{"rendered":"Gants enduits de latex infroissable"},"content":{"rendered":"<h2>Gants enduits de latex infroissable<\/h2>\n<ul>\n<li>La conception des plis en latex am\u00e9liore les performances antid\u00e9rapantes ;<\/li>\n<\/ul>\n<p>&nbsp;<\/p>\n<ul>\n<li>Poignet en laine de coton, tricot\u00e9, pour un ajustement confortable ;<\/li>\n<\/ul>\n<p>&nbsp;<\/p>\n<ul>\n<li>Proc\u00e9d\u00e9 de trempage 3\/4 pour am\u00e9liorer la durabilit\u00e9 ;<\/li>\n<\/ul>\n<p>&nbsp;<\/p>\n<ul>\n<li>La conception de la manchette emp\u00eache efficacement les corps \u00e9trangers de p\u00e9n\u00e9trer dans l'appareil ;<\/li>\n<\/ul>\n<p>&nbsp;<\/p>\n<ul>\n<li>Soutenir la personnalisation du LOGO pour r\u00e9pondre aux besoins individuels ;<\/li>\n<\/ul>\n<p>&nbsp;<\/p>\n<ul>\n<li>Des emballages sp\u00e9ciaux peuvent \u00eatre personnalis\u00e9s pour r\u00e9pondre \u00e0 diff\u00e9rents besoins ;<\/li>\n<\/ul>\n<p>&nbsp;<\/p>\n<ul>\n<li>Certification EN388 pour la s\u00e9curit\u00e9 des mains.<\/li>\n<\/ul>\n<table>\n<tbody>\n<tr>\n<td width=\"284\">ART NO.<\/td>\n<td width=\"386\">LXG15<\/td>\n<\/tr>\n<tr>\n<td width=\"284\">Mat\u00e9riau<\/td>\n<td width=\"386\">Enduit de latex jaune pliss\u00e9, dos ouvert, poignet en tricot, doublure en interlock.<\/td>\n<\/tr>\n<tr>\n<td width=\"284\">Finition<\/td>\n<td width=\"386\">latex froiss\u00e9, 3\/4 latex tremp\u00e9.<\/p>\n<p>&nbsp;<\/td>\n<\/tr>\n<tr>\n<td width=\"284\">Poids<\/td>\n<td width=\"386\">Plus de 65g\/paire<\/td>\n<\/tr>\n<tr>\n<td width=\"284\">Taille<\/td>\n<td width=\"386\">7\u2033,8\u2033,9\u2033,10\u2033,11\u2033 au choix<\/td>\n<\/tr>\n<tr>\n<td width=\"284\">Standard de qualit\u00e9<\/td>\n<td width=\"386\">CE EN388<\/td>\n<\/tr>\n<tr>\n<td width=\"284\">Logo<\/td>\n<td width=\"386\">S\u00e9rigraphie, impression par transfert thermique au choix.<\/td>\n<\/tr>\n<tr>\n<td width=\"284\">Couleur<\/td>\n<td width=\"386\">Soutien personnalis\u00e9<\/td>\n<\/tr>\n<tr>\n<td width=\"284\">MOQ<\/td>\n<td width=\"386\">500 DOZ ( 6000 PAIRES)<\/td>\n<\/tr>\n<tr>\n<td width=\"284\">Emballage<\/td>\n<td width=\"386\">12 paires par polybag, 120 paires par carton ou sur mesure<\/td>\n<\/tr>\n<tr>\n<td width=\"284\">Application<\/td>\n<td width=\"386\">Construction, entretien m\u00e9canique, p\u00e9trochimie, charpenterie, etc.<\/td>\n<\/tr>\n<\/tbody>\n<\/table>\n<p>TOPRISE prend en charge diff\u00e9rents styles de personnalisation des gants en latex ; cliquez pour <a href=\"https:\/\/toprisesafety.com\/fr\/categorie-produit\/personal-protective-equipment\/hand-protection\/latex-gloves\/\">voir d'autres mod\u00e8les de gants en latex.<\/a><\/p>\n<p>Si vous ne trouvez pas les gants en latex n\u00e9cessaires, <a href=\"https:\/\/toprisesafety.com\/fr\/contact-us\/\">nous contacter ;<\/a> nous offrons la possibilit\u00e9 d'une personnalisation sp\u00e9ciale.<\/p>","protected":false},"excerpt":{"rendered":"<p>N\u00b0 d'art : LXG15<\/p>\n<p>Mati\u00e8re : Enduit de latex jaune infroissable, dos ouvert, poignet en tricot, doublure en interlock.<\/p>\n<p>Finition : latex rid\u00e9, 3\/4 latex tremp\u00e9.<\/p>\n<p>Poids : plus de 65g\/paire<\/p>\n<p>Taille : 7\u2033,8\u2033,9\u2033,10\u2033,11\u2033 au choix<\/p>\n<p>Norme de qualit\u00e9 : CE EN388<\/p>\n<p>MOQ : 500 DOZ (6000 PAIRES)<\/p>","protected":false},"featured_media":11635,"template":"","meta":{"_acf_changed":false},"product_brand":[],"product_cat":[348,345],"product_tag":[],"class_list":{"0":"post-11634","1":"product","2":"type-product","3":"status-publish","4":"has-post-thumbnail","6":"product_cat-latex-gloves","7":"product_cat-hand-protection","9":"first","10":"instock","11":"shipping-taxable","12":"product-type-simple"},"acf":[],"_links":{"self":[{"href":"https:\/\/toprisesafety.com\/fr\/wp-json\/wp\/v2\/product\/11634"}],"collection":[{"href":"https:\/\/toprisesafety.com\/fr\/wp-json\/wp\/v2\/product"}],"about":[{"href":"https:\/\/toprisesafety.com\/fr\/wp-json\/wp\/v2\/types\/product"}],"wp:featuredmedia":[{"embeddable":true,"href":"https:\/\/toprisesafety.com\/fr\/wp-json\/wp\/v2\/media\/11635"}],"wp:attachment":[{"href":"https:\/\/toprisesafety.com\/fr\/wp-json\/wp\/v2\/media?parent=11634"}],"wp:term":[{"taxonomy":"product_brand","embeddable":true,"href":"https:\/\/toprisesafety.com\/fr\/wp-json\/wp\/v2\/product_brand?post=11634"},{"taxonomy":"product_cat","embeddable":true,"href":"https:\/\/toprisesafety.com\/fr\/wp-json\/wp\/v2\/product_cat?post=11634"},{"taxonomy":"product_tag","embeddable":true,"href":"https:\/\/toprisesafety.com\/fr\/wp-json\/wp\/v2\/product_tag?post=11634"}],"curies":[{"name":"wp","href":"https:\/\/api.w.org\/{rel}","templated":true}]}}