{"id":11632,"date":"2025-03-26T03:45:18","date_gmt":"2025-03-26T03:45:18","guid":{"rendered":"https:\/\/toprisesafety.com\/?post_type=product&#038;p=11632"},"modified":"2025-04-09T06:51:10","modified_gmt":"2025-04-09T06:51:10","slug":"sandy-latex-coated-work-gloves","status":"publish","type":"product","link":"https:\/\/toprisesafety.com\/fr\/produit\/sandy-latex-coated-work-gloves\/","title":{"rendered":"Gants de travail Sandy enduits de latex"},"content":{"rendered":"<h2>Gants de travail Sandy enduits de latex<\/h2>\n<ul>\n<li>Excellent confort : Conception en nylon tricot\u00e9 de calibre 13, sensation de douceur, confortable \u00e0 porter.<\/li>\n<li>Bon effet antid\u00e9rapant : la conception de la surface en latex mousse offre une excellente adh\u00e9rence et convient aux environnements humides.<\/li>\n<li>Conception impr\u00e9gn\u00e9e 3\/4 : offre une protection sans compromettre la flexibilit\u00e9 pour une manipulation fine.<\/li>\n<li>Forte perm\u00e9abilit\u00e9 \u00e0 l'air : le mat\u00e9riau en nylon augmente la perm\u00e9abilit\u00e9 \u00e0 l'air, l'usure \u00e0 long terme n'est pas chaude.<\/li>\n<li>Services personnalis\u00e9s : La personnalisation du LOGO et l'emballage personnalis\u00e9 permettent de r\u00e9pondre aux besoins des entreprises.<\/li>\n<li>Application multifonctionnelle : convient \u00e0 la construction, \u00e0 l'entretien des machines, \u00e0 l'industrie et \u00e0 l'agriculture.<\/li>\n<\/ul>\n<ul>\n<li>Le design givr\u00e9 en latex augmente les performances antid\u00e9rapantes.<\/li>\n<li>Processus de double immersion pour am\u00e9liorer la durabilit\u00e9 ;<\/li>\n<li>Ils procurent une sensation de confort et d'ajustement ;<\/li>\n<li>Soutenir la personnalisation du LOGO en fonction des besoins individuels.<\/li>\n<li>Des emballages sp\u00e9ciaux peuvent \u00eatre personnalis\u00e9s en fonction de la demande ;<\/li>\n<li>La prise en main forte am\u00e9liore l'efficacit\u00e9 du travail.<\/li>\n<li>Certification EN388 pour garantir la s\u00e9curit\u00e9.<\/li>\n<\/ul>\n<table>\n<tbody>\n<tr>\n<td width=\"284\">ART NO.<\/td>\n<td width=\"335\">LXG14<\/td>\n<\/tr>\n<tr>\n<td width=\"284\">Mat\u00e9riau<\/td>\n<td width=\"335\">Doublure en polyester tricot\u00e9 de calibre 15 avec rev\u00eatement en latex sableux<\/td>\n<\/tr>\n<tr>\n<td width=\"284\">Finition<\/td>\n<td width=\"335\">Double couche, doigts froiss\u00e9s, 3\/4 en latex.<\/td>\n<\/tr>\n<tr>\n<td width=\"284\">Poids<\/td>\n<td width=\"335\">plus de 90g\/paire<\/td>\n<\/tr>\n<tr>\n<td width=\"284\">Taille<\/td>\n<td width=\"335\">7\u2033,8\u2033,9\u2033,10\u2033,11\u2033 au choix<\/td>\n<\/tr>\n<tr>\n<td width=\"284\">Standard de qualit\u00e9<\/td>\n<td width=\"335\">CE EN388<\/td>\n<\/tr>\n<tr>\n<td width=\"284\">Logo<\/td>\n<td width=\"335\">S\u00e9rigraphie, impression par transfert thermique au choix.<\/td>\n<\/tr>\n<tr>\n<td width=\"284\">Couleur<\/td>\n<td width=\"335\">Soutien personnalis\u00e9<\/td>\n<\/tr>\n<tr>\n<td width=\"284\">MOQ<\/td>\n<td width=\"335\">1000 DOZ ( 12000PAIRES)<\/td>\n<\/tr>\n<tr>\n<td width=\"284\">Emballage<\/td>\n<td width=\"335\">12 paires par polybag, 120 paires par carton ou sur mesure<\/td>\n<\/tr>\n<tr>\n<td width=\"284\">Application<\/td>\n<td width=\"335\">Construction, entretien m\u00e9canique, p\u00e9trochimie, charpenterie, etc.<\/td>\n<\/tr>\n<\/tbody>\n<\/table>\n<p>TOPRISE prend en charge diff\u00e9rents styles de personnalisation des gants en latex ; cliquez pour <a href=\"https:\/\/toprisesafety.com\/fr\/categorie-produit\/personal-protective-equipment\/hand-protection\/latex-gloves\/\">voir d'autres mod\u00e8les de gants en latex.<\/a><\/p>\n<p>Si vous ne trouvez pas les gants en latex n\u00e9cessaires, <a href=\"https:\/\/toprisesafety.com\/fr\/contact-us\/\">nous contacter ;<\/a> nous offrons la possibilit\u00e9 d'une personnalisation sp\u00e9ciale.<\/p>","protected":false},"excerpt":{"rendered":"<p>N\u00b0 d'art : LXG14<\/p>\n<p>Mat\u00e9riau : Doublure en polyester tricot\u00e9 de calibre 15 avec rev\u00eatement en latex sableux<\/p>\n<p>Finition : Double couche, doigts froiss\u00e9s, 3\/4 latex tremp\u00e9.<\/p>\n<p>Poids : plus de 90g\/paire<\/p>\n<p>Taille : 7\u2033,8\u2033,9\u2033,10\u2033,11\u2033 au choix<\/p>\n<p>Norme de qualit\u00e9 : CE EN388<\/p>\n<p>MOQ : 1000 DOZ (12000 PAIRES)<\/p>","protected":false},"featured_media":11633,"template":"","meta":{"_acf_changed":false},"product_brand":[],"product_cat":[348,345],"product_tag":[],"class_list":{"0":"post-11632","1":"product","2":"type-product","3":"status-publish","4":"has-post-thumbnail","6":"product_cat-latex-gloves","7":"product_cat-hand-protection","9":"first","10":"instock","11":"shipping-taxable","12":"product-type-simple"},"acf":[],"_links":{"self":[{"href":"https:\/\/toprisesafety.com\/fr\/wp-json\/wp\/v2\/product\/11632"}],"collection":[{"href":"https:\/\/toprisesafety.com\/fr\/wp-json\/wp\/v2\/product"}],"about":[{"href":"https:\/\/toprisesafety.com\/fr\/wp-json\/wp\/v2\/types\/product"}],"wp:featuredmedia":[{"embeddable":true,"href":"https:\/\/toprisesafety.com\/fr\/wp-json\/wp\/v2\/media\/11633"}],"wp:attachment":[{"href":"https:\/\/toprisesafety.com\/fr\/wp-json\/wp\/v2\/media?parent=11632"}],"wp:term":[{"taxonomy":"product_brand","embeddable":true,"href":"https:\/\/toprisesafety.com\/fr\/wp-json\/wp\/v2\/product_brand?post=11632"},{"taxonomy":"product_cat","embeddable":true,"href":"https:\/\/toprisesafety.com\/fr\/wp-json\/wp\/v2\/product_cat?post=11632"},{"taxonomy":"product_tag","embeddable":true,"href":"https:\/\/toprisesafety.com\/fr\/wp-json\/wp\/v2\/product_tag?post=11632"}],"curies":[{"name":"wp","href":"https:\/\/api.w.org\/{rel}","templated":true}]}}