{"id":11627,"date":"2025-03-26T03:32:20","date_gmt":"2025-03-26T03:32:20","guid":{"rendered":"https:\/\/toprisesafety.com\/?post_type=product&#038;p=11627"},"modified":"2025-04-09T07:34:06","modified_gmt":"2025-04-09T07:34:06","slug":"cheap-latex-foam-gloves","status":"publish","type":"product","link":"https:\/\/toprisesafety.com\/fr\/produit\/cheap-latex-foam-gloves\/","title":{"rendered":"Gants en mousse de latex bon march\u00e9"},"content":{"rendered":"<h2>Gants en mousse de latex bon march\u00e9<\/h2>\n<table>\n<tbody>\n<tr>\n<td width=\"284\">ART NO.<\/td>\n<td width=\"335\">LXG12<\/td>\n<\/tr>\n<tr>\n<td width=\"284\">Mat\u00e9riau<\/td>\n<td width=\"335\">Doublure en polyester tricot\u00e9 \u00e0 5 fils de calibre 10 avec rev\u00eatement en mousse de latex<\/p>\n<p>&nbsp;<\/td>\n<\/tr>\n<tr>\n<td width=\"284\">Finition<\/td>\n<td width=\"335\">Paume et doigts pliss\u00e9s, 3\/4 enduits de latex.<\/td>\n<\/tr>\n<tr>\n<td width=\"284\">Poids<\/td>\n<td width=\"335\">plus de 50g\/paire<\/td>\n<\/tr>\n<tr>\n<td width=\"284\">Taille<\/td>\n<td width=\"335\">7\u2033,8\u2033,9\u2033,10\u2033,11\u2033 au choix<\/td>\n<\/tr>\n<tr>\n<td width=\"284\">Standard de qualit\u00e9<\/td>\n<td width=\"335\">CE EN388<\/td>\n<\/tr>\n<tr>\n<td width=\"284\">Logo<\/td>\n<td width=\"335\">S\u00e9rigraphie, impression par transfert thermique au choix.<\/td>\n<\/tr>\n<tr>\n<td width=\"284\">Couleur<\/td>\n<td width=\"335\">Soutien personnalis\u00e9<\/td>\n<\/tr>\n<tr>\n<td width=\"284\">MOQ<\/td>\n<td width=\"335\">1000 DOZ ( 12000PAIRES)<\/td>\n<\/tr>\n<tr>\n<td width=\"284\">Emballage<\/td>\n<td width=\"335\">12 paires par polybag, 120 paires par carton ou sur mesure<\/td>\n<\/tr>\n<tr>\n<td width=\"284\">Application<\/td>\n<td width=\"335\">Construction, entretien m\u00e9canique, p\u00e9trochimie, charpenterie, etc.<\/td>\n<\/tr>\n<\/tbody>\n<\/table>\n<p>TOPRISE prend en charge diff\u00e9rents styles de personnalisation des gants en latex ; cliquez pour <a href=\"https:\/\/toprisesafety.com\/fr\/categorie-produit\/personal-protective-equipment\/hand-protection\/latex-gloves\/\">voir d'autres mod\u00e8les de gants en latex.<\/a><\/p>\n<p>Si vous ne trouvez pas les gants en latex n\u00e9cessaires, <a href=\"https:\/\/toprisesafety.com\/fr\/contact-us\/\">nous contacter ;<\/a> nous offrons la possibilit\u00e9 d'une personnalisation sp\u00e9ciale.<\/p>","protected":false},"excerpt":{"rendered":"<p>N\u00b0 d'art : LXG12<\/p>\n<p>Mat\u00e9riau : Doublure tricot\u00e9e en nylon de 13 g et enduite de mousse de latex<\/p>\n<p>Finition : Paume et doigts rid\u00e9s, 3\/4 enduits de latex.<\/p>\n<p>Poids : plus de 50g\/paire<\/p>\n<p>Taille : 7\u2033,8\u2033,9\u2033,10\u2033,11\u2033 au choix<\/p>\n<p>Norme de qualit\u00e9 : CE EN388<\/p>\n<p>MOQ : 1000 DOZ (12000 PAIRES)<\/p>","protected":false},"featured_media":11628,"template":"","meta":{"_acf_changed":false},"product_brand":[],"product_cat":[348,345],"product_tag":[],"class_list":{"0":"post-11627","1":"product","2":"type-product","3":"status-publish","4":"has-post-thumbnail","6":"product_cat-latex-gloves","7":"product_cat-hand-protection","9":"first","10":"instock","11":"shipping-taxable","12":"product-type-simple"},"acf":[],"_links":{"self":[{"href":"https:\/\/toprisesafety.com\/fr\/wp-json\/wp\/v2\/product\/11627"}],"collection":[{"href":"https:\/\/toprisesafety.com\/fr\/wp-json\/wp\/v2\/product"}],"about":[{"href":"https:\/\/toprisesafety.com\/fr\/wp-json\/wp\/v2\/types\/product"}],"wp:featuredmedia":[{"embeddable":true,"href":"https:\/\/toprisesafety.com\/fr\/wp-json\/wp\/v2\/media\/11628"}],"wp:attachment":[{"href":"https:\/\/toprisesafety.com\/fr\/wp-json\/wp\/v2\/media?parent=11627"}],"wp:term":[{"taxonomy":"product_brand","embeddable":true,"href":"https:\/\/toprisesafety.com\/fr\/wp-json\/wp\/v2\/product_brand?post=11627"},{"taxonomy":"product_cat","embeddable":true,"href":"https:\/\/toprisesafety.com\/fr\/wp-json\/wp\/v2\/product_cat?post=11627"},{"taxonomy":"product_tag","embeddable":true,"href":"https:\/\/toprisesafety.com\/fr\/wp-json\/wp\/v2\/product_tag?post=11627"}],"curies":[{"name":"wp","href":"https:\/\/api.w.org\/{rel}","templated":true}]}}