{"id":11575,"date":"2025-03-20T05:01:57","date_gmt":"2025-03-20T05:01:57","guid":{"rendered":"https:\/\/toprisesafety.com\/?post_type=product&#038;p=11575"},"modified":"2025-03-25T04:35:11","modified_gmt":"2025-03-25T04:35:11","slug":"pu-rain-suit","status":"publish","type":"product","link":"https:\/\/toprisesafety.com\/fr\/produit\/pu-rain-suit\/","title":{"rendered":"Combinaison de pluie en PU"},"content":{"rendered":"<h2>Combinaison de pluie en PU<\/h2>\n<p>Ningbo TOPRISE a \u00e9t\u00e9 cr\u00e9\u00e9 en 2009, c'est un fabricant professionnel d'imperm\u00e9ables qui s'engage \u00e0 fournir des imperm\u00e9ables de haute qualit\u00e9, durables et imperm\u00e9ables. Nous proposons des services personnalis\u00e9s pour r\u00e9pondre aux besoins des diff\u00e9rents clients, assurer une livraison dans les d\u00e9lais et aider les clients \u00e0 faire face aux conditions m\u00e9t\u00e9orologiques d\u00e9favorables.<\/p>\n<ul>\n<li>Durabilit\u00e9 et protection : L'\u00e9paisseur du tissu (0,22-0,23 mm) garantit une utilisation \u00e0 long terme du produit, une forte r\u00e9sistance \u00e0 l'usure, une r\u00e9sistance efficace aux intemp\u00e9ries et une protection ad\u00e9quate.<\/li>\n<li>Haute visibilit\u00e9 : Les bandes r\u00e9fl\u00e9chissantes am\u00e9liorent la visibilit\u00e9 du porteur, m\u00eame dans des environnements peu \u00e9clair\u00e9s, tels que la nuit ou le brouillard, afin de garantir que le porteur est clairement vu, ce qui convient particuli\u00e8rement aux chantiers de construction, \u00e0 la construction de routes et \u00e0 d'autres endroits exigeant une grande s\u00e9curit\u00e9.<\/li>\n<li>Imperm\u00e9able et coupe-vent : Le tissu Oxford enduit de PU conf\u00e8re \u00e0 cet imperm\u00e9able de bonnes performances en mati\u00e8re d'imperm\u00e9abilit\u00e9 ; m\u00eame en cas de forte pluie, il peut vous garder au sec, et en m\u00eame temps, gr\u00e2ce \u00e0 la perm\u00e9abilit\u00e9 \u00e0 l'air, il \u00e9vite l'inconfort de porter l'imperm\u00e9able.<\/li>\n<li>L\u00e9ger et confortable : Bien que le tissu soit r\u00e9sistant, l'imperm\u00e9able lui-m\u00eame est l\u00e9ger. Il ne sera pas lourd et n'entravera pas les activit\u00e9s pendant une longue p\u00e9riode, offrant ainsi une exp\u00e9rience de port confortable.<\/li>\n<li>Avantages du tissu : Le tissu Oxford 150D\/300D, d'une solidit\u00e9 et d'une r\u00e9sistance \u00e0 l'usure extr\u00eamement \u00e9lev\u00e9es, peut r\u00e9sister \u00e0 des environnements difficiles et \u00e0 des utilisations r\u00e9p\u00e9t\u00e9es. Le tissu Oxford pr\u00e9sente une r\u00e9sistance sup\u00e9rieure \u00e0 l'eau, au vent et aux UV, ce qui le rend adapt\u00e9 aux conditions m\u00e9t\u00e9orologiques extr\u00eames.<\/li>\n<li>Personnalisable : prend en charge la personnalisation et peut ajouter un logo ou ajuster la couleur ou le style en fonction des besoins du client.<\/li>\n<\/ul>\n<table>\n<tbody>\n<tr>\n<td width=\"284\">ART NO.<\/td>\n<td width=\"374\">RS05<\/td>\n<\/tr>\n<tr>\n<td width=\"284\">Mat\u00e9riau<\/td>\n<td width=\"374\">Tissu tricot\u00e9 en PU<\/td>\n<\/tr>\n<tr>\n<td width=\"284\">Bande r\u00e9fl\u00e9chissante<\/td>\n<td width=\"374\">On peut choisir d'ajouter<\/td>\n<\/tr>\n<tr>\n<td width=\"284\">\u00c9paisseur<\/td>\n<td width=\"374\">0,40 mm ou sur mesure<\/td>\n<\/tr>\n<tr>\n<td width=\"284\">Couleur<\/td>\n<td width=\"374\">Noir, jaune, bleu marine, orange ou personnalis\u00e9<\/td>\n<\/tr>\n<tr>\n<td width=\"284\">Taille<\/td>\n<td width=\"374\">S-XXXL CM.<\/td>\n<\/tr>\n<tr>\n<td width=\"284\">Logo<\/td>\n<td width=\"374\">Logo sur l'\u00e9tiquette du col ou impression sur l'imperm\u00e9able et l'emballage<\/td>\n<\/tr>\n<tr>\n<td width=\"284\">Emballage<\/td>\n<td width=\"374\">1 pi\u00e8ce par sac de m\u00eame mati\u00e8re<\/td>\n<\/tr>\n<tr>\n<td width=\"284\">MOQ<\/td>\n<td width=\"374\">1000 SET<\/td>\n<\/tr>\n<\/tbody>\n<\/table>\n<p>TOPRISE prend en charge diff\u00e9rents styles de personnalisation des v\u00eatements de pluie. <a href=\"https:\/\/toprisesafety.com\/fr\/categorie-produit\/personal-protective-equipment\/rain-wear\/\">voir d'autres mod\u00e8les de v\u00eatements de pluie.<\/a><\/p>\n<p>Si vous ne trouvez pas les v\u00eatements de pluie n\u00e9cessaires, <a href=\"https:\/\/toprisesafety.com\/fr\/contact-us\/\">nous contacter<\/a>; nous prenons en charge la personnalisation sp\u00e9ciale.<\/p>","protected":false},"excerpt":{"rendered":"<p>ART NO.RS05<\/p>\n<p>Mati\u00e8re : tissu tricot\u00e9 en PU<\/p>\n<p>\u00c9paisseur : 0,40 mm ou sur mesure<\/p>\n<p>Taille : S-XXXL ou personnalis\u00e9e<\/p>\n<p>MOQ :1000 SETS<\/p>\n<p>Possibilit\u00e9 de personnaliser la taille, le logo et le design<\/p>","protected":false},"featured_media":11577,"template":"","meta":{"_acf_changed":false},"product_brand":[],"product_cat":[321],"product_tag":[],"class_list":{"0":"post-11575","1":"product","2":"type-product","3":"status-publish","4":"has-post-thumbnail","6":"product_cat-rain-wear","8":"first","9":"instock","10":"shipping-taxable","11":"product-type-simple"},"acf":[],"_links":{"self":[{"href":"https:\/\/toprisesafety.com\/fr\/wp-json\/wp\/v2\/product\/11575"}],"collection":[{"href":"https:\/\/toprisesafety.com\/fr\/wp-json\/wp\/v2\/product"}],"about":[{"href":"https:\/\/toprisesafety.com\/fr\/wp-json\/wp\/v2\/types\/product"}],"wp:featuredmedia":[{"embeddable":true,"href":"https:\/\/toprisesafety.com\/fr\/wp-json\/wp\/v2\/media\/11577"}],"wp:attachment":[{"href":"https:\/\/toprisesafety.com\/fr\/wp-json\/wp\/v2\/media?parent=11575"}],"wp:term":[{"taxonomy":"product_brand","embeddable":true,"href":"https:\/\/toprisesafety.com\/fr\/wp-json\/wp\/v2\/product_brand?post=11575"},{"taxonomy":"product_cat","embeddable":true,"href":"https:\/\/toprisesafety.com\/fr\/wp-json\/wp\/v2\/product_cat?post=11575"},{"taxonomy":"product_tag","embeddable":true,"href":"https:\/\/toprisesafety.com\/fr\/wp-json\/wp\/v2\/product_tag?post=11575"}],"curies":[{"name":"wp","href":"https:\/\/api.w.org\/{rel}","templated":true}]}}