{"id":11550,"date":"2025-03-18T08:01:26","date_gmt":"2025-03-18T08:01:26","guid":{"rendered":"https:\/\/toprisesafety.com\/?post_type=product&#038;p=11550"},"modified":"2025-03-25T04:37:37","modified_gmt":"2025-03-25T04:37:37","slug":"backpacking-camouflage-rain-poncho","status":"publish","type":"product","link":"https:\/\/toprisesafety.com\/fr\/produit\/backpacking-camouflage-rain-poncho\/","title":{"rendered":"Poncho de pluie camouflage de randonn\u00e9e"},"content":{"rendered":"<h2>Poncho de pluie camouflage de randonn\u00e9e<\/h2>\n<p>Ningbo TOPRISE a \u00e9t\u00e9 cr\u00e9\u00e9 en 2009, c'est un fabricant professionnel d'imperm\u00e9ables qui s'engage \u00e0 fournir des imperm\u00e9ables de haute qualit\u00e9, durables et imperm\u00e9ables. Nous proposons des services personnalis\u00e9s pour r\u00e9pondre aux besoins des diff\u00e9rents clients, assurer une livraison dans les d\u00e9lais et aider les clients \u00e0 faire face aux conditions m\u00e9t\u00e9orologiques d\u00e9favorables.<\/p>\n<ul>\n<li>Tissu de haute qualit\u00e9 : le rev\u00eatement PU en polyester 210T garantit la r\u00e9sistance \u00e0 l'eau et la durabilit\u00e9.<\/li>\n<li>Conception multifonctionnelle : style 3 en 1, peut \u00eatre utilis\u00e9 comme imperm\u00e9able, cape ou parasol, pour s'adapter \u00e0 diff\u00e9rentes sc\u00e8nes.<\/li>\n<li>Choix de l'\u00e9paisseur : \u00c9paisseur standard de 0,10 mm, peut \u00eatre personnalis\u00e9e en fonction des besoins d'\u00e9paisseurs diff\u00e9rentes.<\/li>\n<li>Personnalisation des couleurs et des logos : Des options de camouflage et de couleur unie sont disponibles pour personnaliser les couleurs et les logos afin de r\u00e9pondre aux besoins individuels.<\/li>\n<li>Forte r\u00e9sistance \u00e0 l'eau : emp\u00eache efficacement la p\u00e9n\u00e9tration de la pluie, garde au sec, s'adapte aux intemp\u00e9ries ext\u00e9rieures.<\/li>\n<li>L\u00e9ger et durable : L\u00e9ger et facile \u00e0 transporter, il convient \u00e0 de nombreuses activit\u00e9s de plein air, telles que l'exploration et les op\u00e9rations militaires.<\/li>\n<\/ul>\n<table>\n<tbody>\n<tr>\n<td width=\"284\">ART NO.<\/td>\n<td width=\"374\">RC06<\/td>\n<\/tr>\n<tr>\n<td width=\"284\">Mat\u00e9riau<\/td>\n<td width=\"374\">Polyester 210T avec rev\u00eatement PU.<\/td>\n<\/tr>\n<tr>\n<td width=\"284\">\u00c9paisseur<\/td>\n<td width=\"374\">0,10 mm ou sur mesure<\/td>\n<\/tr>\n<tr>\n<td width=\"284\">Couleur<\/td>\n<td width=\"374\">Bleu marine, noir, camouflage ou personnalis\u00e9<\/td>\n<\/tr>\n<tr>\n<td width=\"284\">Caract\u00e9ristiques<\/td>\n<td width=\"374\">3 en 1, multifonctions.<\/td>\n<\/tr>\n<tr>\n<td width=\"284\">Taille<\/td>\n<td width=\"374\">140 * 210 CM.<\/td>\n<\/tr>\n<tr>\n<td width=\"284\">Logo<\/td>\n<td width=\"374\">Logo sur l'\u00e9tiquette du col ou impression sur l'imperm\u00e9able et l'emballage<\/td>\n<\/tr>\n<tr>\n<td width=\"284\">Emballage<\/td>\n<td width=\"374\">1 pi\u00e8ce par sac de m\u00eame mati\u00e8re<\/td>\n<\/tr>\n<tr>\n<td width=\"284\">MOQ<\/td>\n<td width=\"374\">500 PCS<\/td>\n<\/tr>\n<\/tbody>\n<\/table>\n<p>TOPRISE prend en charge diff\u00e9rents styles de personnalisation des v\u00eatements de pluie. <a href=\"https:\/\/toprisesafety.com\/fr\/categorie-produit\/personal-protective-equipment\/rain-wear\/\">voir d'autres mod\u00e8les de v\u00eatements de pluie.<\/a><\/p>\n<p>Si vous ne trouvez pas les v\u00eatements de pluie n\u00e9cessaires, <a href=\"https:\/\/toprisesafety.com\/fr\/contact-us\/\">nous contacter<\/a>; nous prenons en charge la personnalisation sp\u00e9ciale.<\/p>","protected":false},"excerpt":{"rendered":"<p>ART NO.RC06<\/p>\n<p>Mati\u00e8re : polyester 210T avec rev\u00eatement PU.<\/p>\n<p>\u00c9paisseur : 0,10 mm ou sur mesure<\/p>\n<p>Taille : 210*140CM ou personnalis\u00e9e<\/p>\n<p>MOQ :500 PCS<\/p>\n<p>Possibilit\u00e9 de personnaliser la taille, le logo et le design<\/p>","protected":false},"featured_media":11557,"template":"","meta":{"_acf_changed":false},"product_brand":[],"product_cat":[321],"product_tag":[],"class_list":{"0":"post-11550","1":"product","2":"type-product","3":"status-publish","4":"has-post-thumbnail","6":"product_cat-rain-wear","8":"first","9":"instock","10":"shipping-taxable","11":"product-type-simple"},"acf":[],"_links":{"self":[{"href":"https:\/\/toprisesafety.com\/fr\/wp-json\/wp\/v2\/product\/11550"}],"collection":[{"href":"https:\/\/toprisesafety.com\/fr\/wp-json\/wp\/v2\/product"}],"about":[{"href":"https:\/\/toprisesafety.com\/fr\/wp-json\/wp\/v2\/types\/product"}],"wp:featuredmedia":[{"embeddable":true,"href":"https:\/\/toprisesafety.com\/fr\/wp-json\/wp\/v2\/media\/11557"}],"wp:attachment":[{"href":"https:\/\/toprisesafety.com\/fr\/wp-json\/wp\/v2\/media?parent=11550"}],"wp:term":[{"taxonomy":"product_brand","embeddable":true,"href":"https:\/\/toprisesafety.com\/fr\/wp-json\/wp\/v2\/product_brand?post=11550"},{"taxonomy":"product_cat","embeddable":true,"href":"https:\/\/toprisesafety.com\/fr\/wp-json\/wp\/v2\/product_cat?post=11550"},{"taxonomy":"product_tag","embeddable":true,"href":"https:\/\/toprisesafety.com\/fr\/wp-json\/wp\/v2\/product_tag?post=11550"}],"curies":[{"name":"wp","href":"https:\/\/api.w.org\/{rel}","templated":true}]}}