{"id":11545,"date":"2025-03-18T07:49:55","date_gmt":"2025-03-18T07:49:55","guid":{"rendered":"https:\/\/toprisesafety.com\/?post_type=product&#038;p=11545"},"modified":"2025-03-25T04:38:26","modified_gmt":"2025-03-25T04:38:26","slug":"heavy-duty-long-pvc-raincoats","status":"publish","type":"product","link":"https:\/\/toprisesafety.com\/fr\/produit\/heavy-duty-long-pvc-raincoats\/","title":{"rendered":"Imperm\u00e9ables PVC longs et r\u00e9sistants"},"content":{"rendered":"<h2>Imperm\u00e9ables PVC longs et r\u00e9sistants<\/h2>\n<p>Ningbo TOPRISE a \u00e9t\u00e9 cr\u00e9\u00e9 en 2009, c'est un fabricant professionnel d'imperm\u00e9ables qui s'engage \u00e0 fournir des imperm\u00e9ables de haute qualit\u00e9, durables et imperm\u00e9ables. Nous proposons des services personnalis\u00e9s pour r\u00e9pondre aux besoins des diff\u00e9rents clients, assurer une livraison dans les d\u00e9lais et aider les clients \u00e0 faire face aux conditions m\u00e9t\u00e9orologiques d\u00e9favorables.<\/p>\n<ul>\n<li>R\u00e9sistance \u00e0 l'eau et durabilit\u00e9 \u00e9lev\u00e9es : les \u00e9paisseurs de 0,28 mm, 0,30 mm et 0,32 mm offrent une excellente r\u00e9sistance \u00e0 l'eau et \u00e0 l'usure et conviennent \u00e0 une utilisation ext\u00e9rieure de longue dur\u00e9e.<\/li>\n<li>Double conception de l'autocollant : am\u00e9liore l'\u00e9tanch\u00e9it\u00e9, emp\u00eache efficacement l'infiltration de l'eau de pluie.<\/li>\n<li>Reflective stripfor choice: The use of the hot pressing process to install reflective strip improves visibility at night to ensure user safety.<\/li>\n<li>R\u00e9sistance \u00e0 l'acide et \u00e0 l'alcali : s'adapte aux environnements difficiles, particuli\u00e8rement adapt\u00e9 \u00e0 l'industrie et aux traitements chimiques.<\/li>\n<li>Durable et confortable : Gr\u00e2ce \u00e0 un savoir-faire exquis, la durabilit\u00e9 et le confort de port sont assur\u00e9s.<\/li>\n<\/ul>\n<table>\n<tbody>\n<tr>\n<td width=\"284\">ART NO.<\/td>\n<td width=\"374\">RC08<\/td>\n<\/tr>\n<tr>\n<td width=\"284\">Mat\u00e9riau<\/td>\n<td width=\"374\">PVC\/Polyester ou PVC\/Polyester\/PVC<\/td>\n<\/tr>\n<tr>\n<td width=\"284\">\u00c9paisseur<\/td>\n<td width=\"374\">0,28\/0,30\/0,32\/0,35 mm ou sur mesure<\/td>\n<\/tr>\n<tr>\n<td width=\"284\">Couleur<\/td>\n<td width=\"374\">Jaune\/vert\/bleu ou personnalis\u00e9<\/td>\n<\/tr>\n<tr>\n<td width=\"284\">Bande r\u00e9fl\u00e9chissante<\/td>\n<td width=\"374\">3CM\/5 CM au choix<\/td>\n<\/tr>\n<tr>\n<td width=\"284\">Taille<\/td>\n<td width=\"374\">S-XXXL ou sur mesure<\/td>\n<\/tr>\n<tr>\n<td width=\"284\">Logo<\/td>\n<td width=\"374\">Logo sur l'\u00e9tiquette du col ou impression sur l'imperm\u00e9able et l'emballage<\/td>\n<\/tr>\n<tr>\n<td width=\"284\">Emballage<\/td>\n<td width=\"374\">1 pi\u00e8ce par sac de m\u00eame mati\u00e8re<\/td>\n<\/tr>\n<tr>\n<td width=\"284\">MOQ<\/td>\n<td width=\"374\">500 PCS<\/td>\n<\/tr>\n<\/tbody>\n<\/table>\n<p>TOPRISE prend en charge diff\u00e9rents styles de personnalisation des v\u00eatements de pluie. <a href=\"https:\/\/toprisesafety.com\/fr\/categorie-produit\/personal-protective-equipment\/rain-wear\/\">voir d'autres mod\u00e8les de v\u00eatements de pluie.<\/a><\/p>\n<p>Si vous ne trouvez pas les v\u00eatements de pluie n\u00e9cessaires, <a href=\"https:\/\/toprisesafety.com\/fr\/contact-us\/\">nous contacter<\/a>; nous prenons en charge la personnalisation sp\u00e9ciale.<\/p>","protected":false},"excerpt":{"rendered":"<p>ART NO.RC08<\/p>\n<p>Mati\u00e8re :PVC\/Polyester ou PVC\/Polyester\/PVC<\/p>\n<p>\u00c9paisseur : 0,28\/0,30\/0,32\/0,35 mm ou sur mesure<\/p>\n<p>Taille : S- XXXL ou personnalis\u00e9e<\/p>\n<p>MOQ :500 PCS<\/p>\n<p>Possibilit\u00e9 de personnaliser la taille, le logo et le design<\/p>","protected":false},"featured_media":11547,"template":"","meta":{"_acf_changed":false},"product_brand":[],"product_cat":[321],"product_tag":[],"class_list":{"0":"post-11545","1":"product","2":"type-product","3":"status-publish","4":"has-post-thumbnail","6":"product_cat-rain-wear","8":"first","9":"instock","10":"shipping-taxable","11":"product-type-simple"},"acf":[],"_links":{"self":[{"href":"https:\/\/toprisesafety.com\/fr\/wp-json\/wp\/v2\/product\/11545"}],"collection":[{"href":"https:\/\/toprisesafety.com\/fr\/wp-json\/wp\/v2\/product"}],"about":[{"href":"https:\/\/toprisesafety.com\/fr\/wp-json\/wp\/v2\/types\/product"}],"wp:featuredmedia":[{"embeddable":true,"href":"https:\/\/toprisesafety.com\/fr\/wp-json\/wp\/v2\/media\/11547"}],"wp:attachment":[{"href":"https:\/\/toprisesafety.com\/fr\/wp-json\/wp\/v2\/media?parent=11545"}],"wp:term":[{"taxonomy":"product_brand","embeddable":true,"href":"https:\/\/toprisesafety.com\/fr\/wp-json\/wp\/v2\/product_brand?post=11545"},{"taxonomy":"product_cat","embeddable":true,"href":"https:\/\/toprisesafety.com\/fr\/wp-json\/wp\/v2\/product_cat?post=11545"},{"taxonomy":"product_tag","embeddable":true,"href":"https:\/\/toprisesafety.com\/fr\/wp-json\/wp\/v2\/product_tag?post=11545"}],"curies":[{"name":"wp","href":"https:\/\/api.w.org\/{rel}","templated":true}]}}