{"id":11524,"date":"2025-03-18T06:14:17","date_gmt":"2025-03-18T06:14:17","guid":{"rendered":"https:\/\/toprisesafety.com\/?post_type=product&#038;p=11524"},"modified":"2025-03-25T04:39:50","modified_gmt":"2025-03-25T04:39:50","slug":"reflective-rain-trench-coat","status":"publish","type":"product","link":"https:\/\/toprisesafety.com\/fr\/produit\/reflective-rain-trench-coat\/","title":{"rendered":"Trench-coat de pluie r\u00e9fl\u00e9chissant"},"content":{"rendered":"<h2>Trench-coat de pluie r\u00e9fl\u00e9chissant<\/h2>\n<p>Ningbo TOPRISE a \u00e9t\u00e9 cr\u00e9\u00e9 en 2009, c'est un fabricant professionnel d'imperm\u00e9ables qui s'engage \u00e0 fournir des imperm\u00e9ables de haute qualit\u00e9, durables et imperm\u00e9ables. Nous proposons des services personnalis\u00e9s pour r\u00e9pondre aux besoins des diff\u00e9rents clients, assurer une livraison dans les d\u00e9lais et aider les clients \u00e0 faire face aux conditions m\u00e9t\u00e9orologiques d\u00e9favorables.<\/p>\n<ul>\n<li>Tissu de qualit\u00e9 : Tissu Oxford 150D\/300D avec rev\u00eatement PU ou PVC pour la r\u00e9sistance \u00e0 l'eau et la durabilit\u00e9.<\/li>\n<li>Forte r\u00e9sistance \u00e0 l'eau : emp\u00eache efficacement l'infiltration de la pluie, garde au sec, s'adapte aux intemp\u00e9ries.<\/li>\n<li>Choix de l'\u00e9paisseur : Epaisseur standard 0,22MM, d'autres \u00e9paisseurs peuvent \u00eatre fournies en fonction de la demande, choix flexible.<\/li>\n<li>Service de personnalisation : Possibilit\u00e9 de personnaliser les styles, les logos et les emballages pour r\u00e9pondre aux besoins individuels des clients.<\/li>\n<li>Doublure en maille respirante : augmente la perm\u00e9abilit\u00e9 \u00e0 l'air, maintient le confort, r\u00e9duit l'accumulation d'humidit\u00e9 et am\u00e9liore l'exp\u00e9rience de port.<\/li>\n<li>Bande r\u00e9fl\u00e9chissante : Visibilit\u00e9 accrue la nuit, am\u00e9lioration de la s\u00e9curit\u00e9, convient aux environnements peu \u00e9clair\u00e9s.<\/li>\n<li><\/li>\n<li>\n<table>\n<tbody>\n<tr>\n<td width=\"284\">ART NO.<\/td>\n<td width=\"374\">RC03<\/td>\n<\/tr>\n<tr>\n<td width=\"284\">Mat\u00e9riau<\/td>\n<td width=\"374\">150D\/300D oxford avec rev\u00eatement PVC\/PU<\/td>\n<\/tr>\n<tr>\n<td width=\"284\">Doublure<\/td>\n<td width=\"374\">Ajoutez une doublure en maille pour plus de choix.<\/td>\n<\/tr>\n<tr>\n<td width=\"284\">\u00c9paisseur<\/td>\n<td width=\"374\">0,22 mm ou sur mesure<\/td>\n<\/tr>\n<tr>\n<td width=\"284\">Couleur<\/td>\n<td width=\"374\">Bleu marine, orange, vert fluo, rose, noir ou personnalis\u00e9<\/td>\n<\/tr>\n<tr>\n<td width=\"284\">Bande r\u00e9fl\u00e9chissante<\/td>\n<td width=\"374\">3CM\/5 CM au choix<\/td>\n<\/tr>\n<tr>\n<td width=\"284\">Taille<\/td>\n<td width=\"374\">S-XXXL ou sur mesure<\/td>\n<\/tr>\n<tr>\n<td width=\"284\">Logo<\/td>\n<td width=\"374\">Logo sur l'\u00e9tiquette du col ou impression sur l'imperm\u00e9able et l'emballage<\/td>\n<\/tr>\n<tr>\n<td width=\"284\">Emballage<\/td>\n<td width=\"374\">1 pi\u00e8ce par sac de m\u00eame mati\u00e8re<\/td>\n<\/tr>\n<tr>\n<td width=\"284\">MOQ<\/td>\n<td width=\"374\">500 PCS<\/td>\n<\/tr>\n<\/tbody>\n<\/table>\n<\/li>\n<li>TOPRISE prend en charge diff\u00e9rents styles de personnalisation des v\u00eatements de pluie. <a href=\"https:\/\/toprisesafety.com\/fr\/categorie-produit\/personal-protective-equipment\/rain-wear\/\">voir d'autres mod\u00e8les de v\u00eatements de pluie.<\/a>\n<p>Si vous ne trouvez pas les v\u00eatements de pluie n\u00e9cessaires, <a href=\"https:\/\/toprisesafety.com\/fr\/contact-us\/\">nous contacter<\/a>; nous prenons en charge la personnalisation sp\u00e9ciale.<\/li>\n<\/ul>","protected":false},"excerpt":{"rendered":"<p>ART NO.RC04<\/p>\n<p>Mati\u00e8re :150 D\/300D oxford avec rev\u00eatement PVC\/PU, 0,22 mm d'\u00e9paisseur ou personnalis\u00e9<\/p>\n<p>Taille : S- XXXL ou personnalis\u00e9e<\/p>\n<p>MOQ :500 PCS<\/p>\n<p>Possibilit\u00e9 de personnaliser la taille, le logo et le design<\/p>","protected":false},"featured_media":11525,"template":"","meta":{"_acf_changed":false},"product_brand":[],"product_cat":[321],"product_tag":[],"class_list":{"0":"post-11524","1":"product","2":"type-product","3":"status-publish","4":"has-post-thumbnail","6":"product_cat-rain-wear","8":"first","9":"instock","10":"shipping-taxable","11":"product-type-simple"},"acf":[],"_links":{"self":[{"href":"https:\/\/toprisesafety.com\/fr\/wp-json\/wp\/v2\/product\/11524"}],"collection":[{"href":"https:\/\/toprisesafety.com\/fr\/wp-json\/wp\/v2\/product"}],"about":[{"href":"https:\/\/toprisesafety.com\/fr\/wp-json\/wp\/v2\/types\/product"}],"wp:featuredmedia":[{"embeddable":true,"href":"https:\/\/toprisesafety.com\/fr\/wp-json\/wp\/v2\/media\/11525"}],"wp:attachment":[{"href":"https:\/\/toprisesafety.com\/fr\/wp-json\/wp\/v2\/media?parent=11524"}],"wp:term":[{"taxonomy":"product_brand","embeddable":true,"href":"https:\/\/toprisesafety.com\/fr\/wp-json\/wp\/v2\/product_brand?post=11524"},{"taxonomy":"product_cat","embeddable":true,"href":"https:\/\/toprisesafety.com\/fr\/wp-json\/wp\/v2\/product_cat?post=11524"},{"taxonomy":"product_tag","embeddable":true,"href":"https:\/\/toprisesafety.com\/fr\/wp-json\/wp\/v2\/product_tag?post=11524"}],"curies":[{"name":"wp","href":"https:\/\/api.w.org\/{rel}","templated":true}]}}