{"id":11521,"date":"2025-03-18T06:08:18","date_gmt":"2025-03-18T06:08:18","guid":{"rendered":"https:\/\/toprisesafety.com\/?post_type=product&#038;p=11521"},"modified":"2025-03-25T04:40:16","modified_gmt":"2025-03-25T04:40:16","slug":"long-reflective-rain-jacket","status":"publish","type":"product","link":"https:\/\/toprisesafety.com\/fr\/produit\/long-reflective-rain-jacket\/","title":{"rendered":"Veste de pluie longue et r\u00e9fl\u00e9chissante"},"content":{"rendered":"<h2>Veste de pluie longue et r\u00e9fl\u00e9chissante<\/h2>\n<p>Ningbo TOPRISE a \u00e9t\u00e9 cr\u00e9\u00e9 en 2009, c'est un fabricant professionnel d'imperm\u00e9ables qui s'engage \u00e0 fournir des imperm\u00e9ables de haute qualit\u00e9, durables et imperm\u00e9ables. Nous proposons des services personnalis\u00e9s pour r\u00e9pondre aux besoins des diff\u00e9rents clients, assurer une livraison dans les d\u00e9lais et aider les clients \u00e0 faire face aux conditions m\u00e9t\u00e9orologiques d\u00e9favorables.<\/p>\n<ul>\n<li>Quality fabric: 150D\/300D Oxford cloth with PU or PVC coating ensures water resistance and durability.<\/li>\n<li>Strong water resistance: effectively prevent rain penetration, keep the body dry, and adapt to bad weather.<\/li>\n<li>Thickness selection: Standard thickness is 0.22 MM; customers can choose other thicknesses according to demand, providing more flexible choices.<\/li>\n<li>Customization service: Support customized LOGO and style to meet individual needs and enhance brand image.<\/li>\n<li>Reflective strip design: Enhanced visibility at night to ensure user safety in low-light environments.<\/li>\n<li>Mesh cloth inner: provides air permeability, enhances comfort, and reduces the stuffy feeling of long-term wear.<\/li>\n<li><\/li>\n<li>\n<table>\n<tbody>\n<tr>\n<td width=\"284\">ART NO.<\/td>\n<td width=\"374\">RC03<\/td>\n<\/tr>\n<tr>\n<td width=\"284\">Mat\u00e9riau<\/td>\n<td width=\"374\">150D\/300D oxford avec rev\u00eatement PVC\/PU<\/td>\n<\/tr>\n<tr>\n<td width=\"284\">Doublure<\/td>\n<td width=\"374\">Add mesh lining<\/td>\n<\/tr>\n<tr>\n<td width=\"284\">\u00c9paisseur<\/td>\n<td width=\"374\">0,22 mm ou sur mesure<\/td>\n<\/tr>\n<tr>\n<td width=\"284\">Couleur<\/td>\n<td width=\"374\">Bleu marine, orange, vert fluo, rose, noir ou personnalis\u00e9<\/td>\n<\/tr>\n<tr>\n<td width=\"284\">Bande r\u00e9fl\u00e9chissante<\/td>\n<td width=\"374\">3CM\/5 CM au choix<\/td>\n<\/tr>\n<tr>\n<td width=\"284\">Taille<\/td>\n<td width=\"374\">S-XXXL ou sur mesure<\/td>\n<\/tr>\n<tr>\n<td width=\"284\">Logo<\/td>\n<td width=\"374\">Logo sur l'\u00e9tiquette du col ou impression sur l'imperm\u00e9able et l'emballage<\/td>\n<\/tr>\n<tr>\n<td width=\"284\">Emballage<\/td>\n<td width=\"374\">1 pi\u00e8ce par sac de m\u00eame mati\u00e8re<\/td>\n<\/tr>\n<tr>\n<td width=\"284\">MOQ<\/td>\n<td width=\"374\">500 PCS<\/td>\n<\/tr>\n<\/tbody>\n<\/table>\n<\/li>\n<li>TOPRISE prend en charge diff\u00e9rents styles de personnalisation des v\u00eatements de pluie. <a href=\"https:\/\/toprisesafety.com\/fr\/categorie-produit\/personal-protective-equipment\/rain-wear\/\">voir d'autres mod\u00e8les de v\u00eatements de pluie.<\/a>\n<p>Si vous ne trouvez pas les v\u00eatements de pluie n\u00e9cessaires, <a href=\"https:\/\/toprisesafety.com\/fr\/contact-us\/\">nous contacter<\/a>; nous prenons en charge la personnalisation sp\u00e9ciale.<\/li>\n<\/ul>","protected":false},"excerpt":{"rendered":"<p>ART NO.RC03<\/p>\n<p>Mati\u00e8re :150 D\/300D oxford avec rev\u00eatement PVC\/PU, 0,22 mm d'\u00e9paisseur ou personnalis\u00e9<\/p>\n<p>Taille : S- XXXL ou personnalis\u00e9e<\/p>\n<p>MOQ :500 PCS<\/p>\n<p>Possibilit\u00e9 de personnaliser la taille, le logo et le design<\/p>","protected":false},"featured_media":11523,"template":"","meta":{"_acf_changed":false},"product_brand":[],"product_cat":[321],"product_tag":[],"class_list":{"0":"post-11521","1":"product","2":"type-product","3":"status-publish","4":"has-post-thumbnail","6":"product_cat-rain-wear","8":"first","9":"instock","10":"shipping-taxable","11":"product-type-simple"},"acf":[],"_links":{"self":[{"href":"https:\/\/toprisesafety.com\/fr\/wp-json\/wp\/v2\/product\/11521"}],"collection":[{"href":"https:\/\/toprisesafety.com\/fr\/wp-json\/wp\/v2\/product"}],"about":[{"href":"https:\/\/toprisesafety.com\/fr\/wp-json\/wp\/v2\/types\/product"}],"wp:featuredmedia":[{"embeddable":true,"href":"https:\/\/toprisesafety.com\/fr\/wp-json\/wp\/v2\/media\/11523"}],"wp:attachment":[{"href":"https:\/\/toprisesafety.com\/fr\/wp-json\/wp\/v2\/media?parent=11521"}],"wp:term":[{"taxonomy":"product_brand","embeddable":true,"href":"https:\/\/toprisesafety.com\/fr\/wp-json\/wp\/v2\/product_brand?post=11521"},{"taxonomy":"product_cat","embeddable":true,"href":"https:\/\/toprisesafety.com\/fr\/wp-json\/wp\/v2\/product_cat?post=11521"},{"taxonomy":"product_tag","embeddable":true,"href":"https:\/\/toprisesafety.com\/fr\/wp-json\/wp\/v2\/product_tag?post=11521"}],"curies":[{"name":"wp","href":"https:\/\/api.w.org\/{rel}","templated":true}]}}