{"id":11510,"date":"2025-03-18T05:47:02","date_gmt":"2025-03-18T05:47:02","guid":{"rendered":"https:\/\/toprisesafety.com\/?post_type=product&#038;p=11510"},"modified":"2025-03-25T04:41:48","modified_gmt":"2025-03-25T04:41:48","slug":"camouflage-long-raincoat","status":"publish","type":"product","link":"https:\/\/toprisesafety.com\/fr\/produit\/camouflage-long-raincoat\/","title":{"rendered":"Imperm\u00e9able long camouflage"},"content":{"rendered":"<h2>Imperm\u00e9able long camouflage<\/h2>\n<p>Ningbo TOPRISE a \u00e9t\u00e9 cr\u00e9\u00e9 en 2009, c'est un fabricant professionnel d'imperm\u00e9ables qui s'engage \u00e0 fournir des imperm\u00e9ables de haute qualit\u00e9, durables et imperm\u00e9ables. Nous proposons des services personnalis\u00e9s pour r\u00e9pondre aux besoins des diff\u00e9rents clients, assurer une livraison dans les d\u00e9lais et aider les clients \u00e0 faire face aux conditions m\u00e9t\u00e9orologiques d\u00e9favorables.<\/p>\n<ul>\n<li>Camouflage polyester gingham material: High quality polyester gingham, durable and waterproof, suitable for all kinds of outdoor activities.<\/li>\n<li>Thickness 0.1MM: thin and light design, easy to carry and store, suitable for long-term wear.<\/li>\n<li>Strong water resistance: effectively prevent rain penetration, keep dry, adapt to different weather environments.<\/li>\n<li>Support custom LOGO: can customize the LOGO according to customer needs, enhance the brand publicity effect.<\/li>\n<li>Packaging customization: Provide packaging customization services to meet the individual needs of customers.<\/li>\n<li>Camouflage design: Unique camouflage pattern, suitable for military, field activities and other scenarios.<\/li>\n<\/ul>\n<table style=\"height: 526px;\" width=\"694\">\n<tbody>\n<tr>\n<td width=\"284\">ART NO.<\/td>\n<td width=\"323\">RC01<\/td>\n<\/tr>\n<tr>\n<td width=\"284\">Mat\u00e9riau<\/td>\n<td width=\"323\">210T polyester with PU coated<\/td>\n<\/tr>\n<tr>\n<td width=\"284\">\u00c9paisseur<\/td>\n<td width=\"323\">0,10 mm ou sur mesure<\/td>\n<\/tr>\n<tr>\n<td width=\"284\">Couleur<\/td>\n<td width=\"323\">Camouflage or customized<\/td>\n<\/tr>\n<tr>\n<td width=\"284\">Taille<\/td>\n<td width=\"323\">S-XXXL ou sur mesure<\/td>\n<\/tr>\n<tr>\n<td width=\"284\">Logo<\/td>\n<td width=\"323\">Logo sur l'\u00e9tiquette du col ou impression sur l'imperm\u00e9able et l'emballage<\/td>\n<\/tr>\n<tr>\n<td width=\"284\">Emballage<\/td>\n<td width=\"323\">1 pi\u00e8ce par sac de m\u00eame mati\u00e8re<\/td>\n<\/tr>\n<tr>\n<td width=\"284\">MOQ<\/td>\n<td width=\"323\">500 PCS<\/td>\n<\/tr>\n<\/tbody>\n<\/table>\n<p>TOPRISE prend en charge diff\u00e9rents styles de personnalisation des v\u00eatements de pluie. <a href=\"https:\/\/toprisesafety.com\/fr\/categorie-produit\/personal-protective-equipment\/rain-wear\/\">voir d'autres mod\u00e8les de v\u00eatements de pluie.<\/a><\/p>\n<p>Si vous ne trouvez pas les v\u00eatements de pluie n\u00e9cessaires, <a href=\"https:\/\/toprisesafety.com\/fr\/contact-us\/\">nous contacter<\/a>; nous prenons en charge la personnalisation sp\u00e9ciale.<\/p>","protected":false},"excerpt":{"rendered":"<p>ART NO.RC01<\/p>\n<p>Material :\u00a0210T polyester with PU coated or customized<\/p>\n<p>Taille : S- XXXL ou personnalis\u00e9e<\/p>\n<p>MOQ :500 PCS<\/p>\n<p>Possibilit\u00e9 de personnaliser la taille, le logo et le design<\/p>","protected":false},"featured_media":11515,"template":"","meta":{"_acf_changed":false},"product_brand":[],"product_cat":[321],"product_tag":[],"class_list":{"0":"post-11510","1":"product","2":"type-product","3":"status-publish","4":"has-post-thumbnail","6":"product_cat-rain-wear","8":"first","9":"instock","10":"shipping-taxable","11":"product-type-simple"},"acf":[],"_links":{"self":[{"href":"https:\/\/toprisesafety.com\/fr\/wp-json\/wp\/v2\/product\/11510"}],"collection":[{"href":"https:\/\/toprisesafety.com\/fr\/wp-json\/wp\/v2\/product"}],"about":[{"href":"https:\/\/toprisesafety.com\/fr\/wp-json\/wp\/v2\/types\/product"}],"wp:featuredmedia":[{"embeddable":true,"href":"https:\/\/toprisesafety.com\/fr\/wp-json\/wp\/v2\/media\/11515"}],"wp:attachment":[{"href":"https:\/\/toprisesafety.com\/fr\/wp-json\/wp\/v2\/media?parent=11510"}],"wp:term":[{"taxonomy":"product_brand","embeddable":true,"href":"https:\/\/toprisesafety.com\/fr\/wp-json\/wp\/v2\/product_brand?post=11510"},{"taxonomy":"product_cat","embeddable":true,"href":"https:\/\/toprisesafety.com\/fr\/wp-json\/wp\/v2\/product_cat?post=11510"},{"taxonomy":"product_tag","embeddable":true,"href":"https:\/\/toprisesafety.com\/fr\/wp-json\/wp\/v2\/product_tag?post=11510"}],"curies":[{"name":"wp","href":"https:\/\/api.w.org\/{rel}","templated":true}]}}