{"id":11354,"date":"2025-03-13T07:00:41","date_gmt":"2025-03-13T07:00:41","guid":{"rendered":"https:\/\/toprisesafety.com\/?post_type=product&#038;p=11354"},"modified":"2025-03-17T04:24:31","modified_gmt":"2025-03-17T04:24:31","slug":"sanitary-pvc-white-boots","status":"publish","type":"product","link":"https:\/\/toprisesafety.com\/fr\/produit\/sanitary-pvc-white-boots\/","title":{"rendered":"Bottes sanitaires en PVC blanc"},"content":{"rendered":"<h2>Bottes sanitaires en PVC blanc<\/h2>\n<ul>\n<li>Mat\u00e9riau PVC de haute qualit\u00e9 : imperm\u00e9able, r\u00e9sistant \u00e0 l'usure, adapt\u00e9 aux environnements humides et mouill\u00e9s, gardant les pieds au sec.<\/li>\n<li>S\u00e9curit\u00e9 alimentaire : Particuli\u00e8rement adapt\u00e9 \u00e0 la transformation des aliments, aux exigences \u00e9lev\u00e9es en mati\u00e8re d'hygi\u00e8ne de l'environnement, pour garantir la s\u00e9curit\u00e9 et l'innocuit\u00e9.<\/li>\n<li>Confort : Conception l\u00e9g\u00e8re, confortable \u00e0 porter, adapt\u00e9e aux longues p\u00e9riodes de station debout et de travail.<\/li>\n<li>Facile \u00e0 nettoyer : Les surfaces lisses sont faciles \u00e0 nettoyer, pr\u00e9servent l'hygi\u00e8ne et r\u00e9duisent la prolif\u00e9ration des bact\u00e9ries.<\/li>\n<li>Durabilit\u00e9 : Le PVC a une bonne durabilit\u00e9 et peut r\u00e9sister \u00e0 une utilisation intensive.<\/li>\n<li>Conception antid\u00e9rapante : La texture antid\u00e9rapante de la semelle assure la stabilit\u00e9 dans les environnements glissants.<\/li>\n<\/ul>\n<table>\n<tbody>\n<tr>\n<td width=\"284\">Art No.<\/td>\n<td width=\"284\">RB08<\/td>\n<\/tr>\n<tr>\n<td width=\"284\">Style<\/td>\n<td width=\"284\">Bottes sanitaires en PVC blanc<\/td>\n<\/tr>\n<tr>\n<td width=\"284\">Mat\u00e9riau<\/td>\n<td width=\"284\">PVC + doublure en tissu facile \u00e0 s\u00e9cher<\/td>\n<\/tr>\n<tr>\n<td width=\"284\">Caract\u00e9ristiques<\/td>\n<td width=\"284\">Embout en acier 200J, semelle interm\u00e9diaire en acier pour le choix<\/td>\n<\/tr>\n<tr>\n<td width=\"284\">Couleur<\/td>\n<td width=\"284\">Blanc ou sur mesure<\/td>\n<\/tr>\n<tr>\n<td width=\"284\">Taille<\/td>\n<td width=\"284\">36-46 pour le choix<\/td>\n<\/tr>\n<tr>\n<td width=\"284\">MOQ<\/td>\n<td width=\"284\">500 paires<\/td>\n<\/tr>\n<tr>\n<td width=\"284\">Avantage<\/td>\n<td width=\"284\">Personnalisation de l'assistance<\/td>\n<\/tr>\n<\/tbody>\n<\/table>\n<p>TOPRISE prend en charge diff\u00e9rents styles de bottes en pvc et de bottes en caoutchouc personnalis\u00e9es ; cliquez pour <a href=\"https:\/\/toprisesafety.com\/fr\/categorie-produit\/personal-protective-equipment\/foot-protection\/pvc-boots\/\">voir d'autres mod\u00e8les de bottes en pvc et de bottes en caoutchouc.<\/a><\/p>\n<p>Si vous ne trouvez pas les bottes en pvc et les bottes en caoutchouc dont vous avez besoin <a href=\"https:\/\/toprisesafety.com\/fr\/contact-us\/\">nous contacter<\/a>; nous prenons en charge la personnalisation sp\u00e9ciale.<\/p>","protected":false},"excerpt":{"rendered":"<p>N\u00b0 d'art : RB08<\/p>\n<p>Taille : EUR : 36-46<\/p>\n<p>Mati\u00e8re : PVC + doublure en tissu facile \u00e0 s\u00e9cher<\/p>\n<p>Hauteur : 38 CM<\/p>\n<p>Couleur : blanc ou sur mesure<\/p>\n<p>MOQ : 500PRS<\/p>","protected":false},"featured_media":11355,"template":"","meta":{"_acf_changed":false},"product_brand":[],"product_cat":[344,342],"product_tag":[],"class_list":{"0":"post-11354","1":"product","2":"type-product","3":"status-publish","4":"has-post-thumbnail","6":"product_cat-pvc-boots","7":"product_cat-foot-protection","9":"first","10":"instock","11":"shipping-taxable","12":"product-type-simple"},"acf":[],"_links":{"self":[{"href":"https:\/\/toprisesafety.com\/fr\/wp-json\/wp\/v2\/product\/11354"}],"collection":[{"href":"https:\/\/toprisesafety.com\/fr\/wp-json\/wp\/v2\/product"}],"about":[{"href":"https:\/\/toprisesafety.com\/fr\/wp-json\/wp\/v2\/types\/product"}],"wp:featuredmedia":[{"embeddable":true,"href":"https:\/\/toprisesafety.com\/fr\/wp-json\/wp\/v2\/media\/11355"}],"wp:attachment":[{"href":"https:\/\/toprisesafety.com\/fr\/wp-json\/wp\/v2\/media?parent=11354"}],"wp:term":[{"taxonomy":"product_brand","embeddable":true,"href":"https:\/\/toprisesafety.com\/fr\/wp-json\/wp\/v2\/product_brand?post=11354"},{"taxonomy":"product_cat","embeddable":true,"href":"https:\/\/toprisesafety.com\/fr\/wp-json\/wp\/v2\/product_cat?post=11354"},{"taxonomy":"product_tag","embeddable":true,"href":"https:\/\/toprisesafety.com\/fr\/wp-json\/wp\/v2\/product_tag?post=11354"}],"curies":[{"name":"wp","href":"https:\/\/api.w.org\/{rel}","templated":true}]}}