{"id":11340,"date":"2025-03-13T06:32:06","date_gmt":"2025-03-13T06:32:06","guid":{"rendered":"https:\/\/toprisesafety.com\/?post_type=product&#038;p=11340"},"modified":"2025-03-17T04:34:50","modified_gmt":"2025-03-17T04:34:50","slug":"safety-toe-reflective-rubber-boots","status":"publish","type":"product","link":"https:\/\/toprisesafety.com\/fr\/produit\/safety-toe-reflective-rubber-boots\/","title":{"rendered":"Bottes de s\u00e9curit\u00e9 en caoutchouc \u00e0 bout r\u00e9fl\u00e9chissant"},"content":{"rendered":"<h2>Bottes de s\u00e9curit\u00e9 en caoutchouc \u00e0 bout r\u00e9fl\u00e9chissant<\/h2>\n<ul>\n<li>Steel toe cap and steel midsole design: effectively protects the foot from heavy pressure and sharp objects.<\/li>\n<li>Reflective strip design: Improves visibility and safety at night or in low light environments.<\/li>\n<li>Elastic belt design: easy to put on and take off, ensures a comfortable fit, and improves the convenience of wearing.<\/li>\n<li>Rubber material: waterproof, wear-resistant, acid and alkali resistant, adapts to various complex environments, and provides all-weather protection.<\/li>\n<li>Comfort: It is still comfortable to wear for a long time, suitable for workplaces such as construction sites and warehouses.<\/li>\n<li>Place of use: Suitable for construction sites, warehouses, chemical plants, agriculture, gardens, and other places that need protection and a comfortable working environment.<\/li>\n<\/ul>\n<table>\n<tbody>\n<tr>\n<td width=\"284\">Art No.<\/td>\n<td width=\"284\">RB07<\/td>\n<\/tr>\n<tr>\n<td width=\"284\">Style<\/td>\n<td width=\"284\">Bottes en caoutchouc r\u00e9sistantes<\/td>\n<\/tr>\n<tr>\n<td width=\"284\">Mat\u00e9riau<\/td>\n<td width=\"284\">Rubber + easy dry fabric lining<\/td>\n<\/tr>\n<tr>\n<td width=\"284\">Caract\u00e9ristiques<\/td>\n<td width=\"284\">Embout en acier 200J, semelle interm\u00e9diaire en acier pour le choix<\/td>\n<\/tr>\n<tr>\n<td width=\"284\">Couleur<\/td>\n<td width=\"284\">Black or custom-made<\/td>\n<\/tr>\n<tr>\n<td width=\"284\">Taille<\/td>\n<td width=\"284\">39-47 for choice<\/td>\n<\/tr>\n<tr>\n<td width=\"284\">MOQ<\/td>\n<td width=\"284\">500 paires<\/td>\n<\/tr>\n<tr>\n<td width=\"284\">Avantage<\/td>\n<td width=\"284\">Personnalisation de l'assistance<\/td>\n<\/tr>\n<\/tbody>\n<\/table>\n<p>TOPRISE prend en charge diff\u00e9rents styles de bottes en pvc et de bottes en caoutchouc personnalis\u00e9es ; cliquez pour <a href=\"https:\/\/toprisesafety.com\/fr\/categorie-produit\/personal-protective-equipment\/foot-protection\/pvc-boots\/\">voir d'autres mod\u00e8les de bottes en pvc et de bottes en caoutchouc.<\/a><\/p>\n<p>Si vous ne trouvez pas les bottes en pvc et les bottes en caoutchouc dont vous avez besoin <a href=\"https:\/\/toprisesafety.com\/fr\/contact-us\/\">nous contacter<\/a>; nous prenons en charge la personnalisation sp\u00e9ciale.<\/p>","protected":false},"excerpt":{"rendered":"<p>Art No.: RB07<\/p>\n<p>Taille : EUR : 39-47<\/p>\n<p>Material: rubber+ easy dry fabric lining<\/p>\n<p>Height : 36 CM<\/p>\n<p>Color: Black or custom-made<\/p>\n<p>Features: Add reflective tapes<\/p>\n<p>MOQ : 500PRS<\/p>","protected":false},"featured_media":11342,"template":"","meta":{"_acf_changed":false},"product_brand":[],"product_cat":[342,344],"product_tag":[],"class_list":{"0":"post-11340","1":"product","2":"type-product","3":"status-publish","4":"has-post-thumbnail","6":"product_cat-foot-protection","7":"product_cat-pvc-boots","9":"first","10":"instock","11":"shipping-taxable","12":"product-type-simple"},"acf":[],"_links":{"self":[{"href":"https:\/\/toprisesafety.com\/fr\/wp-json\/wp\/v2\/product\/11340"}],"collection":[{"href":"https:\/\/toprisesafety.com\/fr\/wp-json\/wp\/v2\/product"}],"about":[{"href":"https:\/\/toprisesafety.com\/fr\/wp-json\/wp\/v2\/types\/product"}],"wp:featuredmedia":[{"embeddable":true,"href":"https:\/\/toprisesafety.com\/fr\/wp-json\/wp\/v2\/media\/11342"}],"wp:attachment":[{"href":"https:\/\/toprisesafety.com\/fr\/wp-json\/wp\/v2\/media?parent=11340"}],"wp:term":[{"taxonomy":"product_brand","embeddable":true,"href":"https:\/\/toprisesafety.com\/fr\/wp-json\/wp\/v2\/product_brand?post=11340"},{"taxonomy":"product_cat","embeddable":true,"href":"https:\/\/toprisesafety.com\/fr\/wp-json\/wp\/v2\/product_cat?post=11340"},{"taxonomy":"product_tag","embeddable":true,"href":"https:\/\/toprisesafety.com\/fr\/wp-json\/wp\/v2\/product_tag?post=11340"}],"curies":[{"name":"wp","href":"https:\/\/api.w.org\/{rel}","templated":true}]}}