{"id":11325,"date":"2025-03-13T06:22:14","date_gmt":"2025-03-13T06:22:14","guid":{"rendered":"https:\/\/toprisesafety.com\/?post_type=product&#038;p=11325"},"modified":"2025-03-24T08:01:31","modified_gmt":"2025-03-24T08:01:31","slug":"reflective-bib-overalls","status":"publish","type":"product","link":"https:\/\/toprisesafety.com\/fr\/produit\/reflective-bib-overalls\/","title":{"rendered":"Salopette \u00e0 bretelles r\u00e9fl\u00e9chissante"},"content":{"rendered":"<h2>Salopette \u00e0 bretelles r\u00e9fl\u00e9chissante<\/h2>\n<table style=\"height: 842px;\" width=\"1245\">\n<tbody>\n<tr>\n<td colspan=\"2\" width=\"748\"><strong><b>S\u00e9rie de tissus<\/b><\/strong><\/td>\n<\/tr>\n<tr>\n<td width=\"105\">Composition du tissu<\/td>\n<td width=\"643\">100%coton, 150g\/170g\/200g\/240g\/260g\/280g\/310g\/330g\/360g\/400g\/420g au choix<\/td>\n<\/tr>\n<tr>\n<td width=\"105\"><\/td>\n<td width=\"643\">100%coton, 150g\/170g\/200g\/240g\/260g\/280g\/310g\/330g\/360g\/400g\/420g au choix<\/td>\n<\/tr>\n<tr>\n<td width=\"105\"><\/td>\n<td width=\"643\">Tissu polyester\/coton (80\/20 ou 65\/35 ou 90\/10), 150g\/170g\/200g\/240g\/260g\/280g\/310g\/330g\/360g\/400g\/420g au choix.<\/td>\n<\/tr>\n<tr>\n<td width=\"105\"><\/td>\n<td width=\"643\">Aramid fiber,120g\/150g\/180g\/210g\/260g\/300g<\/td>\n<\/tr>\n<tr>\n<td width=\"105\">Diff\u00e9rentes couleurs au choix<\/td>\n<td width=\"643\"><img fetchpriority=\"high\" decoding=\"async\" class=\"alignnone wp-image-11245\" src=\"https:\/\/toprisesafety.com\/wp-content\/uploads\/2025\/03\/COLORS-1-300x26.png\" alt=\"\" width=\"773\" height=\"67\" srcset=\"https:\/\/toprisesafety.com\/wp-content\/uploads\/2025\/03\/COLORS-1-300x26.png 300w, https:\/\/toprisesafety.com\/wp-content\/uploads\/2025\/03\/COLORS-1-768x66.png 768w, https:\/\/toprisesafety.com\/wp-content\/uploads\/2025\/03\/COLORS-1-600x52.png 600w, https:\/\/toprisesafety.com\/wp-content\/uploads\/2025\/03\/COLORS-1.png 931w\" sizes=\"(max-width: 773px) 100vw, 773px\" \/><\/td>\n<\/tr>\n<tr>\n<td colspan=\"2\" width=\"748\"><strong><b>S\u00e9rie v\u00eatements de travail<\/b><\/strong><\/td>\n<\/tr>\n<tr>\n<td width=\"105\">S\u00e9rie principale<\/td>\n<td width=\"643\">V\u00eatements ignifuges, v\u00eatements antistatiques, v\u00eatements de soudeur, v\u00eatements anti-feu, v\u00eatements d'urgence, v\u00eatements de protection contre les acides et les alcalis et v\u00eatements multifonctionnels. Personnalisation de l'assistance.<\/td>\n<\/tr>\n<tr>\n<td width=\"105\">Principales fonctions<\/td>\n<td width=\"643\">Retardateur de flammes, antistatique, anti-huile, anti-acide, anti-alcalin, anti-moustique, anti-UV<\/td>\n<\/tr>\n<tr>\n<td width=\"105\">Domaines d'application<\/td>\n<td width=\"643\">Pr\u00e9vention des incendies de for\u00eat, industrie p\u00e9trochimique, gaz naturel, r\u00e9paration automobile, \u00e9nergie \u00e9lectrique, exploitation mini\u00e8re, soudage et autres industries<\/td>\n<\/tr>\n<tr>\n<td width=\"105\">March\u00e9 d'exportation<\/td>\n<td width=\"643\">Europe, Am\u00e9rique du Nord, Afrique, Afrique du Sud, Am\u00e9rique du Sud<\/td>\n<\/tr>\n<\/tbody>\n<\/table>\n<p>TOPRISE prend en charge diff\u00e9rents styles de personnalisation des v\u00eatements de travail.<a href=\"https:\/\/toprisesafety.com\/fr\/categorie-produit\/personal-protective-equipment\/work-wear\/\"> voir d'autres styles de v\u00eatements de travail.<\/a><\/p>\n<p>NINGBO TOPRISE permet la personnalisation de diff\u00e9rents tissus et styles. Il permet \u00e9galement la personnalisation de petits lots pour r\u00e9pondre aux besoins de diff\u00e9rents clients.\u00a0<a href=\"https:\/\/toprisesafety.com\/fr\/contact-us\/\">N'h\u00e9sitez pas \u00e0 nous contacter pour toute personnalisation<\/a>.<\/p>","protected":false},"excerpt":{"rendered":"<p>Art No. WB02<\/p>\n<p>Mati\u00e8re : 100%Coton, T\/C 80\/20, T\/C 65\/35, 100%Polyester, fibre aramide<\/p>\n<p>Poids : 120-420G\/SQM ou personnalis\u00e9<\/p>\n<p>Couleur : diff\u00e9rentes couleurs au choix.<\/p>\n<p>Taille : S-XXXL ( Personnalisation possible\uff09)<\/p>\n<p>MOQ : 500-1000 PCS.<\/p>","protected":false},"featured_media":11328,"template":"","meta":{"_acf_changed":false},"product_brand":[],"product_cat":[330],"product_tag":[],"class_list":{"0":"post-11325","1":"product","2":"type-product","3":"status-publish","4":"has-post-thumbnail","6":"product_cat-work-wear","8":"first","9":"instock","10":"shipping-taxable","11":"product-type-simple"},"acf":[],"_links":{"self":[{"href":"https:\/\/toprisesafety.com\/fr\/wp-json\/wp\/v2\/product\/11325"}],"collection":[{"href":"https:\/\/toprisesafety.com\/fr\/wp-json\/wp\/v2\/product"}],"about":[{"href":"https:\/\/toprisesafety.com\/fr\/wp-json\/wp\/v2\/types\/product"}],"wp:featuredmedia":[{"embeddable":true,"href":"https:\/\/toprisesafety.com\/fr\/wp-json\/wp\/v2\/media\/11328"}],"wp:attachment":[{"href":"https:\/\/toprisesafety.com\/fr\/wp-json\/wp\/v2\/media?parent=11325"}],"wp:term":[{"taxonomy":"product_brand","embeddable":true,"href":"https:\/\/toprisesafety.com\/fr\/wp-json\/wp\/v2\/product_brand?post=11325"},{"taxonomy":"product_cat","embeddable":true,"href":"https:\/\/toprisesafety.com\/fr\/wp-json\/wp\/v2\/product_cat?post=11325"},{"taxonomy":"product_tag","embeddable":true,"href":"https:\/\/toprisesafety.com\/fr\/wp-json\/wp\/v2\/product_tag?post=11325"}],"curies":[{"name":"wp","href":"https:\/\/api.w.org\/{rel}","templated":true}]}}